{"id":190,"date":"2022-02-03T18:38:23","date_gmt":"2022-02-03T18:38:23","guid":{"rendered":"https:\/\/burger.ochner.eu\/impressum\/"},"modified":"2023-04-03T15:05:03","modified_gmt":"2023-04-03T13:05:03","slug":"impronta","status":"publish","type":"page","link":"https:\/\/burgersanitaer.com\/it\/impronta\/","title":{"rendered":"Impronta"},"content":{"rendered":"<section class=\"text-block  \">\n  <div class=\"container container-11\">\n    <div class=\"col\">\n      <h1 class=\"text-block--title\">\n        Impronta      <\/h1>\n    <\/div>\n    <div class=\"col text-block--content\">\n              <div class=\"text-block--content-excerpt\">\n          <p><strong>Credits<\/p>\n<p>Burger Thermo Sanit\u00e4r<\/strong><\/p>\n<p>Via Principale 3<br \/>\nI-39035 Monguelfo-Tesido<br \/>\n<a href=\"tel:+390474944095\">+39 0474 944 095<\/a><br \/>\n<a href=\"mailto:info@burgersanitaer.com\"><em>info@burgersanitaer.com<\/em><\/a><\/p>\n<p><span class=\"Y2IQFc\" lang=\"it\">Part.IVA\/c&#8230;\n          <br \/>\n          <br \/>\n          <a class=\"btn btn-arrow-down \">Scopri di pi\u00fa<\/a>\n        <\/div>\n            <div class=\"text-block--content-all\">\n        <p><strong>Credits<\/p>\n<p>Burger Thermo Sanit\u00e4r<\/strong><\/p>\n<p>Via Principale 3<br \/>\nI-39035 Monguelfo-Tesido<br \/>\n<a href=\"tel:+390474944095\">+39 0474 944 095<\/a><br \/>\n<a href=\"mailto:info@burgersanitaer.com\"><em>info@burgersanitaer.com<\/em><\/a><\/p>\n<p><span class=\"Y2IQFc\" lang=\"it\">Part.IVA\/codice fiscale\/registro delle imprese n.<\/span>: 02611870219<br \/>\nCodice destinatario: XS9WT43<\/p>\n<p><strong>\u00a0<\/strong><\/p>\n<p><strong>Concezione &amp; Design<\/strong><br \/>\nRotwild GmbH<br \/>\nVia Julius-Durst 20\/A<br \/>\nI- 39042 Bressanone (BZ)<br \/>\nTelefono:\u00a0<a href=\"tel:+390472612512\"><em>+39 0472 612 512<\/em><\/a><br \/>\nWeb:\u00a0<a href=\"http:\/\/www.rotwild.it\/\"><em>www.rotwild.it<\/em><\/a><br \/>\nEmail:\u00a0<a href=\"mailto:info@rotwild.it\"><em>info@rotwild.it<\/em><\/a><\/p>\n<p><strong>\u00a0<\/strong><\/p>\n<p><strong>Crediti d&#8217;immagine<\/strong><\/p>\n<p><a href=\"https:\/\/www.halslhuette.it\/it\/www.rotwild.it\"><em>rotwild.it<\/em><\/a><br \/>\nBurger Sanit\u00e4r<\/p>\n<p>&nbsp;<\/p>\n<p><strong>Programmazione<\/strong><br \/>\nFreddy Ochner<br \/>\n<a href=\"http:\/\/www.ochner.it\">www.ochner.it<\/a><\/p>\n<p>+39 334 83 99 066<\/p>\n<p>&nbsp;<\/p>\n<h2>Link disclaimer<\/h2>\n<p>Burger Sanit\u00e4r \u00e8 impegnata a provvedere alla correttezza delle informazioni contenute nel presente sito web. Comunque non si garantisce per l\u2019attualit\u00e0, correttezza e completezza delle informazioni rese a disposizione. Inoltre, Burger Sanit\u00e4r non \u00e8 responsabile del contenuto dei siti esterni connessi tramite hyperlink. Burger Sanit\u00e4r si riserva il diritto di cambiare o completare le informazioni rese a disposizione senza preavviso.<\/p>\n<h2>Risoluzione delle controversie online<\/h2>\n<p>Risoluzione delle controversie online secondo il regolamento UE n. 524\/2013: la commissione europea mette a disposizione una piattaforma per la risoluzione delle controversie online che si trova al seguente link:\u00a0<a href=\"https:\/\/ec.europa.eu\/CONSUMERS\/ODR\/\">https:\/\/ec.europa.eu\/CONSUMERS\/ODR\/<\/a>. I Consumatori possono sfruttare la piattaforma per risolvere le controversie concernenti obbligazioni contrattuali derivanti da contratti di vendita o di servizi online.<\/p>\n<h2>Titolare del trattamento dei dati personali<\/h2>\n<p>Titolare del trattamento dei dati personali derivante dall\u2019accesso e utilizzo del sito \u00e8 Burger Sanit\u00e4r, con sede a Via Principale 3, 39035 Monguelfo-Tesido \u2013 Italia. Il garante della privacy \u00e8 Burger Sanit\u00e4r. Al fine di conoscere in modo dettagliato le modalit\u00e0 di gestione del sito relativamente al trattamento dei dati degli utenti che lo consultano si rimanda alla pagina privacy policy.<\/p>\n<h2>Copyright \u2013 Condizioni di utilizzo del materiale pubblicato<\/h2>\n<p>I diritti d\u2019autore dei contenuti del sito web Burger Sanit\u00e4r sono protetti. Tutti gli elementi dell\u2019interfaccia grafica e le immagini che non siano gi\u00e0 protette dal diritto d\u2019autore \u2013 sono di propriet\u00e0 e copyright di Burger Sanit\u00e4r. La riproduzione di informazioni, soprattutto l\u2019utilizzo di testi, segmenti testuali o materiale grafico abbisogna della previa autorizzazione di Burger Sanit\u00e4r.<\/p>\n      <\/div>\n    <\/div>\n  <\/div>\n<\/section>\n","protected":false},"excerpt":{"rendered":"","protected":false},"author":1,"featured_media":0,"parent":0,"menu_order":0,"comment_status":"closed","ping_status":"closed","template":"","meta":{"_acf_changed":false,"footnotes":""},"class_list":["post-190","page","type-page","status-publish","hentry"],"acf":[],"yoast_head":"<!-- This site is optimized with the Yoast SEO plugin v27.4 - https:\/\/yoast.com\/product\/yoast-seo-wordpress\/ -->\n<title>Riscaldamento, bagno e domotica Burger in Val Pusteria| Colofone<\/title>\n<meta name=\"description\" content=\"Qui trovate il colofone di Burger Idraulici e Installatori in Val Pusteria, Alto Adige\" \/>\n<meta name=\"robots\" content=\"index, follow, max-snippet:-1, max-image-preview:large, max-video-preview:-1\" \/>\n<link rel=\"canonical\" href=\"https:\/\/burgersanitaer.com\/it\/impronta\/\" \/>\n<meta property=\"og:locale\" content=\"it_IT\" \/>\n<meta property=\"og:type\" content=\"article\" \/>\n<meta property=\"og:title\" content=\"Riscaldamento, bagno e domotica Burger in Val Pusteria| Colofone\" \/>\n<meta property=\"og:description\" content=\"Qui trovate il colofone di Burger Idraulici e Installatori in Val Pusteria, Alto Adige\" \/>\n<meta property=\"og:url\" content=\"https:\/\/burgersanitaer.com\/it\/impronta\/\" \/>\n<meta property=\"og:site_name\" content=\"Burger Sanit\u00e4r\" \/>\n<meta property=\"article:modified_time\" content=\"2023-04-03T13:05:03+00:00\" \/>\n<meta name=\"twitter:card\" content=\"summary_large_image\" \/>\n<script type=\"application\/ld+json\" class=\"yoast-schema-graph\">{\"@context\":\"https:\\\/\\\/schema.org\",\"@graph\":[{\"@type\":\"WebPage\",\"@id\":\"https:\\\/\\\/burgersanitaer.com\\\/it\\\/impronta\\\/\",\"url\":\"https:\\\/\\\/burgersanitaer.com\\\/it\\\/impronta\\\/\",\"name\":\"Riscaldamento, bagno e domotica Burger in Val Pusteria| Colofone\",\"isPartOf\":{\"@id\":\"https:\\\/\\\/burgersanitaer.com\\\/it\\\/#website\"},\"datePublished\":\"2022-02-03T18:38:23+00:00\",\"dateModified\":\"2023-04-03T13:05:03+00:00\",\"description\":\"Qui trovate il colofone di Burger Idraulici e Installatori in Val Pusteria, Alto Adige\",\"breadcrumb\":{\"@id\":\"https:\\\/\\\/burgersanitaer.com\\\/it\\\/impronta\\\/#breadcrumb\"},\"inLanguage\":\"it-IT\",\"potentialAction\":[{\"@type\":\"ReadAction\",\"target\":[\"https:\\\/\\\/burgersanitaer.com\\\/it\\\/impronta\\\/\"]}]},{\"@type\":\"BreadcrumbList\",\"@id\":\"https:\\\/\\\/burgersanitaer.com\\\/it\\\/impronta\\\/#breadcrumb\",\"itemListElement\":[{\"@type\":\"ListItem\",\"position\":1,\"name\":\"Startseite\",\"item\":\"https:\\\/\\\/burgersanitaer.com\\\/it\\\/\"},{\"@type\":\"ListItem\",\"position\":2,\"name\":\"Impronta\"}]},{\"@type\":\"WebSite\",\"@id\":\"https:\\\/\\\/burgersanitaer.com\\\/it\\\/#website\",\"url\":\"https:\\\/\\\/burgersanitaer.com\\\/it\\\/\",\"name\":\"Burger Sanit\u00e4r\",\"description\":\"\",\"potentialAction\":[{\"@type\":\"SearchAction\",\"target\":{\"@type\":\"EntryPoint\",\"urlTemplate\":\"https:\\\/\\\/burgersanitaer.com\\\/it\\\/?s={search_term_string}\"},\"query-input\":{\"@type\":\"PropertyValueSpecification\",\"valueRequired\":true,\"valueName\":\"search_term_string\"}}],\"inLanguage\":\"it-IT\"}]}<\/script>\n<!-- \/ Yoast SEO plugin. -->","yoast_head_json":{"title":"Riscaldamento, bagno e domotica Burger in Val Pusteria| Colofone","description":"Qui trovate il colofone di Burger Idraulici e Installatori in Val Pusteria, Alto Adige","robots":{"index":"index","follow":"follow","max-snippet":"max-snippet:-1","max-image-preview":"max-image-preview:large","max-video-preview":"max-video-preview:-1"},"canonical":"https:\/\/burgersanitaer.com\/it\/impronta\/","og_locale":"it_IT","og_type":"article","og_title":"Riscaldamento, bagno e domotica Burger in Val Pusteria| Colofone","og_description":"Qui trovate il colofone di Burger Idraulici e Installatori in Val Pusteria, Alto Adige","og_url":"https:\/\/burgersanitaer.com\/it\/impronta\/","og_site_name":"Burger Sanit\u00e4r","article_modified_time":"2023-04-03T13:05:03+00:00","twitter_card":"summary_large_image","schema":{"@context":"https:\/\/schema.org","@graph":[{"@type":"WebPage","@id":"https:\/\/burgersanitaer.com\/it\/impronta\/","url":"https:\/\/burgersanitaer.com\/it\/impronta\/","name":"Riscaldamento, bagno e domotica Burger in Val Pusteria| Colofone","isPartOf":{"@id":"https:\/\/burgersanitaer.com\/it\/#website"},"datePublished":"2022-02-03T18:38:23+00:00","dateModified":"2023-04-03T13:05:03+00:00","description":"Qui trovate il colofone di Burger Idraulici e Installatori in Val Pusteria, Alto Adige","breadcrumb":{"@id":"https:\/\/burgersanitaer.com\/it\/impronta\/#breadcrumb"},"inLanguage":"it-IT","potentialAction":[{"@type":"ReadAction","target":["https:\/\/burgersanitaer.com\/it\/impronta\/"]}]},{"@type":"BreadcrumbList","@id":"https:\/\/burgersanitaer.com\/it\/impronta\/#breadcrumb","itemListElement":[{"@type":"ListItem","position":1,"name":"Startseite","item":"https:\/\/burgersanitaer.com\/it\/"},{"@type":"ListItem","position":2,"name":"Impronta"}]},{"@type":"WebSite","@id":"https:\/\/burgersanitaer.com\/it\/#website","url":"https:\/\/burgersanitaer.com\/it\/","name":"Burger Sanit\u00e4r","description":"","potentialAction":[{"@type":"SearchAction","target":{"@type":"EntryPoint","urlTemplate":"https:\/\/burgersanitaer.com\/it\/?s={search_term_string}"},"query-input":{"@type":"PropertyValueSpecification","valueRequired":true,"valueName":"search_term_string"}}],"inLanguage":"it-IT"}]}},"_links":{"self":[{"href":"https:\/\/burgersanitaer.com\/it\/wp-json\/wp\/v2\/pages\/190","targetHints":{"allow":["GET"]}}],"collection":[{"href":"https:\/\/burgersanitaer.com\/it\/wp-json\/wp\/v2\/pages"}],"about":[{"href":"https:\/\/burgersanitaer.com\/it\/wp-json\/wp\/v2\/types\/page"}],"author":[{"embeddable":true,"href":"https:\/\/burgersanitaer.com\/it\/wp-json\/wp\/v2\/users\/1"}],"replies":[{"embeddable":true,"href":"https:\/\/burgersanitaer.com\/it\/wp-json\/wp\/v2\/comments?post=190"}],"version-history":[{"count":7,"href":"https:\/\/burgersanitaer.com\/it\/wp-json\/wp\/v2\/pages\/190\/revisions"}],"predecessor-version":[{"id":2258,"href":"https:\/\/burgersanitaer.com\/it\/wp-json\/wp\/v2\/pages\/190\/revisions\/2258"}],"wp:attachment":[{"href":"https:\/\/burgersanitaer.com\/it\/wp-json\/wp\/v2\/media?parent=190"}],"curies":[{"name":"wp","href":"https:\/\/api.w.org\/{rel}","templated":true}]}}