{"id":1895,"date":"2022-10-04T09:13:49","date_gmt":"2022-10-04T07:13:49","guid":{"rendered":"https:\/\/burgersanitaer.com\/?page_id=1895"},"modified":"2022-10-04T09:13:50","modified_gmt":"2022-10-04T07:13:50","slug":"teleriscaldamento","status":"publish","type":"page","link":"https:\/\/burgersanitaer.com\/it\/energie-sostenibili-e-rinnovabili\/teleriscaldamento\/","title":{"rendered":"TELERISCALDAMENTO"},"content":{"rendered":"<section class=\"header-block \">\n  <div class=\"container container-21\">\n    <div class=\"col header-block--col-big\">\n      <div class=\"header-block--image\">\n          <div class=\"bg-media\">\n            <img class=\"fo-resp-img \" data-srcset='[{\"src\":\"https:\\\/\\\/burgersanitaer.com\\\/wp-content\\\/uploads\\\/2022\\\/08\\\/burger_sanitaer_nachhaltig_fernwaerme_1-1920x1080.jpg\",\"width\":1920,\"height\":1080},{\"src\":\"https:\\\/\\\/burgersanitaer.com\\\/wp-content\\\/uploads\\\/2022\\\/08\\\/burger_sanitaer_nachhaltig_fernwaerme_1-1240x698.jpg\",\"width\":1240,\"height\":698}]'\n    height=\"1080\" width=\"1920\"       alt=\"\" loading=\"lazy\">\n            <\/div>\n        <\/div>\n    <\/div>\n    <div class=\"col header-block--col-small\">\n      <div class=\"header-block--image\">\n          <img class=\"fo-resp-img \" data-srcset='[{\"src\":\"https:\\\/\\\/burgersanitaer.com\\\/wp-content\\\/uploads\\\/2022\\\/08\\\/burger_sanitaer_nachhaltig_fernwaerme-1920x1080.jpg\",\"width\":1920,\"height\":1080},{\"src\":\"https:\\\/\\\/burgersanitaer.com\\\/wp-content\\\/uploads\\\/2022\\\/08\\\/burger_sanitaer_nachhaltig_fernwaerme-1240x698.jpg\",\"width\":1240,\"height\":698}]'\n    height=\"1080\" width=\"1920\"       alt=\"\" loading=\"lazy\">\n        <\/div>\n    <\/div>\n    <div class=\"col header-block--header\">\n      <h1 class=\"header-block--header-title\">TELERISCALDAMENTO<\/h1>\n      <h2 class=\"header-block--header-subtitle\">Sottostazioni di teleriscaldamento dai professionisti del riscaldamento<\/h2>\n    <\/div>\n  <\/div>\n<\/section>\n\n\n<section class=\"text-block  \">\n  <div class=\"container container-11\">\n    <div class=\"col\">\n      <h1 class=\"text-block--title\">\n        Il teleriscaldamento funziona come una sorta di sistema      <\/h1>\n    <\/div>\n    <div class=\"col text-block--content\">\n              <div class=\"text-block--content-excerpt\">\n          <p>Fernw\u00e4rme funktioniert wie eine \u00fcberdimensionale Zentralheizung: Anstatt einzelnen R\u00e4umen und Wohnungen werden ganze Geb\u00e4ude und St\u00e4dte zentral mit Energie versorgt. Ob Sie einen Neubau oder Umbau planen: Wir beraten Sie gerne zum Thema Fernw\u00e4rme und planen f\u00fcr Sie eine rundum sorglose und&#8230;\n          <br \/>\n          <br \/>\n          <a class=\"btn btn-arrow-down \">Scopri di pi\u00fa<\/a>\n        <\/div>\n            <div class=\"text-block--content-all\">\n        <p>Fernw\u00e4rme funktioniert wie eine \u00fcberdimensionale Zentralheizung: Anstatt einzelnen R\u00e4umen und Wohnungen werden ganze Geb\u00e4ude und St\u00e4dte zentral mit Energie versorgt. Ob Sie einen Neubau oder Umbau planen: Wir beraten Sie gerne zum Thema Fernw\u00e4rme und planen f\u00fcr Sie eine rundum sorglose und ganzj\u00e4hrige W\u00e4rmeversorgung.<\/p>\n<p>&nbsp;<\/p>\n<p><strong>I vantaggi del teleriscaldamento parlano da soli:<\/strong><\/p>\n<p>&#8211; creazione di valore locale<br \/>\n&#8211; sfruttamento di fonti locali<br \/>\n&#8211; manutenzione minima<br \/>\n&#8211; recupero di spazio (la stazione domestica con scambiatore di calore necessita di molto meno spazio)<br \/>\n&#8211; stabilit\u00e0 dei prezzi<br \/>\n&#8211; ottimo bilancio di CO2<br \/>\n&#8211; possibilit\u00e0 di beneficiare di agevolazioni<\/p>\n      <\/div>\n    <\/div>\n  <\/div>\n<\/section>\n","protected":false},"excerpt":{"rendered":"","protected":false},"author":6,"featured_media":0,"parent":1867,"menu_order":5,"comment_status":"closed","ping_status":"closed","template":"","meta":{"_acf_changed":false,"footnotes":""},"class_list":["post-1895","page","type-page","status-publish","hentry"],"acf":[],"yoast_head":"<!-- This site is optimized with the Yoast SEO plugin v27.5 - https:\/\/yoast.com\/product\/yoast-seo-wordpress\/ -->\n<title>BURGER Sanitari \u2013 Sottostazioni di teleriscaldamento<\/title>\n<meta name=\"description\" content=\"Il teleriscaldamento non solo consente di risparmiare spazio ed \u00e8 quasi esente da manutenzione, ma vanta anche ulteriori vantaggi, quali la creazione di valore locale, la possibilit\u00e0 di beneficiare di agevolazioni e l\u2019utilizzo di fonti autoctone. Non esitate a contattarci!\" \/>\n<meta name=\"robots\" content=\"index, follow, max-snippet:-1, max-image-preview:large, max-video-preview:-1\" \/>\n<link rel=\"canonical\" href=\"https:\/\/burgersanitaer.com\/it\/energie-sostenibili-e-rinnovabili\/teleriscaldamento\/\" \/>\n<meta property=\"og:locale\" content=\"it_IT\" \/>\n<meta property=\"og:type\" content=\"article\" \/>\n<meta property=\"og:title\" content=\"BURGER Sanitari \u2013 Sottostazioni di teleriscaldamento\" \/>\n<meta property=\"og:description\" content=\"Il teleriscaldamento non solo consente di risparmiare spazio ed \u00e8 quasi esente da manutenzione, ma vanta anche ulteriori vantaggi, quali la creazione di valore locale, la possibilit\u00e0 di beneficiare di agevolazioni e l\u2019utilizzo di fonti autoctone. Non esitate a contattarci!\" \/>\n<meta property=\"og:url\" content=\"https:\/\/burgersanitaer.com\/it\/energie-sostenibili-e-rinnovabili\/teleriscaldamento\/\" \/>\n<meta property=\"og:site_name\" content=\"Burger Sanit\u00e4r\" \/>\n<meta property=\"article:modified_time\" content=\"2022-10-04T07:13:50+00:00\" \/>\n<meta name=\"twitter:card\" content=\"summary_large_image\" \/>\n<script type=\"application\/ld+json\" class=\"yoast-schema-graph\">{\"@context\":\"https:\\\/\\\/schema.org\",\"@graph\":[{\"@type\":\"WebPage\",\"@id\":\"https:\\\/\\\/burgersanitaer.com\\\/it\\\/energie-sostenibili-e-rinnovabili\\\/teleriscaldamento\\\/\",\"url\":\"https:\\\/\\\/burgersanitaer.com\\\/it\\\/energie-sostenibili-e-rinnovabili\\\/teleriscaldamento\\\/\",\"name\":\"BURGER Sanitari \u2013 Sottostazioni di teleriscaldamento\",\"isPartOf\":{\"@id\":\"https:\\\/\\\/burgersanitaer.com\\\/it\\\/#website\"},\"datePublished\":\"2022-10-04T07:13:49+00:00\",\"dateModified\":\"2022-10-04T07:13:50+00:00\",\"description\":\"Il teleriscaldamento non solo consente di risparmiare spazio ed \u00e8 quasi esente da manutenzione, ma vanta anche ulteriori vantaggi, quali la creazione di valore locale, la possibilit\u00e0 di beneficiare di agevolazioni e l\u2019utilizzo di fonti autoctone. Non esitate a contattarci!\",\"breadcrumb\":{\"@id\":\"https:\\\/\\\/burgersanitaer.com\\\/it\\\/energie-sostenibili-e-rinnovabili\\\/teleriscaldamento\\\/#breadcrumb\"},\"inLanguage\":\"it-IT\",\"potentialAction\":[{\"@type\":\"ReadAction\",\"target\":[\"https:\\\/\\\/burgersanitaer.com\\\/it\\\/energie-sostenibili-e-rinnovabili\\\/teleriscaldamento\\\/\"]}]},{\"@type\":\"BreadcrumbList\",\"@id\":\"https:\\\/\\\/burgersanitaer.com\\\/it\\\/energie-sostenibili-e-rinnovabili\\\/teleriscaldamento\\\/#breadcrumb\",\"itemListElement\":[{\"@type\":\"ListItem\",\"position\":1,\"name\":\"Startseite\",\"item\":\"https:\\\/\\\/burgersanitaer.com\\\/it\\\/\"},{\"@type\":\"ListItem\",\"position\":2,\"name\":\"ENERGIE SOSTENIBILI E RINNOVABILI\",\"item\":\"https:\\\/\\\/burgersanitaer.com\\\/it\\\/energie-sostenibili-e-rinnovabili\\\/\"},{\"@type\":\"ListItem\",\"position\":3,\"name\":\"TELERISCALDAMENTO\"}]},{\"@type\":\"WebSite\",\"@id\":\"https:\\\/\\\/burgersanitaer.com\\\/it\\\/#website\",\"url\":\"https:\\\/\\\/burgersanitaer.com\\\/it\\\/\",\"name\":\"Burger Sanit\u00e4r\",\"description\":\"\",\"potentialAction\":[{\"@type\":\"SearchAction\",\"target\":{\"@type\":\"EntryPoint\",\"urlTemplate\":\"https:\\\/\\\/burgersanitaer.com\\\/it\\\/?s={search_term_string}\"},\"query-input\":{\"@type\":\"PropertyValueSpecification\",\"valueRequired\":true,\"valueName\":\"search_term_string\"}}],\"inLanguage\":\"it-IT\"}]}<\/script>\n<!-- \/ Yoast SEO plugin. -->","yoast_head_json":{"title":"BURGER Sanitari \u2013 Sottostazioni di teleriscaldamento","description":"Il teleriscaldamento non solo consente di risparmiare spazio ed \u00e8 quasi esente da manutenzione, ma vanta anche ulteriori vantaggi, quali la creazione di valore locale, la possibilit\u00e0 di beneficiare di agevolazioni e l\u2019utilizzo di fonti autoctone. Non esitate a contattarci!","robots":{"index":"index","follow":"follow","max-snippet":"max-snippet:-1","max-image-preview":"max-image-preview:large","max-video-preview":"max-video-preview:-1"},"canonical":"https:\/\/burgersanitaer.com\/it\/energie-sostenibili-e-rinnovabili\/teleriscaldamento\/","og_locale":"it_IT","og_type":"article","og_title":"BURGER Sanitari \u2013 Sottostazioni di teleriscaldamento","og_description":"Il teleriscaldamento non solo consente di risparmiare spazio ed \u00e8 quasi esente da manutenzione, ma vanta anche ulteriori vantaggi, quali la creazione di valore locale, la possibilit\u00e0 di beneficiare di agevolazioni e l\u2019utilizzo di fonti autoctone. Non esitate a contattarci!","og_url":"https:\/\/burgersanitaer.com\/it\/energie-sostenibili-e-rinnovabili\/teleriscaldamento\/","og_site_name":"Burger Sanit\u00e4r","article_modified_time":"2022-10-04T07:13:50+00:00","twitter_card":"summary_large_image","schema":{"@context":"https:\/\/schema.org","@graph":[{"@type":"WebPage","@id":"https:\/\/burgersanitaer.com\/it\/energie-sostenibili-e-rinnovabili\/teleriscaldamento\/","url":"https:\/\/burgersanitaer.com\/it\/energie-sostenibili-e-rinnovabili\/teleriscaldamento\/","name":"BURGER Sanitari \u2013 Sottostazioni di teleriscaldamento","isPartOf":{"@id":"https:\/\/burgersanitaer.com\/it\/#website"},"datePublished":"2022-10-04T07:13:49+00:00","dateModified":"2022-10-04T07:13:50+00:00","description":"Il teleriscaldamento non solo consente di risparmiare spazio ed \u00e8 quasi esente da manutenzione, ma vanta anche ulteriori vantaggi, quali la creazione di valore locale, la possibilit\u00e0 di beneficiare di agevolazioni e l\u2019utilizzo di fonti autoctone. Non esitate a contattarci!","breadcrumb":{"@id":"https:\/\/burgersanitaer.com\/it\/energie-sostenibili-e-rinnovabili\/teleriscaldamento\/#breadcrumb"},"inLanguage":"it-IT","potentialAction":[{"@type":"ReadAction","target":["https:\/\/burgersanitaer.com\/it\/energie-sostenibili-e-rinnovabili\/teleriscaldamento\/"]}]},{"@type":"BreadcrumbList","@id":"https:\/\/burgersanitaer.com\/it\/energie-sostenibili-e-rinnovabili\/teleriscaldamento\/#breadcrumb","itemListElement":[{"@type":"ListItem","position":1,"name":"Startseite","item":"https:\/\/burgersanitaer.com\/it\/"},{"@type":"ListItem","position":2,"name":"ENERGIE SOSTENIBILI E RINNOVABILI","item":"https:\/\/burgersanitaer.com\/it\/energie-sostenibili-e-rinnovabili\/"},{"@type":"ListItem","position":3,"name":"TELERISCALDAMENTO"}]},{"@type":"WebSite","@id":"https:\/\/burgersanitaer.com\/it\/#website","url":"https:\/\/burgersanitaer.com\/it\/","name":"Burger Sanit\u00e4r","description":"","potentialAction":[{"@type":"SearchAction","target":{"@type":"EntryPoint","urlTemplate":"https:\/\/burgersanitaer.com\/it\/?s={search_term_string}"},"query-input":{"@type":"PropertyValueSpecification","valueRequired":true,"valueName":"search_term_string"}}],"inLanguage":"it-IT"}]}},"_links":{"self":[{"href":"https:\/\/burgersanitaer.com\/it\/wp-json\/wp\/v2\/pages\/1895","targetHints":{"allow":["GET"]}}],"collection":[{"href":"https:\/\/burgersanitaer.com\/it\/wp-json\/wp\/v2\/pages"}],"about":[{"href":"https:\/\/burgersanitaer.com\/it\/wp-json\/wp\/v2\/types\/page"}],"author":[{"embeddable":true,"href":"https:\/\/burgersanitaer.com\/it\/wp-json\/wp\/v2\/users\/6"}],"replies":[{"embeddable":true,"href":"https:\/\/burgersanitaer.com\/it\/wp-json\/wp\/v2\/comments?post=1895"}],"version-history":[{"count":2,"href":"https:\/\/burgersanitaer.com\/it\/wp-json\/wp\/v2\/pages\/1895\/revisions"}],"predecessor-version":[{"id":1897,"href":"https:\/\/burgersanitaer.com\/it\/wp-json\/wp\/v2\/pages\/1895\/revisions\/1897"}],"up":[{"embeddable":true,"href":"https:\/\/burgersanitaer.com\/it\/wp-json\/wp\/v2\/pages\/1867"}],"wp:attachment":[{"href":"https:\/\/burgersanitaer.com\/it\/wp-json\/wp\/v2\/media?parent=1895"}],"curies":[{"name":"wp","href":"https:\/\/api.w.org\/{rel}","templated":true}]}}