{"id":1815,"date":"2022-10-04T08:11:35","date_gmt":"2022-10-04T06:11:35","guid":{"rendered":"https:\/\/burgersanitaer.com\/?page_id=1815"},"modified":"2022-10-04T08:38:34","modified_gmt":"2022-10-04T06:38:34","slug":"i-nostri-valori","status":"publish","type":"page","link":"https:\/\/burgersanitaer.com\/it\/chi-siamo\/i-nostri-valori\/","title":{"rendered":"I NOSTRI VALORI"},"content":{"rendered":"<section class=\"header-block \">\n  <div class=\"container container-21\">\n    <div class=\"col header-block--col-big\">\n      <div class=\"header-block--image\">\n          <div class=\"bg-media\">\n            <img class=\"fo-resp-img \" data-srcset='[{\"src\":\"https:\\\/\\\/burgersanitaer.com\\\/wp-content\\\/uploads\\\/2022\\\/05\\\/burger_sanitaer_ueber_uns_7-1920x1080.jpg\",\"width\":1920,\"height\":1080},{\"src\":\"https:\\\/\\\/burgersanitaer.com\\\/wp-content\\\/uploads\\\/2022\\\/05\\\/burger_sanitaer_ueber_uns_7-1240x698.jpg\",\"width\":1240,\"height\":698}]'\n    height=\"1080\" width=\"1920\"       alt=\"\" loading=\"lazy\">\n            <\/div>\n        <\/div>\n    <\/div>\n    <div class=\"col header-block--col-small\">\n      <div class=\"header-block--image\">\n          <img class=\"fo-resp-img \" data-srcset='[{\"src\":\"https:\\\/\\\/burgersanitaer.com\\\/wp-content\\\/uploads\\\/2022\\\/05\\\/burger-thermo-sanitaer-suedtirol-heizung-showroom-1920x1080.jpg\",\"width\":1920,\"height\":1080},{\"src\":\"https:\\\/\\\/burgersanitaer.com\\\/wp-content\\\/uploads\\\/2022\\\/05\\\/burger-thermo-sanitaer-suedtirol-heizung-showroom-1240x698.jpg\",\"width\":1240,\"height\":698}]'\n    height=\"1080\" width=\"1920\"       alt=\"\" loading=\"lazy\">\n        <\/div>\n    <\/div>\n    <div class=\"col header-block--header\">\n      <h1 class=\"header-block--header-title\">VARIET\u00c0, FLESSIBILIT\u00c0, INDIVIDUALIT\u00c0<\/h1>\n      <h2 class=\"header-block--header-subtitle\">Siamo a vostra disposizione<\/h2>\n    <\/div>\n  <\/div>\n<\/section>\n\n\n<section class=\"text-block  inverted\">\n  <div class=\"container container-11\">\n    <div class=\"col\">\n      <h1 class=\"text-block--title\">\n        UN SOLIDO KNOW-HOW E LO STRAORDINARIO IMPEGNO DI TUTTI I COLLABORATORI!      <\/h1>\n    <\/div>\n    <div class=\"col text-block--content\">\n              <div class=\"text-block--content-excerpt\">\n          <p>Negli ultimi decenni, grazie al nostro elevato livello di professionalit\u00e0 e al ricorso a una domotica innovativa, ci siamo fatti un nome come installatori in Val Pusteria. Non ci tiriamo mai indietro e siamo particolarmente orgogliosi del nostro showroom dedicato ai bagni e alla domotica, in cui&#8230;\n          <br \/>\n          <br \/>\n          <a class=\"btn btn-arrow-down btn-inverted\">Scopri di pi\u00fa<\/a>\n        <\/div>\n            <div class=\"text-block--content-all\">\n        <p>Negli ultimi decenni, grazie al nostro elevato livello di professionalit\u00e0 e al ricorso a una domotica innovativa, ci siamo fatti un nome come installatori in Val Pusteria. Non ci tiriamo mai indietro e siamo particolarmente orgogliosi del nostro showroom dedicato ai bagni e alla domotica, in cui possiamo mostrarvi in modo ottimale le ultime tendenze nell\u2019ambito della tecnologia e del design per il vostro arredobagno personale. In questo modo, ogni cliente torna a casa con una visione e nuove idee \u2026<\/p>\n      <\/div>\n    <\/div>\n  <\/div>\n<\/section>\n\n\n<section class=\"articles-block \">\r\n  <div class=\"container container-11\">\r\n          <article class=\"col articles-block--item\">\r\n        <a class=\"articles-block--item-image\" href=\"https:\/\/burgersanitaer.com\/it\/showroom\/\">\r\n            <img class=\"fo-resp-img \" data-srcset='[{\"src\":\"https:\\\/\\\/burgersanitaer.com\\\/wp-content\\\/uploads\\\/2022\\\/05\\\/burger-thermo-sanitaer-suedtirol-erlichkeit-1920x1080.jpg\",\"width\":1920,\"height\":1080},{\"src\":\"https:\\\/\\\/burgersanitaer.com\\\/wp-content\\\/uploads\\\/2022\\\/05\\\/burger-thermo-sanitaer-suedtirol-erlichkeit-1240x698.jpg\",\"width\":1240,\"height\":698}]'\n    height=\"1080\" width=\"1920\"       alt=\"\" loading=\"lazy\">\n                    <\/a>\r\n        <div class=\"articles-block--item-content container-11\">\r\n          <div class=\"col articles-block--item-description\">\r\n            <p>Teniamo molto ai nostri clienti! Per questo, attribuiamo grande importanza alla qualit\u00e0 e alla sostenibilit\u00e0 dei nostri prodotti e servizi. I nostri esperti vi forniranno la loro consulenza nell\u2019ambito dei sistemi di riscaldamento, degli impianti sanitari e delle installazioni, che si tratti di una nuova costruzione o di una ristrutturazione. Vi aiuteremo a prendere le decisioni giuste, affinch\u00e9 possiate riscaldare il vostro edificio in modo efficace, economico e con lo sguardo rivolto al futuro. Insieme, individuiamo il perfetto sistema di riscaldamento.<\/p>\n          <\/div>\r\n          <div class=\"col articles-block--item-titles\">\r\n            <h3>TRASPARENZA E COMUNICAZIONE<\/h3>\r\n                          <a class=\"btn\" href=\"https:\/\/burgersanitaer.com\/it\/showroom\/\" target=\"\">Showroom<\/a>\r\n                      <\/div>\r\n        <\/div>\r\n      <\/article>\r\n          <article class=\"col articles-block--item\">\r\n        <a class=\"articles-block--item-image\" href=\"https:\/\/burgersanitaer.com\/it\/gamma-di-prodotti\/\">\r\n            <img class=\"fo-resp-img \" data-srcset='[{\"src\":\"https:\\\/\\\/burgersanitaer.com\\\/wp-content\\\/uploads\\\/2022\\\/05\\\/burger-thermo-sanitaer-suedtirol-arbeiter-1920x1080.jpg\",\"width\":1920,\"height\":1080},{\"src\":\"https:\\\/\\\/burgersanitaer.com\\\/wp-content\\\/uploads\\\/2022\\\/05\\\/burger-thermo-sanitaer-suedtirol-arbeiter-1240x698.jpg\",\"width\":1240,\"height\":698}]'\n    height=\"1080\" width=\"1920\"       alt=\"\" loading=\"lazy\">\n                    <\/a>\r\n        <div class=\"articles-block--item-content container-11\">\r\n          <div class=\"col articles-block--item-description\">\r\n            <p>Abbiamo le conoscenze e abbiamo le tecnologie. L\u2019esperienza maturata sin dal 1970 si traduce in vasto know-how e in una solida competenza. In qualit\u00e0 di idraulici e installatori, siamo sempre all\u2019avanguardia quando di tratta di design per il bagno, di sistemi di riscaldamento altamente tecnologici e dell\u2019intero settore degli impianti di riscaldamento, climatizzazione e aerazione. Il nostro servizio di assistenza a 360\u00b0 per privati, artigiani, comparto industriale e alberghiero \u00e8 sempre a vostra disposizione, affiancandovi con la sua esperienza, dalla progettazione all\u2019implementazione.<\/p>\n          <\/div>\r\n          <div class=\"col articles-block--item-titles\">\r\n            <h3>PROFESSIONALIT\u00c0 E TECNOLOGIA<\/h3>\r\n                          <a class=\"btn\" href=\"https:\/\/burgersanitaer.com\/it\/gamma-di-prodotti\/\" target=\"\">GAMMA DI PRODOTTI<\/a>\r\n                      <\/div>\r\n        <\/div>\r\n      <\/article>\r\n      <\/div>\r\n<\/section>\r\n","protected":false},"excerpt":{"rendered":"","protected":false},"author":6,"featured_media":0,"parent":1824,"menu_order":0,"comment_status":"closed","ping_status":"closed","template":"","meta":{"_acf_changed":false,"footnotes":""},"class_list":["post-1815","page","type-page","status-publish","hentry"],"acf":[],"yoast_head":"<!-- This site is optimized with the Yoast SEO plugin v27.4 - https:\/\/yoast.com\/product\/yoast-seo-wordpress\/ -->\n<title>BURGER Installazioni e idraulica |Bagno e riscaldamento<\/title>\n<meta name=\"description\" content=\"Diamo valore all\u2019impegno, alla competenza e all\u2019elevata professionalit\u00e0 nei settori bagno, sanitari, riscaldamento e domotica.\" \/>\n<meta name=\"robots\" content=\"index, follow, max-snippet:-1, max-image-preview:large, max-video-preview:-1\" \/>\n<link rel=\"canonical\" href=\"https:\/\/burgersanitaer.com\/it\/chi-siamo\/i-nostri-valori\/\" \/>\n<meta property=\"og:locale\" content=\"it_IT\" \/>\n<meta property=\"og:type\" content=\"article\" \/>\n<meta property=\"og:title\" content=\"BURGER Installazioni e idraulica |Bagno e riscaldamento\" \/>\n<meta property=\"og:description\" content=\"Diamo valore all\u2019impegno, alla competenza e all\u2019elevata professionalit\u00e0 nei settori bagno, sanitari, riscaldamento e domotica.\" \/>\n<meta property=\"og:url\" content=\"https:\/\/burgersanitaer.com\/it\/chi-siamo\/i-nostri-valori\/\" \/>\n<meta property=\"og:site_name\" content=\"Burger Sanit\u00e4r\" \/>\n<meta property=\"article:modified_time\" content=\"2022-10-04T06:38:34+00:00\" \/>\n<meta name=\"twitter:card\" content=\"summary_large_image\" \/>\n<script type=\"application\/ld+json\" class=\"yoast-schema-graph\">{\"@context\":\"https:\\\/\\\/schema.org\",\"@graph\":[{\"@type\":\"WebPage\",\"@id\":\"https:\\\/\\\/burgersanitaer.com\\\/it\\\/chi-siamo\\\/i-nostri-valori\\\/\",\"url\":\"https:\\\/\\\/burgersanitaer.com\\\/it\\\/chi-siamo\\\/i-nostri-valori\\\/\",\"name\":\"BURGER Installazioni e idraulica |Bagno e riscaldamento\",\"isPartOf\":{\"@id\":\"https:\\\/\\\/burgersanitaer.com\\\/it\\\/#website\"},\"datePublished\":\"2022-10-04T06:11:35+00:00\",\"dateModified\":\"2022-10-04T06:38:34+00:00\",\"description\":\"Diamo valore all\u2019impegno, alla competenza e all\u2019elevata professionalit\u00e0 nei settori bagno, sanitari, riscaldamento e domotica.\",\"breadcrumb\":{\"@id\":\"https:\\\/\\\/burgersanitaer.com\\\/it\\\/chi-siamo\\\/i-nostri-valori\\\/#breadcrumb\"},\"inLanguage\":\"it-IT\",\"potentialAction\":[{\"@type\":\"ReadAction\",\"target\":[\"https:\\\/\\\/burgersanitaer.com\\\/it\\\/chi-siamo\\\/i-nostri-valori\\\/\"]}]},{\"@type\":\"BreadcrumbList\",\"@id\":\"https:\\\/\\\/burgersanitaer.com\\\/it\\\/chi-siamo\\\/i-nostri-valori\\\/#breadcrumb\",\"itemListElement\":[{\"@type\":\"ListItem\",\"position\":1,\"name\":\"Startseite\",\"item\":\"https:\\\/\\\/burgersanitaer.com\\\/it\\\/\"},{\"@type\":\"ListItem\",\"position\":2,\"name\":\"Chi siamo\",\"item\":\"https:\\\/\\\/burgersanitaer.com\\\/it\\\/chi-siamo\\\/\"},{\"@type\":\"ListItem\",\"position\":3,\"name\":\"I NOSTRI VALORI\"}]},{\"@type\":\"WebSite\",\"@id\":\"https:\\\/\\\/burgersanitaer.com\\\/it\\\/#website\",\"url\":\"https:\\\/\\\/burgersanitaer.com\\\/it\\\/\",\"name\":\"Burger Sanit\u00e4r\",\"description\":\"\",\"potentialAction\":[{\"@type\":\"SearchAction\",\"target\":{\"@type\":\"EntryPoint\",\"urlTemplate\":\"https:\\\/\\\/burgersanitaer.com\\\/it\\\/?s={search_term_string}\"},\"query-input\":{\"@type\":\"PropertyValueSpecification\",\"valueRequired\":true,\"valueName\":\"search_term_string\"}}],\"inLanguage\":\"it-IT\"}]}<\/script>\n<!-- \/ Yoast SEO plugin. -->","yoast_head_json":{"title":"BURGER Installazioni e idraulica |Bagno e riscaldamento","description":"Diamo valore all\u2019impegno, alla competenza e all\u2019elevata professionalit\u00e0 nei settori bagno, sanitari, riscaldamento e domotica.","robots":{"index":"index","follow":"follow","max-snippet":"max-snippet:-1","max-image-preview":"max-image-preview:large","max-video-preview":"max-video-preview:-1"},"canonical":"https:\/\/burgersanitaer.com\/it\/chi-siamo\/i-nostri-valori\/","og_locale":"it_IT","og_type":"article","og_title":"BURGER Installazioni e idraulica |Bagno e riscaldamento","og_description":"Diamo valore all\u2019impegno, alla competenza e all\u2019elevata professionalit\u00e0 nei settori bagno, sanitari, riscaldamento e domotica.","og_url":"https:\/\/burgersanitaer.com\/it\/chi-siamo\/i-nostri-valori\/","og_site_name":"Burger Sanit\u00e4r","article_modified_time":"2022-10-04T06:38:34+00:00","twitter_card":"summary_large_image","schema":{"@context":"https:\/\/schema.org","@graph":[{"@type":"WebPage","@id":"https:\/\/burgersanitaer.com\/it\/chi-siamo\/i-nostri-valori\/","url":"https:\/\/burgersanitaer.com\/it\/chi-siamo\/i-nostri-valori\/","name":"BURGER Installazioni e idraulica |Bagno e riscaldamento","isPartOf":{"@id":"https:\/\/burgersanitaer.com\/it\/#website"},"datePublished":"2022-10-04T06:11:35+00:00","dateModified":"2022-10-04T06:38:34+00:00","description":"Diamo valore all\u2019impegno, alla competenza e all\u2019elevata professionalit\u00e0 nei settori bagno, sanitari, riscaldamento e domotica.","breadcrumb":{"@id":"https:\/\/burgersanitaer.com\/it\/chi-siamo\/i-nostri-valori\/#breadcrumb"},"inLanguage":"it-IT","potentialAction":[{"@type":"ReadAction","target":["https:\/\/burgersanitaer.com\/it\/chi-siamo\/i-nostri-valori\/"]}]},{"@type":"BreadcrumbList","@id":"https:\/\/burgersanitaer.com\/it\/chi-siamo\/i-nostri-valori\/#breadcrumb","itemListElement":[{"@type":"ListItem","position":1,"name":"Startseite","item":"https:\/\/burgersanitaer.com\/it\/"},{"@type":"ListItem","position":2,"name":"Chi siamo","item":"https:\/\/burgersanitaer.com\/it\/chi-siamo\/"},{"@type":"ListItem","position":3,"name":"I NOSTRI VALORI"}]},{"@type":"WebSite","@id":"https:\/\/burgersanitaer.com\/it\/#website","url":"https:\/\/burgersanitaer.com\/it\/","name":"Burger Sanit\u00e4r","description":"","potentialAction":[{"@type":"SearchAction","target":{"@type":"EntryPoint","urlTemplate":"https:\/\/burgersanitaer.com\/it\/?s={search_term_string}"},"query-input":{"@type":"PropertyValueSpecification","valueRequired":true,"valueName":"search_term_string"}}],"inLanguage":"it-IT"}]}},"_links":{"self":[{"href":"https:\/\/burgersanitaer.com\/it\/wp-json\/wp\/v2\/pages\/1815","targetHints":{"allow":["GET"]}}],"collection":[{"href":"https:\/\/burgersanitaer.com\/it\/wp-json\/wp\/v2\/pages"}],"about":[{"href":"https:\/\/burgersanitaer.com\/it\/wp-json\/wp\/v2\/types\/page"}],"author":[{"embeddable":true,"href":"https:\/\/burgersanitaer.com\/it\/wp-json\/wp\/v2\/users\/6"}],"replies":[{"embeddable":true,"href":"https:\/\/burgersanitaer.com\/it\/wp-json\/wp\/v2\/comments?post=1815"}],"version-history":[{"count":9,"href":"https:\/\/burgersanitaer.com\/it\/wp-json\/wp\/v2\/pages\/1815\/revisions"}],"predecessor-version":[{"id":1848,"href":"https:\/\/burgersanitaer.com\/it\/wp-json\/wp\/v2\/pages\/1815\/revisions\/1848"}],"up":[{"embeddable":true,"href":"https:\/\/burgersanitaer.com\/it\/wp-json\/wp\/v2\/pages\/1824"}],"wp:attachment":[{"href":"https:\/\/burgersanitaer.com\/it\/wp-json\/wp\/v2\/media?parent=1815"}],"curies":[{"name":"wp","href":"https:\/\/api.w.org\/{rel}","templated":true}]}}