{"id":89,"date":"2021-12-30T15:38:47","date_gmt":"2021-12-30T14:38:47","guid":{"rendered":"https:\/\/burger.ochner.eu\/?page_id=89"},"modified":"2025-05-23T10:41:36","modified_gmt":"2025-05-23T08:41:36","slug":"ueber-uns","status":"publish","type":"page","link":"https:\/\/burgersanitaer.com\/de\/ueber-uns\/","title":{"rendered":"\u00dcber uns"},"content":{"rendered":"<section class=\"header-block \">\n  <div class=\"container container-21\">\n    <div class=\"col header-block--col-big\">\n      <div class=\"header-block--image\">\n          <div class=\"bg-media\">\n            <img class=\"fo-resp-img \" data-srcset='[{\"src\":\"https:\\\/\\\/burgersanitaer.com\\\/wp-content\\\/uploads\\\/2022\\\/05\\\/burger-thermo-sanitaer-suedtirol-erlichkeit-1920x1080.jpg\",\"width\":1920,\"height\":1080},{\"src\":\"https:\\\/\\\/burgersanitaer.com\\\/wp-content\\\/uploads\\\/2022\\\/05\\\/burger-thermo-sanitaer-suedtirol-erlichkeit-1240x698.jpg\",\"width\":1240,\"height\":698}]'\n    height=\"1080\" width=\"1920\"       alt=\"\" loading=\"lazy\">\n            <\/div>\n        <\/div>\n    <\/div>\n    <div class=\"col header-block--col-small\">\n      <div class=\"header-block--image\">\n          <img class=\"fo-resp-img \" data-srcset='[{\"src\":\"https:\\\/\\\/burgersanitaer.com\\\/wp-content\\\/uploads\\\/2025\\\/05\\\/\\u00a9rotwild-BURGER-4900-1920x1080.jpg\",\"width\":1920,\"height\":1080},{\"src\":\"https:\\\/\\\/burgersanitaer.com\\\/wp-content\\\/uploads\\\/2025\\\/05\\\/\\u00a9rotwild-BURGER-4900-1240x698.jpg\",\"width\":1240,\"height\":698}]'\n    height=\"1080\" width=\"1920\"       alt=\"\" loading=\"lazy\">\n        <\/div>\n    <\/div>\n    <div class=\"col header-block--header\">\n      <h1 class=\"header-block--header-title\">Beraten, planen, installieren<\/h1>\n      <h2 class=\"header-block--header-subtitle\">Ihr Installateur im Pustertal \u2013 SINCE 1970 \u2013<\/h2>\n    <\/div>\n  <\/div>\n<\/section>\n\n\n<section class=\"image-text-slider-block \">\r\n  <div class=\"slider-block \" data-active=\"0\">\n            <div class=\"slider-block--item active\" data-slider-id=\"0\">\n        <div class=\"col slider-block--image\">\n          <a >\n              <img class=\"fo-resp-img \" data-srcset='[{\"src\":\"https:\\\/\\\/burgersanitaer.com\\\/wp-content\\\/uploads\\\/2022\\\/05\\\/burger_sanitaer_ueber_uns_5-1920x1080.jpg\",\"width\":1920,\"height\":1080},{\"src\":\"https:\\\/\\\/burgersanitaer.com\\\/wp-content\\\/uploads\\\/2022\\\/05\\\/burger_sanitaer_ueber_uns_5-1240x698.jpg\",\"width\":1240,\"height\":698}]'\n    height=\"1080\" width=\"1920\"       alt=\"\" loading=\"lazy\">\n            <\/a>\n        <\/div>\n        <div class=\"col slider-block--image\">\n          <a >\n                                      <div class=\"slider-block--image-overlay\">\n                <h1>\n                  EHRLICHKEIT &#038; KOMMUNIKATION                <\/h1>\n              <\/div>\n                      <\/a>\n        <\/div>\n                  <div class=\"col slider-block--pagination\">\n                          <button class=\"slider-block--pagination-dot active\" data-slider-id=\"0\"><\/button>\n                          <button class=\"slider-block--pagination-dot \" data-slider-id=\"1\"><\/button>\n                          <button class=\"slider-block--pagination-dot \" data-slider-id=\"2\"><\/button>\n                      <\/div>\n                <div class=\"col slider-block--content\">\n                      <div class=\"slider-block--content-description\"><p>50 Jahre hatten wir nun Zeit, uns die hundertprozentige Kompetenz, das Know-how und die Expertise f\u00fcr Badeinrichtungen, innovative Heizungskonzepte, Trinkwasserhygiene, Frischluftsysteme usw. anzueignen.<\/p>\n<\/div>\n                                <div class=\"slider-block--content-actions\">\n                              <h3 class=\"slider-block--content-actions-subtitle\">Warum BURGER?<\/h3>\n                                        <\/div>\n                  <\/div>\n      <\/div>\n          <div class=\"slider-block--item \" data-slider-id=\"1\">\n        <div class=\"col slider-block--image\">\n          <a >\n              <img class=\"fo-resp-img \" data-srcset='[{\"src\":\"https:\\\/\\\/burgersanitaer.com\\\/wp-content\\\/uploads\\\/2022\\\/05\\\/burger_sanitaer_ueber_uns_6-1-1920x1080.jpg\",\"width\":1920,\"height\":1080},{\"src\":\"https:\\\/\\\/burgersanitaer.com\\\/wp-content\\\/uploads\\\/2022\\\/05\\\/burger_sanitaer_ueber_uns_6-1-1240x698.jpg\",\"width\":1240,\"height\":698}]'\n    height=\"1080\" width=\"1920\"       alt=\"\" loading=\"lazy\">\n            <\/a>\n        <\/div>\n        <div class=\"col slider-block--image\">\n          <a >\n                                      <div class=\"slider-block--image-overlay\">\n                <h1>\n                  PROFESSIONALIT\u00c4T &#038; TECHNIK                <\/h1>\n              <\/div>\n                      <\/a>\n        <\/div>\n                  <div class=\"col slider-block--pagination\">\n                          <button class=\"slider-block--pagination-dot \" data-slider-id=\"0\"><\/button>\n                          <button class=\"slider-block--pagination-dot active\" data-slider-id=\"1\"><\/button>\n                          <button class=\"slider-block--pagination-dot \" data-slider-id=\"2\"><\/button>\n                      <\/div>\n                <div class=\"col slider-block--content\">\n                      <div class=\"slider-block--content-description\"><p>Wir haben uns Tag f\u00fcr Tag, Jahr f\u00fcr Jahr weitergebildet . Heute sind wir auf dem neuesten Technik- und Digitalisierungsstand und streben mit unserer \u00fcber 25 Mann\/Frau-Truppe jeder noch so kniffligen Herausforderung freudig entgegen.<\/p>\n<\/div>\n                                <div class=\"slider-block--content-actions\">\n                              <h3 class=\"slider-block--content-actions-subtitle\">Wie ist BURGER?<\/h3>\n                                        <\/div>\n                  <\/div>\n      <\/div>\n          <div class=\"slider-block--item \" data-slider-id=\"2\">\n        <div class=\"col slider-block--image\">\n          <a >\n              <img class=\"fo-resp-img \" data-srcset='[{\"src\":\"https:\\\/\\\/burgersanitaer.com\\\/wp-content\\\/uploads\\\/2022\\\/05\\\/burger_sanitaer_ueber_uns_7-1920x1080.jpg\",\"width\":1920,\"height\":1080},{\"src\":\"https:\\\/\\\/burgersanitaer.com\\\/wp-content\\\/uploads\\\/2022\\\/05\\\/burger_sanitaer_ueber_uns_7-1240x698.jpg\",\"width\":1240,\"height\":698}]'\n    height=\"1080\" width=\"1920\"       alt=\"\" loading=\"lazy\">\n            <\/a>\n        <\/div>\n        <div class=\"col slider-block--image\">\n          <a >\n                                      <div class=\"slider-block--image-overlay\">\n                <h1>\n                  PLANUNG &#038; BERATUNG                <\/h1>\n              <\/div>\n                      <\/a>\n        <\/div>\n                  <div class=\"col slider-block--pagination\">\n                          <button class=\"slider-block--pagination-dot \" data-slider-id=\"0\"><\/button>\n                          <button class=\"slider-block--pagination-dot \" data-slider-id=\"1\"><\/button>\n                          <button class=\"slider-block--pagination-dot active\" data-slider-id=\"2\"><\/button>\n                      <\/div>\n                <div class=\"col slider-block--content\">\n                      <div class=\"slider-block--content-description\"><p>Was uns am meisten am Herzen liegt, ist ihre Zufriedenheit. Deshalb arbeiten wir an innovativen L\u00f6sungen f\u00fcr Geb\u00e4udetechnik und beziehen nachhaltig-\u00f6kologisches Denken und Handeln in die Planung, die Organisation und nat\u00fcrlich auch in die Realisierung Ihrer Traum-Bad-Einrichtung mit ein.<\/p>\n<\/div>\n                                <div class=\"slider-block--content-actions\">\n                              <h3 class=\"slider-block--content-actions-subtitle\">Wieso BURGER?<\/h3>\n                                        <\/div>\n                  <\/div>\n      <\/div>\n      <\/div>\n<\/section>\r\n\n\n<section class=\"text-block  inverted\">\n  <div class=\"container container-11\">\n    <div class=\"col\">\n      <h1 class=\"text-block--title\">\n        STARKE MITARBEITER \u2013 EINZIGARTIG IM PUSTERTAL      <\/h1>\n    <\/div>\n    <div class=\"col text-block--content\">\n            <div class=\"text-block--content-all\">\n        <p>Mit \u00fcber 50 Jahren Erfahrung steht der Name BURGER f\u00fcr Fachwissen, Dynamik, modernes Design und Full-Service. Genau das leben auch unsere Mitarbeiter.<\/p>\n      <\/div>\n    <\/div>\n  <\/div>\n<\/section>\n\n\n<div class=\"image-block \">\r\n      <img class=\"fo-resp-img \" data-srcset='[{\"src\":\"https:\\\/\\\/burgersanitaer.com\\\/wp-content\\\/uploads\\\/2025\\\/05\\\/\\u00a9rotwild-BURGER-5216-1930x1287.jpg\",\"width\":1930,\"height\":1287},{\"src\":\"https:\\\/\\\/burgersanitaer.com\\\/wp-content\\\/uploads\\\/2025\\\/05\\\/\\u00a9rotwild-BURGER-5216-1200x800.jpg\",\"width\":1200,\"height\":800},{\"src\":\"https:\\\/\\\/burgersanitaer.com\\\/wp-content\\\/uploads\\\/2025\\\/05\\\/\\u00a9rotwild-BURGER-5216-730x487.jpg\",\"width\":730,\"height\":487},{\"src\":\"https:\\\/\\\/burgersanitaer.com\\\/wp-content\\\/uploads\\\/2025\\\/05\\\/\\u00a9rotwild-BURGER-5216-460x307.jpg\",\"width\":460,\"height\":307}]'\n    height=\"1287\" width=\"1930\"       alt=\"\" loading=\"lazy\">\n  <\/div>\r\n\r\n","protected":false},"excerpt":{"rendered":"","protected":false},"author":1,"featured_media":0,"parent":0,"menu_order":0,"comment_status":"closed","ping_status":"closed","template":"","meta":{"_acf_changed":false,"footnotes":""},"class_list":["post-89","page","type-page","status-publish","hentry"],"acf":[],"yoast_head":"<!-- This site is optimized with the Yoast SEO plugin v27.5 - https:\/\/yoast.com\/product\/yoast-seo-wordpress\/ -->\n<title>Installateur im Pustertal seit 1970 | BURGER Hydrauliker<\/title>\n<meta name=\"description\" content=\"Starke Mitarbeiter, Professionalit\u00e4t und Kompetenz in den Bereichen, Bad, Sanit\u00e4r, Heizung und allem, was Ihr Geb\u00e4ude an Technik so braucht.\" \/>\n<meta name=\"robots\" content=\"index, follow, max-snippet:-1, max-image-preview:large, max-video-preview:-1\" \/>\n<link rel=\"canonical\" href=\"https:\/\/burgersanitaer.com\/de\/ueber-uns\/\" \/>\n<meta property=\"og:locale\" content=\"de_DE\" \/>\n<meta property=\"og:type\" content=\"article\" \/>\n<meta property=\"og:title\" content=\"Installateur im Pustertal seit 1970 | BURGER Hydrauliker\" \/>\n<meta property=\"og:description\" content=\"Starke Mitarbeiter, Professionalit\u00e4t und Kompetenz in den Bereichen, Bad, Sanit\u00e4r, Heizung und allem, was Ihr Geb\u00e4ude an Technik so braucht.\" \/>\n<meta property=\"og:url\" content=\"https:\/\/burgersanitaer.com\/de\/ueber-uns\/\" \/>\n<meta property=\"og:site_name\" content=\"Burger Sanit\u00e4r\" \/>\n<meta property=\"article:modified_time\" content=\"2025-05-23T08:41:36+00:00\" \/>\n<meta name=\"twitter:card\" content=\"summary_large_image\" \/>\n<script type=\"application\/ld+json\" class=\"yoast-schema-graph\">{\"@context\":\"https:\\\/\\\/schema.org\",\"@graph\":[{\"@type\":\"WebPage\",\"@id\":\"https:\\\/\\\/burgersanitaer.com\\\/de\\\/ueber-uns\\\/\",\"url\":\"https:\\\/\\\/burgersanitaer.com\\\/de\\\/ueber-uns\\\/\",\"name\":\"Installateur im Pustertal seit 1970 | BURGER Hydrauliker\",\"isPartOf\":{\"@id\":\"https:\\\/\\\/burgersanitaer.com\\\/de\\\/#website\"},\"datePublished\":\"2021-12-30T14:38:47+00:00\",\"dateModified\":\"2025-05-23T08:41:36+00:00\",\"description\":\"Starke Mitarbeiter, Professionalit\u00e4t und Kompetenz in den Bereichen, Bad, Sanit\u00e4r, Heizung und allem, was Ihr Geb\u00e4ude an Technik so braucht.\",\"breadcrumb\":{\"@id\":\"https:\\\/\\\/burgersanitaer.com\\\/de\\\/ueber-uns\\\/#breadcrumb\"},\"inLanguage\":\"de\",\"potentialAction\":[{\"@type\":\"ReadAction\",\"target\":[\"https:\\\/\\\/burgersanitaer.com\\\/de\\\/ueber-uns\\\/\"]}]},{\"@type\":\"BreadcrumbList\",\"@id\":\"https:\\\/\\\/burgersanitaer.com\\\/de\\\/ueber-uns\\\/#breadcrumb\",\"itemListElement\":[{\"@type\":\"ListItem\",\"position\":1,\"name\":\"Startseite\",\"item\":\"https:\\\/\\\/burgersanitaer.com\\\/de\\\/\"},{\"@type\":\"ListItem\",\"position\":2,\"name\":\"\u00dcber uns\"}]},{\"@type\":\"WebSite\",\"@id\":\"https:\\\/\\\/burgersanitaer.com\\\/de\\\/#website\",\"url\":\"https:\\\/\\\/burgersanitaer.com\\\/de\\\/\",\"name\":\"Burger Sanit\u00e4r\",\"description\":\"\",\"potentialAction\":[{\"@type\":\"SearchAction\",\"target\":{\"@type\":\"EntryPoint\",\"urlTemplate\":\"https:\\\/\\\/burgersanitaer.com\\\/de\\\/?s={search_term_string}\"},\"query-input\":{\"@type\":\"PropertyValueSpecification\",\"valueRequired\":true,\"valueName\":\"search_term_string\"}}],\"inLanguage\":\"de\"}]}<\/script>\n<!-- \/ Yoast SEO plugin. -->","yoast_head_json":{"title":"Installateur im Pustertal seit 1970 | BURGER Hydrauliker","description":"Starke Mitarbeiter, Professionalit\u00e4t und Kompetenz in den Bereichen, Bad, Sanit\u00e4r, Heizung und allem, was Ihr Geb\u00e4ude an Technik so braucht.","robots":{"index":"index","follow":"follow","max-snippet":"max-snippet:-1","max-image-preview":"max-image-preview:large","max-video-preview":"max-video-preview:-1"},"canonical":"https:\/\/burgersanitaer.com\/de\/ueber-uns\/","og_locale":"de_DE","og_type":"article","og_title":"Installateur im Pustertal seit 1970 | BURGER Hydrauliker","og_description":"Starke Mitarbeiter, Professionalit\u00e4t und Kompetenz in den Bereichen, Bad, Sanit\u00e4r, Heizung und allem, was Ihr Geb\u00e4ude an Technik so braucht.","og_url":"https:\/\/burgersanitaer.com\/de\/ueber-uns\/","og_site_name":"Burger Sanit\u00e4r","article_modified_time":"2025-05-23T08:41:36+00:00","twitter_card":"summary_large_image","schema":{"@context":"https:\/\/schema.org","@graph":[{"@type":"WebPage","@id":"https:\/\/burgersanitaer.com\/de\/ueber-uns\/","url":"https:\/\/burgersanitaer.com\/de\/ueber-uns\/","name":"Installateur im Pustertal seit 1970 | BURGER Hydrauliker","isPartOf":{"@id":"https:\/\/burgersanitaer.com\/de\/#website"},"datePublished":"2021-12-30T14:38:47+00:00","dateModified":"2025-05-23T08:41:36+00:00","description":"Starke Mitarbeiter, Professionalit\u00e4t und Kompetenz in den Bereichen, Bad, Sanit\u00e4r, Heizung und allem, was Ihr Geb\u00e4ude an Technik so braucht.","breadcrumb":{"@id":"https:\/\/burgersanitaer.com\/de\/ueber-uns\/#breadcrumb"},"inLanguage":"de","potentialAction":[{"@type":"ReadAction","target":["https:\/\/burgersanitaer.com\/de\/ueber-uns\/"]}]},{"@type":"BreadcrumbList","@id":"https:\/\/burgersanitaer.com\/de\/ueber-uns\/#breadcrumb","itemListElement":[{"@type":"ListItem","position":1,"name":"Startseite","item":"https:\/\/burgersanitaer.com\/de\/"},{"@type":"ListItem","position":2,"name":"\u00dcber uns"}]},{"@type":"WebSite","@id":"https:\/\/burgersanitaer.com\/de\/#website","url":"https:\/\/burgersanitaer.com\/de\/","name":"Burger Sanit\u00e4r","description":"","potentialAction":[{"@type":"SearchAction","target":{"@type":"EntryPoint","urlTemplate":"https:\/\/burgersanitaer.com\/de\/?s={search_term_string}"},"query-input":{"@type":"PropertyValueSpecification","valueRequired":true,"valueName":"search_term_string"}}],"inLanguage":"de"}]}},"_links":{"self":[{"href":"https:\/\/burgersanitaer.com\/de\/wp-json\/wp\/v2\/pages\/89","targetHints":{"allow":["GET"]}}],"collection":[{"href":"https:\/\/burgersanitaer.com\/de\/wp-json\/wp\/v2\/pages"}],"about":[{"href":"https:\/\/burgersanitaer.com\/de\/wp-json\/wp\/v2\/types\/page"}],"author":[{"embeddable":true,"href":"https:\/\/burgersanitaer.com\/de\/wp-json\/wp\/v2\/users\/1"}],"replies":[{"embeddable":true,"href":"https:\/\/burgersanitaer.com\/de\/wp-json\/wp\/v2\/comments?post=89"}],"version-history":[{"count":95,"href":"https:\/\/burgersanitaer.com\/de\/wp-json\/wp\/v2\/pages\/89\/revisions"}],"predecessor-version":[{"id":2336,"href":"https:\/\/burgersanitaer.com\/de\/wp-json\/wp\/v2\/pages\/89\/revisions\/2336"}],"wp:attachment":[{"href":"https:\/\/burgersanitaer.com\/de\/wp-json\/wp\/v2\/media?parent=89"}],"curies":[{"name":"wp","href":"https:\/\/api.w.org\/{rel}","templated":true}]}}