{"id":3,"date":"2021-12-23T10:23:40","date_gmt":"2021-12-23T10:23:40","guid":{"rendered":"https:\/\/burger.ochner.eu\/?page_id=3"},"modified":"2022-09-09T13:57:43","modified_gmt":"2022-09-09T11:57:43","slug":"privacy-policy","status":"publish","type":"page","link":"https:\/\/burgersanitaer.com\/de\/privacy-policy\/","title":{"rendered":"Datenschutzerkl\u00e4rung"},"content":{"rendered":"<section class=\"text-block  single-col align-left\">\n  <div class=\"container container-11\">\n    <div class=\"col\">\n      <h1 class=\"text-block--title\">\n        Datenschutzerkl\u00e4rung      <\/h1>\n    <\/div>\n    <div class=\"col text-block--content\">\n              <div class=\"text-block--content-excerpt\">\n          <p>Datenschutz<\/p>\n<p><strong>Datenschutzerkl\u00e4rung<\/strong><\/p>\n<p>Dies ist die Datenschutzerkl\u00e4rung (\u201eErkl\u00e4rung\u201c) f\u00fcr die Webseite www.burgersanitaer.com die von der Burger GmbH, Hauptstr. 3, I-39035 Welsberg-Taisten, info@burgersanitaer.it betrieben und bereitgestellt wird. Wir verarbeiten&#8230;\n          <br \/>\n          <br \/>\n          <a class=\"btn btn-arrow-down \">Mehr lesen<\/a>\n        <\/div>\n            <div class=\"text-block--content-all\">\n        <p>Datenschutz<\/p>\n<p><strong>Datenschutzerkl\u00e4rung<\/strong><\/p>\n<p>Dies ist die Datenschutzerkl\u00e4rung (\u201eErkl\u00e4rung\u201c) f\u00fcr die Webseite www.burgersanitaer.com die von der Burger GmbH, Hauptstr. 3, I-39035 Welsberg-Taisten, info@burgersanitaer.it betrieben und bereitgestellt wird. Wir verarbeiten die \u00fcber diese Webseite erhobenen personenbezogenen Daten ausschlie\u00dflich wie in dieser Erkl\u00e4rung niedergelegt. Weiter unten erfahren Sie, wie wir Ihre personenbezogenen Daten verarbeiten, zu welchen Zwecken sie verarbeitet werden, mit wem sie geteilt werden und welche Kontroll- und Informationsrechte Ihnen ggf. zustehen.<\/p>\n<ol>\n<li><strong>Zusammenfassung unserer Verarbeitungsaktivit\u00e4ten<\/strong><\/li>\n<\/ol>\n<p>In der nachfolgenden Zusammenfassung werden Ihnen die Verarbeitungsaktivit\u00e4ten auf unserer Webseite kurz dargestellt. N\u00e4here Informationen dazu finden Sie in den ausgewiesenen Abschnitten weiter unten.<\/p>\n<ul>\n<li>Falls Sie unsere Webseite zu informatorischen Zwecken besuchen, werden nur begrenzte personenbezogene Daten verarbeitet, um Ihnen die Webseite anzuzeigen (siehe unter III).<\/li>\n<\/ul>\n<ul>\n<li>Falls Sie sich f\u00fcr eine unserer Leistungen (z.B. Angebote, Buchungen usw.) interessieren oder unseren Newsletter abonnieren, werden in diesem Rahmen weitere personenbezogene Daten verarbeitet (siehe unter IV und V).<\/li>\n<\/ul>\n<ul>\n<li>Des Weiteren werden Ihre personenbezogenen Daten f\u00fcr interessante Werbung f\u00fcr unsere Leistungen und Produkte (siehe unter VI) sowie f\u00fcr die statistische Analyse zur Verbesserung unserer Webseite (siehe unter VII) verwendet.<\/li>\n<\/ul>\n<ul>\n<li>Ggf. werden Ihre personenbezogenen Daten Dritten offengelegt (siehe unter VIII).<\/li>\n<\/ul>\n<ul>\n<li>Wir haben angemessene Sicherheitsma\u00dfnahmen ergriffen, um Ihre personenbezogenen Daten zu sch\u00fctzen (siehe IX) und speichern diese nur solange wie n\u00f6tig (siehe unter X).<\/li>\n<\/ul>\n<ul>\n<li>Je nach den Gegebenheiten des konkreten Falls, stehen Ihnen ggf. bestimmte Rechte in Bezug auf die Verarbeitung Ihrer personenbezogenen Daten zu (siehe unter XI).<\/li>\n<\/ul>\n<ol>\n<li><strong>Begriffsbestimmungen<\/strong><\/li>\n<\/ol>\n<ul>\n<li><strong>Personenbezogene Daten<\/strong> sind alle Informationen \u00fcber eine lebende Person, die direkt oder indirekt identifiziert werden kann, insbesondere durch die Zuordnung zu einer Kennung, wie etwa einem Namen, einer Kennnummer, Standortdaten oder einer Online-Kennung.<\/li>\n<\/ul>\n<ul>\n<li><strong>Verarbeitung<\/strong> ist jeder Vorgang im Zusammenhang mit personenbezogenen Daten, wie das Erheben, das Erfassen, die Organisation, das Ordnen, die Speicherung, die Anpassung oder Ver\u00e4nderung, die Offenlegung oder jede sonstige Art der Nutzung.<\/li>\n<\/ul>\n<ul>\n<li><strong>Nutzung der Webseite zu informatorischen Zwecken<\/strong><\/li>\n<\/ul>\n<p>Falls Sie unsere Webseite zu informativen Zwecken besuchen, also ohne sich f\u00fcr eine der von uns angebotenen, unter IV aufgef\u00fchrten Leistungen anzumelden und ohne uns personenbezogene Daten auf andere Weise bereitzustellen, erheben wir ggf. automatisch erg\u00e4nzende Informationen \u00fcber Sie, die nur in begrenzten F\u00e4llen personenbezogene Daten enthalten und von unserem Server automatisch erfasst werden, wie etwa:<\/p>\n<ul>\n<li>Ihr Ger\u00e4tetyp, -name und Ihre Bildschirmaufl\u00f6sung<\/li>\n<li>Angaben zu Ihrer Browserversion<\/li>\n<li>Angaben zu Ihrem Betriebssystem, einschlie\u00dflich zu Ihren Spracheinstellungen<\/li>\n<li>Datum und Zeitpunkt Ihrer Anfragen<\/li>\n<li>Inhalte Ihrer Anfragen<\/li>\n<\/ul>\n<p>Wir nutzen diese Informationen lediglich dazu, Ihnen unsere Leistungen effektiv anbieten zu k\u00f6nnen (z. B. durch die Anpassung unserer Webseite an die Bed\u00fcrfnisse Ihres Ger\u00e4ts oder dadurch, Ihnen zu erlauben, sich auf unserer Webseite einzuloggen) und umfassende demographische Daten zur Erstellung einer anonymisierten Statistik \u00fcber die Nutzung unserer Webseite zu erstellen. Wir ben\u00f6tigen die automatisch erhobenen personenbezogenen Daten f\u00fcr die Bereitstellung unserer Webseite, Art. 6 Absatz 1 Satz 1 lit. b DSGVO, sowie f\u00fcr unser berechtigtes Interesse, die Stabilit\u00e4t und Sicherheit der Webseite zu gew\u00e4hrleisten, Art. 6 Absatz 1 Satz 1 lit. f DSGVO. Automatisch erhobene personenbezogene Daten werden 1 Monat gespeichert und anschlie\u00dfend ordnungsgem\u00e4\u00df gel\u00f6scht.<\/p>\n<ol>\n<li><strong>Anmeldung zu unseren Leistungen<\/strong><br \/>\nUnsere Webseite bietet die M\u00f6glichkeit der Anforderung von Angeboten und Katalogen sowie die Anmeldung zu Newslettern oder allgemeine Anfragen an uns zu \u00fcbermitteln. Um die o. g. Leistungen nutzen zu k\u00f6nnen, m\u00fcssen Sie personenbezogene Daten angeben. Wir verarbeiten:<\/li>\n<\/ol>\n<ul>\n<li>Angaben wie etwa Ihr Name, Ihre Anschrift und Ihre E-Mail-Adresse, die bei der Kontaktaufnahme gemacht werden<\/li>\n<\/ul>\n<p>Die f\u00fcr die Erbringung der Leistung erforderlichen Informationen sind entsprechend gekennzeichnet. Alle weiteren Angaben erfolgen freiwillig. Wir verarbeiten die von Ihnen gemachten personenbezogenen Angaben zu folgenden Zwecken:<\/p>\n<ul>\n<li>Bereitstellung der Leistungen und Informationen, die \u00fcber die Webseite angeboten werden oder die Sie anfordern<\/li>\n<li>Kommunikation mit Ihnen<\/li>\n<li>(verhaltensbasierte) Werbung und Profiling<\/li>\n<\/ul>\n<p>Die Rechtsgrundlage hierf\u00fcr bildet Art. 6 Absatz 1 Satz 1 lit. b DSGVO. Die Nutzung Ihrer personenbezogenen Daten zum Zwecke der verhaltensbasierten Werbung und des Profilings erfolgt aufgrund des berechtigten Interesses, Ihr Nutzungserlebnis zu steigern, Art. 6 Absatz 1 Satz 1 lit. f DSGVO.] Wir verarbeiten die von Ihnen im Rahmen der Anmeldung bereitgestellten personenbezogenen Daten und Kontaktdaten, um Sie direkt \u00fcber unsere weiteren Produkte und Leistungen zu informieren. Die Nutzung Ihrer personenbezogenen Daten f\u00fcr das Bewerben von verwandten Produkten und Leistungen im Wege der Direktwerbung stellt f\u00fcr uns als Anbieter dieser Webseite ein berechtigtes Interesse dar, Art. 6 Absatz 1 Satz 1 lit. f DSGVO. <u>Sie k\u00f6nnen der Verarbeitung Ihrer personenbezogenen Daten zum Zwecke der Direktwerbung jederzeit widersprechen. Wir werden dann von einer weiteren Verarbeitung zu solchen Zwecken absehen. Ihren Widerspruch k\u00f6nnen Sie uns wie folgt zukommen lassen: per E-Mail an <\/u>info@burgersanitaer.it.<\/p>\n<ol>\n<li><strong>Newsletter<\/strong><br \/>\nMit Ihrer E-Mail-Adresse k\u00f6nnen Sie sich f\u00fcr unseren Newsletter anmelden, der Sie \u00fcber unsere neuesten Produkte und Leistungen informiert, falls Sie dem Erhalt des Newsletters zustimmen. Die Rechtsgrundlage dieser Verarbeitung ist Art. 6 Absatz 1 Satz 1 lit. a DSGVO. Ihre E-Mail-Adresse speichern wir so lange, bis Sie Ihre Anmeldung widerrufen. Der Dienst erfolgt mit Hilfe des sog. &#8222;Double-Opt-In\u201c-Verfahrens. Sie erhalten dabei eine E-Mail mit einem Link, \u00fcber den Sie best\u00e4tigen k\u00f6nnen, dass Sie der Inhaber der E-Mail-Adresse sind und \u00fcber unseren E-Mail-Dienst benachrichtigt werden m\u00f6chten. Wird Ihr Abonnement nicht nach Anforderung der Best\u00e4tigungsmail best\u00e4tigt, werden Ihre bereitgestellten personenbezogenen Daten nicht verarbeitet, sondern automatisch deaktiviert und mit der n\u00e4chsten Datenpr\u00fcfung (in der Regel innerhalb einer Woche) gel\u00f6scht. Sie k\u00f6nnen sich vom Newsletter abmelden, indem Sie auf den in jedem Newsletter enthaltenen Link klicken.<\/li>\n<\/ol>\n<p>&nbsp;<\/p>\n<ol>\n<li><strong>Automatisierte Entscheidungsfindung<\/strong><\/li>\n<\/ol>\n<p>Wir verarbeiten Ihre personenbezogenen Daten nicht f\u00fcr automatisierte Entscheidungsfindungen, die Ihnen gegen\u00fcber rechtliche Wirkung entfalten oder Sie in \u00e4hnlicher Weise erheblich beeintr\u00e4chtigen.<\/p>\n<p>&nbsp;<\/p>\n<ul>\n<li><strong>Analyse<\/strong><\/li>\n<\/ul>\n<ol>\n<li><strong>Allgemeine Informationen zur Analyse<\/strong><br \/>\nF\u00fcr unsere statistischen Analysen verwenden wir Webanalysedienste, die Daten \u00fcber die Nutzung dieser Seite sammeln.<br \/>\nDie Analysedienste sammeln Informationen, wie etwa<\/li>\n<\/ol>\n<ul>\n<li>Angaben zu Ger\u00e4t und Browser ( Ger\u00e4tetyp, Betriebssystem, Browserversion)<\/li>\n<li>IP Adresse<\/li>\n<li>Angesehene Websites, URL click stream (Reihenfolge, in der die Seiten angesehen wurden)<\/li>\n<li>Geographischer Standort<\/li>\n<li>Datum und Zeitpunkt des Website-Besuchs<\/li>\n<li>Referenzseite, Anwendung oder Dienst<\/li>\n<\/ul>\n<p>Die von den Anbietern bereitgestellten Informationen verwenden wir nur, um die f\u00fcr Sie n\u00fctzlichsten Informationen zu bestimmen und diese Webseite zu verbessern und zu optimieren. Die mit Hilfe der Analysedienste erhobenen Informationen werden nicht mit personenbezogenen Daten verkn\u00fcpft. Abh\u00e4ngig vom Anbieter werden die \u00fcber Ihre Nutzung dieser Webseite generierten Daten eventuell in einem Land au\u00dferhalb des Europ\u00e4ischen Wirtschaftsraums (EWR) gespeichert und dort verarbeitet, z. B. den Vereinigten Staaten. Weitere Informationen zu den potenziellen Risiken einer grenz\u00fcberschreitenden Daten\u00fcbermittlung finden Sie unter XII. Die Analysedienste erheben lediglich die IP-Adresse, die ihnen beim Besuch dieser Webseite zugeordnet wird, nicht aber Ihren Namen oder sonstige Kennungen. Der Anbieter verwendet diese Informationen, um Ihre Nutzung der Webseite auszuwerten, Berichte \u00fcber Webseitennutzung zu erstellen und uns andere Leistungen zur Nutzung der Webseite und des Internets zu bieten. Die Rechtsgrundlage f\u00fcr diese Verarbeitung ist Art. 6 Absatz 1 Satz 1 lit. f DSGVO. Die Verarbeitung beruht auf unserem berechtigten Interesse der Auswertung des Datenverkehrs auf unserer Webseite zur Steigerung Ihres Nutzungserlebnisses und zur allgemeinen Optimierung der Webseite.<\/p>\n<ol start=\"2\">\n<li><strong>Google Analytics<\/strong><br \/>\nWir verwenden den Webanalyse-Service Google Analytics der Google LLC, 1600 Amphitheatre Parkway, Mountain View, CA 94043, USA (\u201cGoogle\u201d). Google verwendet die aus dem Cookie gewonnenen Informationen in unserem Auftrag, um Ihre Nutzung der Webseite auszuwerten, Berichte \u00fcber Webseitennutzung zu erstellen und uns andere Leistungen zur Nutzung der Webseite und des Internets zu bieten. Wir haben bei Google Analytics die IP-Anonymisierung aktiviert. Ihre IP-Adresse wird also innerhalb von Mitgliedstaaten der Europ\u00e4ischen Union oder in anderen Vertragsstaaten des Abkommens \u00fcber den Europ\u00e4ischen Wirtschaftsraum zuvor gek\u00fcrzt. Nur in Ausnahmef\u00e4llen wird die volle IP-Adresse an einen Server von Google in den USA \u00fcbertragen und dort gek\u00fcrzt. Die im Rahmen von Google Analytics von Ihrem Browser \u00fcbermittelte IP-Adresse wird nicht mit anderen Daten, die Google besitzt, zusammengef\u00fchrt. Das Setzen eines solchen Cookies k\u00f6nnen Sie wie folgt verhindern:<\/li>\n<\/ol>\n<ul>\n<li>Durch eine entsprechende Einstellung in Ihrem Browser, die das Setzen von Cookies Dritter blockiert (bitte beachten Sie, dass Sie in diesem Fall eventuell nicht die volle Funktionalit\u00e4t der Website nutzen k\u00f6nnen)<\/li>\n<li>Sie k\u00f6nnen die Erhebung und Verarbeitung von Daten \u00fcber Ihre Nutzung der Website (einschlie\u00dflich Ihrer IP-Adresse) durch Google auch unterbinden, indem Sie das Browser Plug-In herunterladen und installieren, das Google unter folgendem Link anbietet: <a href=\"http:\/\/tools.google.com\/dlpage\/gaoptout\">http:\/\/tools.google.com\/dlpage\/gaoptout<\/a><\/li>\n<\/ul>\n<p>Weitere Informationen zum Thema Datenschutz und Google Analytics finden Sie auf der Website von Google: <a href=\"http:\/\/www.google.com\/analytics\/learn\/privacy.html?hl=de\">http:\/\/www.google.com\/analytics\/learn\/privacy.html?hl=de<\/a><\/p>\n<ol start=\"3\">\n<li><strong>Links zu Webseiten Dritter<\/strong><br \/>\nDiese Webseite umfasst ggf. Links zu Webseiten Dritter. Wir sind nicht verantwortlich f\u00fcr den Inhalt und die Datenverarbeitung auf den entsprechenden Webseiten Dritter. Informationen zur Datenverarbeitung auf den entsprechenden Webseiten finden Sie in der Datenschutzerkl\u00e4rung der entsprechenden Webseiten.<\/li>\n<\/ol>\n<p>&nbsp;<\/p>\n<ul>\n<li><strong>Weitergabe personenbezogener Daten an Dritte<\/strong><\/li>\n<\/ul>\n<p>Ihre personenbezogenen Daten werden ggf. Auftragnehmern offengelegt, die uns bei der Erbringung unserer Leistungen unterst\u00fctzen. Der Datentransfer findet auf Basis von Vereinbarungen zur Auftragsverarbeitung statt. Unsere Auftragnehmer werden Ihre personenbezogenen Daten in dem Umfang verwenden, der zur Erf\u00fcllung ihrer Aufgaben erforderlich ist. Sie sind vertraglich verpflichtet Ihre personenbezogenen Daten ausschlie\u00dflich in Ihrem Interesse und gem\u00e4\u00df Ihren Anfragen zu verarbeiten. Im Falle einer Umstrukturierung oder eines Verkaufs unseres Unternehmens an einen Dritten ist die \u00dcbermittlung Ihrer personenbezogenen Daten in Einklang mit geltendem Recht an die umstrukturierte Gesellschaft oder den Dritten m\u00f6glich. Falls wir dazu gesetzlich berechtigt oder verpflichtet sind (etwa aufgrund geltenden Rechts oder einer gerichtlichen Verf\u00fcgung), k\u00f6nnen wie Ihre personenbezogenen Daten offenlegen.<\/p>\n<p>&nbsp;<\/p>\n<ol>\n<li><strong>Sicherheit<\/strong><\/li>\n<\/ol>\n<p>Wir verf\u00fcgen \u00fcber angemessene, modernste Sicherheitsma\u00dfnahmen, um Ihre Daten vor Verlust, Zweckentfremdung und Ver\u00e4nderung zu sch\u00fctzen. So werden etwa unsere Sicherheitsrichtlinien und Datenschutzerkl\u00e4rungen regelm\u00e4\u00dfig \u00fcberpr\u00fcft und bei Bedarf verbessert. Zudem haben nur befugte Mitarbeiter Zugriff auf personenbezogene Daten. Obwohl wir nicht gew\u00e4hrleisten oder garantieren k\u00f6nnen, dass es nie zu Verlust, einer Zweckentfremdung oder Ver\u00e4nderung von Daten kommen wird, tun wir alles in unserer Macht Stehende, um dies zu verhindern. Bitte bedenken Sie, dass eine Daten\u00fcbermittlung \u00fcber das Internet nie vollkommen sicher ist. Die Sicherheit der auf unserer Webseite eingegebenen Daten k\u00f6nnen wir w\u00e4hrend der \u00dcbermittlung \u00fcber das Internet nicht garantieren. Dies geschieht auf Ihr eigenes Risiko.<\/p>\n<p>&nbsp;<\/p>\n<ol>\n<li><strong>Speicherfristen<\/strong><\/li>\n<\/ol>\n<p>Unser Ziel ist es, Ihre personenbezogenen Daten nur im geringstm\u00f6glichen Umfang zu verarbeiten. Sind in dieser Erkl\u00e4rung keine genauen Speicherfristen angegeben, werden wir Ihre personenbezogenen Daten nur so lange speichern, wie sie f\u00fcr die Erf\u00fcllung des Zweckes, f\u00fcr die sie urspr\u00fcnglich erhoben wurden, n\u00f6tig sind und \u2013 falls zutreffend \u2013 solange wie gesetzlich vorgeschrieben.<\/p>\n<p>&nbsp;<\/p>\n<ol>\n<li><strong>Ihre Rechte<\/strong><br \/>\nSie haben, je nach den Gegebenheiten des konkreten Falls, folgende Datenschutzrechte:<\/li>\n<\/ol>\n<ul>\n<li>Zugang zu Ihren personenbezogenen Daten und\/oder Kopien dieser Daten zu verlangen. Dies schlie\u00dft Ausk\u00fcnfte \u00fcber den Zweck der Nutzung, die Kategorie der genutzten Daten, deren Empf\u00e4nger und Zugriffsberechtigte sowie, falls m\u00f6glich, die geplante Dauer der Datenspeicherung oder, falls dies nicht m\u00f6glich ist, die Kriterien f\u00fcr die Festlegung dieser Dauer, ein;<\/li>\n<\/ul>\n<ul>\n<li>die Berichtigung, L\u00f6schung oder Einschr\u00e4nkung der Verarbeitung Ihrer personenbezogenen Daten zu verlangen, soweit deren Nutzung datenschutzrechtlich unzul\u00e4ssig ist, insbesondere, weil (i) die Daten unvollst\u00e4ndig oder unrichtig sind, (ii) sie f\u00fcr die Zwecke, f\u00fcr die sie erhoben wurden nicht mehr notwendig sind, (iii) die Einwilligung, auf die sich die Verarbeitung st\u00fctzte widerrufen wurde, oder (iv) Sie erfolgreich von einem Widerspruchsrecht zur Datenverarbeitung Gebrauch gemacht habe; in F\u00e4llen, in denen die Daten von dritten Parteien verarbeitet werden, werden wir Ihre Antr\u00e4ge auf Berichtigung, L\u00f6schung\u00a0 oder Einschr\u00e4nkung der Verarbeitung an diese dritten Parteien weiterleiten, es sei denn, dies erweist sich als unm\u00f6glich oder ist mit einem unverh\u00e4ltnism\u00e4\u00dfigen Aufwand verbunden;<\/li>\n<\/ul>\n<ul>\n<li>die Einwilligung zu verweigern oder \u2013 ohne Auswirkung auf die Rechtm\u00e4\u00dfigkeit der vor dem Widerruf erfolgten Datenverarbeitungen \u2013 Ihre Einwilligung zur Verarbeitung Ihrer personenbezogenen Daten jederzeit zu widerrufen;<\/li>\n<\/ul>\n<ul>\n<li>nicht einer ausschlie\u00dflich auf einer automatisierten Verarbeitung beruhenden Entscheidung unterworfen zu werden, die Ihnen gegen\u00fcber rechtliche Wirkung entfaltet oder in \u00e4hnlicher Weise erheblich beeintr\u00e4chtigt;<\/li>\n<\/ul>\n<ul>\n<li>die Sie betreffenden personenbezogenen Daten, die Sie uns bereitgestellt haben, in einem strukturierten, g\u00e4ngigen und maschinenlesbaren Format zu verlangen und diese Daten einem anderen Verantwortlichen ohne Behinderung durch uns zu \u00fcbermitteln; Sie haben gegebenenfalls auch das Recht zu verlangen, dass wir die personenbezogenen Daten direkt einem anderen Verantwortlichen \u00fcbermitteln, soweit dies technisch machbar ist;<\/li>\n<\/ul>\n<ul>\n<li>rechtliche Ma\u00dfnahmen zu ergreifen oder die zust\u00e4ndigen Aufsichtsbeh\u00f6rden anzurufen, wenn Sie der Ansicht sind, dass Ihre Rechte infolge einer nicht im Einklang mit den datenschutzrechtlichen Vorgaben stehenden Verarbeitung Ihrer personenbezogenen Daten verletzt wurden.<\/li>\n<\/ul>\n<p><strong>Zus\u00e4tzlich hierzu steht Ihnen das Recht zu, der Verarbeitung Ihrer personenbezogenen Daten jederzeit zu widersprechen:<\/strong><\/p>\n<ul>\n<li>sofern wir Ihre personenbezogenen Daten zu Zwecken der Direktwerbung verarbeiten; oder<\/li>\n<li>sofern wir Ihre personenbezogenen Daten zur Verfolgung unser berechtigten Interessen verarbeiten und Gr\u00fcnde vorliegen, die sich aus Ihrer besonderen Situation ergeben.<\/li>\n<\/ul>\n<p>Sie k\u00f6nnen (i) die oben genannten Rechte aus\u00fcben oder (ii) Fragen stellen oder (iii) Beschwerde gegen die durch uns erfolgende Verarbeitung Ihrer personenbezogenen Daten einlegen, indem Sie uns, wie weiter unten angegeben, kontaktieren.<\/p>\n<ul>\n<li><strong>Kontakt<\/strong><\/li>\n<\/ul>\n<p>Fragen, Bedenken oder Kommentare zu dieser Datenschutzerkl\u00e4rung bzw. Anfragen zu Ihren personenbezogenen Daten k\u00f6nnen Sie gerne per E-Mail an unseren Konzerndatenschutzbeauftragten richten. Unseren Datenschutzbeauftragten erreichen Sie unter info@burgersanitaer.it.<\/p>\n<p>Die Informationen, die Sie uns bei Ihrer Kontaktaufnahme zur Verf\u00fcgung stellen info@burgersanitaer.it werden nur verarbeitet, um Ihre Anfrage zu bearbeiten. Sie werden im Anschluss daran unverz\u00fcglich gel\u00f6scht. Alternativ dazu schr\u00e4nken wir die Verarbeitung Ihrer personenbezogenen Daten entsprechend der gesetzlichen Vorschriften zu Aufbewahrungspflichten ein.<\/p>\n<ul>\n<li><strong>\u00c4nderungen dieser Datenschutzerkl\u00e4rung<\/strong><\/li>\n<\/ul>\n<p>Wir behalten uns vor, diese Datenschutzerkl\u00e4rung entsprechend der Aktualisierung unserer Webseite jeweils zu \u00e4ndern. Besuchen Sie diese Webseite bitte regelm\u00e4\u00dfig und sehen Sie sich die jeweils aktuelle Datenschutzerkl\u00e4rung an. Diese Datenschutzerkl\u00e4rung wurde zuletzt aktualisiert am 16. Mai 2018.<\/p>\n      <\/div>\n    <\/div>\n  <\/div>\n<\/section>\n","protected":false},"excerpt":{"rendered":"","protected":false},"author":1,"featured_media":0,"parent":0,"menu_order":0,"comment_status":"closed","ping_status":"open","template":"","meta":{"_acf_changed":false,"footnotes":""},"class_list":["post-3","page","type-page","status-publish","hentry"],"acf":[],"yoast_head":"<!-- This site is optimized with the Yoast SEO plugin v27.4 - https:\/\/yoast.com\/product\/yoast-seo-wordpress\/ -->\n<title>Datenschutzerkl\u00e4rung - Burger Sanit\u00e4r<\/title>\n<meta name=\"robots\" content=\"index, follow, max-snippet:-1, max-image-preview:large, max-video-preview:-1\" \/>\n<link rel=\"canonical\" href=\"https:\/\/burgersanitaer.com\/de\/privacy-policy\/\" \/>\n<meta property=\"og:locale\" content=\"de_DE\" \/>\n<meta property=\"og:type\" content=\"article\" \/>\n<meta property=\"og:title\" content=\"Datenschutzerkl\u00e4rung - Burger Sanit\u00e4r\" \/>\n<meta property=\"og:url\" content=\"https:\/\/burgersanitaer.com\/de\/privacy-policy\/\" \/>\n<meta property=\"og:site_name\" content=\"Burger Sanit\u00e4r\" \/>\n<meta property=\"article:modified_time\" content=\"2022-09-09T11:57:43+00:00\" \/>\n<meta name=\"twitter:card\" content=\"summary_large_image\" \/>\n<script type=\"application\/ld+json\" class=\"yoast-schema-graph\">{\"@context\":\"https:\\\/\\\/schema.org\",\"@graph\":[{\"@type\":\"WebPage\",\"@id\":\"https:\\\/\\\/burgersanitaer.com\\\/de\\\/privacy-policy\\\/\",\"url\":\"https:\\\/\\\/burgersanitaer.com\\\/de\\\/privacy-policy\\\/\",\"name\":\"Datenschutzerkl\u00e4rung - Burger Sanit\u00e4r\",\"isPartOf\":{\"@id\":\"https:\\\/\\\/burgersanitaer.com\\\/de\\\/#website\"},\"datePublished\":\"2021-12-23T10:23:40+00:00\",\"dateModified\":\"2022-09-09T11:57:43+00:00\",\"breadcrumb\":{\"@id\":\"https:\\\/\\\/burgersanitaer.com\\\/de\\\/privacy-policy\\\/#breadcrumb\"},\"inLanguage\":\"de\",\"potentialAction\":[{\"@type\":\"ReadAction\",\"target\":[\"https:\\\/\\\/burgersanitaer.com\\\/de\\\/privacy-policy\\\/\"]}]},{\"@type\":\"BreadcrumbList\",\"@id\":\"https:\\\/\\\/burgersanitaer.com\\\/de\\\/privacy-policy\\\/#breadcrumb\",\"itemListElement\":[{\"@type\":\"ListItem\",\"position\":1,\"name\":\"Startseite\",\"item\":\"https:\\\/\\\/burgersanitaer.com\\\/de\\\/\"},{\"@type\":\"ListItem\",\"position\":2,\"name\":\"Datenschutzerkl\u00e4rung\"}]},{\"@type\":\"WebSite\",\"@id\":\"https:\\\/\\\/burgersanitaer.com\\\/de\\\/#website\",\"url\":\"https:\\\/\\\/burgersanitaer.com\\\/de\\\/\",\"name\":\"Burger Sanit\u00e4r\",\"description\":\"\",\"potentialAction\":[{\"@type\":\"SearchAction\",\"target\":{\"@type\":\"EntryPoint\",\"urlTemplate\":\"https:\\\/\\\/burgersanitaer.com\\\/de\\\/?s={search_term_string}\"},\"query-input\":{\"@type\":\"PropertyValueSpecification\",\"valueRequired\":true,\"valueName\":\"search_term_string\"}}],\"inLanguage\":\"de\"}]}<\/script>\n<!-- \/ Yoast SEO plugin. -->","yoast_head_json":{"title":"Datenschutzerkl\u00e4rung - Burger Sanit\u00e4r","robots":{"index":"index","follow":"follow","max-snippet":"max-snippet:-1","max-image-preview":"max-image-preview:large","max-video-preview":"max-video-preview:-1"},"canonical":"https:\/\/burgersanitaer.com\/de\/privacy-policy\/","og_locale":"de_DE","og_type":"article","og_title":"Datenschutzerkl\u00e4rung - Burger Sanit\u00e4r","og_url":"https:\/\/burgersanitaer.com\/de\/privacy-policy\/","og_site_name":"Burger Sanit\u00e4r","article_modified_time":"2022-09-09T11:57:43+00:00","twitter_card":"summary_large_image","schema":{"@context":"https:\/\/schema.org","@graph":[{"@type":"WebPage","@id":"https:\/\/burgersanitaer.com\/de\/privacy-policy\/","url":"https:\/\/burgersanitaer.com\/de\/privacy-policy\/","name":"Datenschutzerkl\u00e4rung - Burger Sanit\u00e4r","isPartOf":{"@id":"https:\/\/burgersanitaer.com\/de\/#website"},"datePublished":"2021-12-23T10:23:40+00:00","dateModified":"2022-09-09T11:57:43+00:00","breadcrumb":{"@id":"https:\/\/burgersanitaer.com\/de\/privacy-policy\/#breadcrumb"},"inLanguage":"de","potentialAction":[{"@type":"ReadAction","target":["https:\/\/burgersanitaer.com\/de\/privacy-policy\/"]}]},{"@type":"BreadcrumbList","@id":"https:\/\/burgersanitaer.com\/de\/privacy-policy\/#breadcrumb","itemListElement":[{"@type":"ListItem","position":1,"name":"Startseite","item":"https:\/\/burgersanitaer.com\/de\/"},{"@type":"ListItem","position":2,"name":"Datenschutzerkl\u00e4rung"}]},{"@type":"WebSite","@id":"https:\/\/burgersanitaer.com\/de\/#website","url":"https:\/\/burgersanitaer.com\/de\/","name":"Burger Sanit\u00e4r","description":"","potentialAction":[{"@type":"SearchAction","target":{"@type":"EntryPoint","urlTemplate":"https:\/\/burgersanitaer.com\/de\/?s={search_term_string}"},"query-input":{"@type":"PropertyValueSpecification","valueRequired":true,"valueName":"search_term_string"}}],"inLanguage":"de"}]}},"_links":{"self":[{"href":"https:\/\/burgersanitaer.com\/de\/wp-json\/wp\/v2\/pages\/3","targetHints":{"allow":["GET"]}}],"collection":[{"href":"https:\/\/burgersanitaer.com\/de\/wp-json\/wp\/v2\/pages"}],"about":[{"href":"https:\/\/burgersanitaer.com\/de\/wp-json\/wp\/v2\/types\/page"}],"author":[{"embeddable":true,"href":"https:\/\/burgersanitaer.com\/de\/wp-json\/wp\/v2\/users\/1"}],"replies":[{"embeddable":true,"href":"https:\/\/burgersanitaer.com\/de\/wp-json\/wp\/v2\/comments?post=3"}],"version-history":[{"count":4,"href":"https:\/\/burgersanitaer.com\/de\/wp-json\/wp\/v2\/pages\/3\/revisions"}],"predecessor-version":[{"id":1644,"href":"https:\/\/burgersanitaer.com\/de\/wp-json\/wp\/v2\/pages\/3\/revisions\/1644"}],"wp:attachment":[{"href":"https:\/\/burgersanitaer.com\/de\/wp-json\/wp\/v2\/media?parent=3"}],"curies":[{"name":"wp","href":"https:\/\/api.w.org\/{rel}","templated":true}]}}