{"id":2,"date":"2021-12-23T10:23:40","date_gmt":"2021-12-23T10:23:40","guid":{"rendered":"https:\/\/burger.ochner.eu\/?page_id=2"},"modified":"2026-03-12T17:01:28","modified_gmt":"2026-03-12T16:01:28","slug":"home","status":"publish","type":"page","link":"https:\/\/burgersanitaer.com\/de\/","title":{"rendered":"Home"},"content":{"rendered":"<section class=\"header-fs-block \">\n    <div class=\"bg-media\">\n            <img class=\"fo-resp-img \" data-srcset='[{\"src\":\"https:\\\/\\\/burgersanitaer.com\\\/wp-content\\\/uploads\\\/2026\\\/03\\\/iStock1-1920x1080.jpg\",\"width\":1920,\"height\":1080},{\"src\":\"https:\\\/\\\/burgersanitaer.com\\\/wp-content\\\/uploads\\\/2026\\\/03\\\/iStock1-1240x698.jpg\",\"width\":1240,\"height\":698}]'\n    height=\"1080\" width=\"1920\"       alt=\"\" loading=\"lazy\">\n            <\/div>\n    <div class=\"container\">\n    <div class=\"col header-fs-block--text\">\n      <h1 class=\"header-fs-block--text-title\">Weil es sich gut anf\u00fchlt<\/h1>\n      <h4 class=\"header-fs-block--text-subtitle\">Qualit\u00e4t seit \u00fcber 50 Jahren<\/h4>\n    <\/div>\n      <\/div>\n<\/section>\n\n\n<section class=\"text-block section inverted\">\n  <div class=\"container container-11\">\n    <div class=\"col\">\n      <h1 class=\"text-block--title\">\n        SAUBER, PROFESSIONELL, LEIDENSCHAFTLICH      <\/h1>\n    <\/div>\n    <div class=\"col text-block--content\">\n              <div class=\"text-block--content-excerpt\">\n          <p>So sehen wir unseren Beruf und so handeln wir auch! Seit \u00fcber 50 Jahren realisiert BURGER thermo sanitaer als zweitgr\u00f6\u00dfter Komplettanbieter des Pustertals in der Geb\u00e4udetechnik als Hydrauliker und Installateur individuelle W\u00fcnsche mit besonderen Anspr\u00fcchen. Ob ein Designbad aus unserer 350 &#8230;\n          <br \/>\n          <br \/>\n          <a class=\"btn btn-arrow-down btn-inverted\">Mehr lesen<\/a>\n        <\/div>\n            <div class=\"text-block--content-all\">\n        <p>So sehen wir unseren Beruf und so handeln wir auch! Seit \u00fcber 50 Jahren realisiert BURGER thermo sanitaer als zweitgr\u00f6\u00dfter Komplettanbieter des Pustertals in der Geb\u00e4udetechnik als Hydrauliker und Installateur individuelle W\u00fcnsche mit besonderen Anspr\u00fcchen. Ob ein Designbad aus unserer 350 m\u00b2 gro\u00dfen Badausstellung oder hochtechnisierten Heizungs-, L\u00fcftungs- und Sanit\u00e4rsystemen aus unserem Geb\u00e4udetechnik-Showroom in Echtbetrieb: Unser Rundum-Service f\u00fcr Privatkunden, Handwerk, Industrie und Hotellerie ist einzigartig in der Branche.<\/p>\n      <\/div>\n    <\/div>\n  <\/div>\n<\/section>\n\n\n<div class=\"highlights-block section\" data-active=\"0\">\n      <div class=\"highlights-block--item active\" data-slider-id=\"0\">\n      <div class=\"container container-21\">\n        <div class=\"col highlights-block--item-image\">\n            <img class=\"fo-resp-img \" data-srcset='[{\"src\":\"https:\\\/\\\/burgersanitaer.com\\\/wp-content\\\/uploads\\\/2023\\\/03\\\/l64_mood_nrt_wg-wg_hero.jpg\",\"width\":1280,\"height\":740},{\"src\":\"https:\\\/\\\/burgersanitaer.com\\\/wp-content\\\/uploads\\\/2023\\\/03\\\/l64_mood_nrt_wg-wg_hero-1240x698.jpg\",\"width\":1240,\"height\":698}]'\n    height=\"740\" width=\"1280\"       alt=\"\" loading=\"lazy\">\n          <\/div>\n        <div class=\"col highlights-block--item-content\">\n          <h1 class=\"highlights-block--item-title\">\n            BURGER            <img decoding=\"async\" src=\"https:\/\/burgersanitaer.com\/wp-content\/themes\/theme_burger\/assets\/images\/chain-yellow.svg\" loading=\"lazy\" alt=\"\">\n          <\/h1>\n          <p class=\"highlights-block--item-description\">Jedes Bad ist eine Ma\u00dfanfertigung, die Ihrem Geschmack und Ihren Bed\u00fcrfnissen entspricht. Ein Raum mit Charakter, Ihrem Charakter. Lassen Sie uns beginnen \u2026<\/p>\n          <h3 class=\"highlights-block--item-subtitle\">\u2026 mit ehrlichen und offenen Gespr\u00e4chen zum perfekten Ergebnis!<\/h3>\n                      <a\n              class=\"btn btn-inverted\"\n              href=\"https:\/\/burgersanitaer.com\/de\/ueber-uns\/\"\n              target=\"\">\n              Hier mehr erfahren            <\/a>\n                  <\/div>\n        <div class=\"slider-block--pagination\">\n                      <button\n              class=\"slider-block--pagination-dot active\"\n              data-slider-id=\"0\"\n            ><\/button>\n                      <button\n              class=\"slider-block--pagination-dot \"\n              data-slider-id=\"1\"\n            ><\/button>\n                      <button\n              class=\"slider-block--pagination-dot \"\n              data-slider-id=\"2\"\n            ><\/button>\n                  <\/div>\n      <\/div>\n    <\/div>\n      <div class=\"highlights-block--item \" data-slider-id=\"1\">\n      <div class=\"container container-21\">\n        <div class=\"col highlights-block--item-image\">\n            <img class=\"fo-resp-img \" data-srcset='[{\"src\":\"https:\\\/\\\/burgersanitaer.com\\\/wp-content\\\/uploads\\\/2022\\\/08\\\/burger_sanitaer_waermepumpen_header_1-1920x1080.jpg\",\"width\":1920,\"height\":1080},{\"src\":\"https:\\\/\\\/burgersanitaer.com\\\/wp-content\\\/uploads\\\/2022\\\/08\\\/burger_sanitaer_waermepumpen_header_1-1240x698.jpg\",\"width\":1240,\"height\":698}]'\n    height=\"1080\" width=\"1920\"       alt=\"\" loading=\"lazy\">\n          <\/div>\n        <div class=\"col highlights-block--item-content\">\n          <h1 class=\"highlights-block--item-title\">\n            TECHNIK            <img decoding=\"async\" src=\"https:\/\/burgersanitaer.com\/wp-content\/themes\/theme_burger\/assets\/images\/chain-yellow.svg\" loading=\"lazy\" alt=\"\">\n          <\/h1>\n          <p class=\"highlights-block--item-description\">Die richtige Technik f\u00fcr Ihr Zuhause, Ihr Hotel oder Ihr Unternehmen zu finden, ist bei uns ganz einfach.<\/p>\n          <h3 class=\"highlights-block--item-subtitle\">Wir beraten Sie gerne, damit Sie die richtige Wahl treffen!<\/h3>\n                      <a\n              class=\"btn btn-inverted\"\n              href=\"https:\/\/burgersanitaer.com\/de\/spektrum\/\"\n              target=\"\">\n              Hier mehr erfahren            <\/a>\n                  <\/div>\n        <div class=\"slider-block--pagination\">\n                      <button\n              class=\"slider-block--pagination-dot \"\n              data-slider-id=\"0\"\n            ><\/button>\n                      <button\n              class=\"slider-block--pagination-dot active\"\n              data-slider-id=\"1\"\n            ><\/button>\n                      <button\n              class=\"slider-block--pagination-dot \"\n              data-slider-id=\"2\"\n            ><\/button>\n                  <\/div>\n      <\/div>\n    <\/div>\n      <div class=\"highlights-block--item \" data-slider-id=\"2\">\n      <div class=\"container container-21\">\n        <div class=\"col highlights-block--item-image\">\n            <img class=\"fo-resp-img \" data-srcset='[{\"src\":\"https:\\\/\\\/burgersanitaer.com\\\/wp-content\\\/uploads\\\/2022\\\/09\\\/burger-thermo-sanitaer-suedtirol-musterraum-showroom-1920x1080.jpg\",\"width\":1920,\"height\":1080},{\"src\":\"https:\\\/\\\/burgersanitaer.com\\\/wp-content\\\/uploads\\\/2022\\\/09\\\/burger-thermo-sanitaer-suedtirol-musterraum-showroom-1240x698.jpg\",\"width\":1240,\"height\":698}]'\n    height=\"1080\" width=\"1920\"       alt=\"\" loading=\"lazy\">\n          <\/div>\n        <div class=\"col highlights-block--item-content\">\n          <h1 class=\"highlights-block--item-title\">\n            SHOWROOM            <img decoding=\"async\" src=\"https:\/\/burgersanitaer.com\/wp-content\/themes\/theme_burger\/assets\/images\/chain-yellow.svg\" loading=\"lazy\" alt=\"\">\n          <\/h1>\n          <p class=\"highlights-block--item-description\">Anfassen, testen und staunen \u2013 das k\u00f6nnen Sie bei uns mit einer kompetenten Beratung im 360\u00b0 Showroom und in unserem neuen Musterraum, der kreativen Werkstatt f\u00fcr Kunden und Planer.<\/p>\n          <h3 class=\"highlights-block--item-subtitle\">Nehmen Sie diese einzigartige M\u00f6glichkeit wahr!<\/h3>\n                      <a\n              class=\"btn btn-inverted\"\n              href=\"https:\/\/burgersanitaer.com\/de\/showroom\/\"\n              target=\"\">\n              Hier mehr erfahren            <\/a>\n                  <\/div>\n        <div class=\"slider-block--pagination\">\n                      <button\n              class=\"slider-block--pagination-dot \"\n              data-slider-id=\"0\"\n            ><\/button>\n                      <button\n              class=\"slider-block--pagination-dot \"\n              data-slider-id=\"1\"\n            ><\/button>\n                      <button\n              class=\"slider-block--pagination-dot active\"\n              data-slider-id=\"2\"\n            ><\/button>\n                  <\/div>\n      <\/div>\n    <\/div>\n  <\/div>\n\n\n<div class=\"image-block \">\r\n      <img class=\"fo-resp-img \" data-srcset='[{\"src\":\"https:\\\/\\\/burgersanitaer.com\\\/wp-content\\\/uploads\\\/2025\\\/05\\\/\\u00a9rotwild-BURGER-4575-1-1930x1185.jpg\",\"width\":1930,\"height\":1185},{\"src\":\"https:\\\/\\\/burgersanitaer.com\\\/wp-content\\\/uploads\\\/2025\\\/05\\\/\\u00a9rotwild-BURGER-4575-1-1200x737.jpg\",\"width\":1200,\"height\":737},{\"src\":\"https:\\\/\\\/burgersanitaer.com\\\/wp-content\\\/uploads\\\/2025\\\/05\\\/\\u00a9rotwild-BURGER-4575-1-730x448.jpg\",\"width\":730,\"height\":448},{\"src\":\"https:\\\/\\\/burgersanitaer.com\\\/wp-content\\\/uploads\\\/2025\\\/05\\\/\\u00a9rotwild-BURGER-4575-1-460x283.jpg\",\"width\":460,\"height\":283}]'\n    height=\"1185\" width=\"1930\"       alt=\"\" loading=\"lazy\">\n  <\/div>\r\n\r\n\n\n<div class=\"projects-block \">\n  <div class=\"container container-003\">\n    <div class=\"col projects-block--heading\">\n      <h1>PROJEKTE ZUM DURCHST\u00d6BERN<\/h1>\n      <h4>Hier bekommen Sie einen Eindruck unserer ausgef\u00fchrten Arbeiten.<\/h4>\n    <\/div>\n  <\/div>\n  <div class=\"slider-block \" data-active=\"0\">\n            <div class=\"slider-block--item active\" data-slider-id=\"0\">\n        <div class=\"col slider-block--image\">\n          <a href=\"https:\/\/burgersanitaer.com\/de\/referenzen\/\">\n              <img class=\"fo-resp-img \" data-srcset='[{\"src\":\"https:\\\/\\\/burgersanitaer.com\\\/wp-content\\\/uploads\\\/2022\\\/10\\\/burger-thermo-sanitaer-suedtirol-referenzen-anus-1-1502x1080.jpg\",\"width\":1502,\"height\":1080},{\"src\":\"https:\\\/\\\/burgersanitaer.com\\\/wp-content\\\/uploads\\\/2022\\\/10\\\/burger-thermo-sanitaer-suedtirol-referenzen-anus-1-1240x698.jpg\",\"width\":1240,\"height\":698}]'\n    height=\"1080\" width=\"1502\"       alt=\"\" loading=\"lazy\">\n            <\/a>\n        <\/div>\n        <div class=\"col slider-block--image\">\n          <a href=\"https:\/\/burgersanitaer.com\/de\/referenzen\/\">\n              <img class=\"fo-resp-img \" data-srcset='[{\"src\":\"https:\\\/\\\/burgersanitaer.com\\\/wp-content\\\/uploads\\\/2022\\\/10\\\/burger-thermo-sanitaer-suedtirol-referenzen-anus-3-1920x1080.jpg\",\"width\":1920,\"height\":1080},{\"src\":\"https:\\\/\\\/burgersanitaer.com\\\/wp-content\\\/uploads\\\/2022\\\/10\\\/burger-thermo-sanitaer-suedtirol-referenzen-anus-3-1240x698.jpg\",\"width\":1240,\"height\":698}]'\n    height=\"1080\" width=\"1920\"       alt=\"\" loading=\"lazy\">\n                        <\/a>\n        <\/div>\n                  <div class=\"col slider-block--pagination\">\n                          <button class=\"slider-block--pagination-dot active\" data-slider-id=\"0\"><\/button>\n                          <button class=\"slider-block--pagination-dot \" data-slider-id=\"1\"><\/button>\n                          <button class=\"slider-block--pagination-dot \" data-slider-id=\"2\"><\/button>\n                      <\/div>\n                <div class=\"col slider-block--content\">\n                      <div class=\"slider-block--content-description\">Bei uns finden Sie viele neue Ideen f\u00fcr Ihre Badeinrichtung oder Sanierung.<\/div>\n                                <div class=\"slider-block--content-actions\">\n                              <h3 class=\"slider-block--content-actions-subtitle\">Interessiert an unseren weiteren Projekten?<\/h3>\n                                            <a\n                  href=\"https:\/\/burgersanitaer.com\/de\/referenzen\/\"                  class=\"slider-block--content-actions-link btn\">\n                  Hier mehr erfahren                <\/a>\n                          <\/div>\n                  <\/div>\n      <\/div>\n          <div class=\"slider-block--item \" data-slider-id=\"1\">\n        <div class=\"col slider-block--image\">\n          <a href=\"https:\/\/burgersanitaer.com\/de\/referenzen\/\">\n              <img class=\"fo-resp-img \" data-srcset='[{\"src\":\"https:\\\/\\\/burgersanitaer.com\\\/wp-content\\\/uploads\\\/2022\\\/03\\\/burger_sanitear_referenz_seehof_1-1920x1080.jpeg\",\"width\":1920,\"height\":1080},{\"src\":\"https:\\\/\\\/burgersanitaer.com\\\/wp-content\\\/uploads\\\/2022\\\/03\\\/burger_sanitear_referenz_seehof_1-1240x698.jpeg\",\"width\":1240,\"height\":698}]'\n    height=\"1080\" width=\"1920\"       alt=\"\" loading=\"lazy\">\n            <\/a>\n        <\/div>\n        <div class=\"col slider-block--image\">\n          <a href=\"https:\/\/burgersanitaer.com\/de\/referenzen\/\">\n              <img class=\"fo-resp-img \" data-srcset='[{\"src\":\"https:\\\/\\\/burgersanitaer.com\\\/wp-content\\\/uploads\\\/2022\\\/03\\\/burger_sanitear_referenz_seehof_2.jpg\",\"width\":1500,\"height\":1000},{\"src\":\"https:\\\/\\\/burgersanitaer.com\\\/wp-content\\\/uploads\\\/2022\\\/03\\\/burger_sanitear_referenz_seehof_2-1240x698.jpg\",\"width\":1240,\"height\":698}]'\n    height=\"1000\" width=\"1500\"       alt=\"\" loading=\"lazy\">\n                        <\/a>\n        <\/div>\n                  <div class=\"col slider-block--pagination\">\n                          <button class=\"slider-block--pagination-dot \" data-slider-id=\"0\"><\/button>\n                          <button class=\"slider-block--pagination-dot active\" data-slider-id=\"1\"><\/button>\n                          <button class=\"slider-block--pagination-dot \" data-slider-id=\"2\"><\/button>\n                      <\/div>\n                <div class=\"col slider-block--content\">\n                      <div class=\"slider-block--content-description\">Bei uns finden Sie viele neue Ideen f\u00fcr Ihre Badeinrichtung oder Sanierung.<\/div>\n                                <div class=\"slider-block--content-actions\">\n                              <h3 class=\"slider-block--content-actions-subtitle\">Interessiert an unseren weiteren Projekten?<\/h3>\n                                            <a\n                  href=\"https:\/\/burgersanitaer.com\/de\/referenzen\/\"                  class=\"slider-block--content-actions-link btn\">\n                  Hier mehr erfahren                <\/a>\n                          <\/div>\n                  <\/div>\n      <\/div>\n          <div class=\"slider-block--item \" data-slider-id=\"2\">\n        <div class=\"col slider-block--image\">\n          <a href=\"https:\/\/burgersanitaer.com\/de\/referenzen\/\">\n              <img class=\"fo-resp-img \" data-srcset='[{\"src\":\"https:\\\/\\\/burgersanitaer.com\\\/wp-content\\\/uploads\\\/2021\\\/12\\\/burger_sanitear_referenz_milla_montis_2-1920x1080.jpg\",\"width\":1920,\"height\":1080},{\"src\":\"https:\\\/\\\/burgersanitaer.com\\\/wp-content\\\/uploads\\\/2021\\\/12\\\/burger_sanitear_referenz_milla_montis_2-1240x698.jpg\",\"width\":1240,\"height\":698}]'\n    height=\"1080\" width=\"1920\"       alt=\"\" loading=\"lazy\">\n            <\/a>\n        <\/div>\n        <div class=\"col slider-block--image\">\n          <a href=\"https:\/\/burgersanitaer.com\/de\/referenzen\/\">\n              <img class=\"fo-resp-img \" data-srcset='[{\"src\":\"https:\\\/\\\/burgersanitaer.com\\\/wp-content\\\/uploads\\\/2021\\\/12\\\/burger_sanitear_referenz_milla_montis_4-1920x1080.jpg\",\"width\":1920,\"height\":1080},{\"src\":\"https:\\\/\\\/burgersanitaer.com\\\/wp-content\\\/uploads\\\/2021\\\/12\\\/burger_sanitear_referenz_milla_montis_4-1240x698.jpg\",\"width\":1240,\"height\":698}]'\n    height=\"1080\" width=\"1920\"       alt=\"\" loading=\"lazy\">\n                        <\/a>\n        <\/div>\n                  <div class=\"col slider-block--pagination\">\n                          <button class=\"slider-block--pagination-dot \" data-slider-id=\"0\"><\/button>\n                          <button class=\"slider-block--pagination-dot \" data-slider-id=\"1\"><\/button>\n                          <button class=\"slider-block--pagination-dot active\" data-slider-id=\"2\"><\/button>\n                      <\/div>\n                <div class=\"col slider-block--content\">\n                      <div class=\"slider-block--content-description\">Bei uns finden Sie viele neue Ideen f\u00fcr Ihre Badeinrichtung oder Sanierung.<\/div>\n                                <div class=\"slider-block--content-actions\">\n                              <h3 class=\"slider-block--content-actions-subtitle\">Interessiert an unseren weiteren Projekten?<\/h3>\n                                            <a\n                  href=\"https:\/\/burgersanitaer.com\/de\/referenzen\/\"                  class=\"slider-block--content-actions-link btn\">\n                  Hier mehr erfahren                <\/a>\n                          <\/div>\n                  <\/div>\n      <\/div>\n      <\/div>\n<\/div>\n\n\n<section class=\"text-block  inverted\">\n  <div class=\"container container-11\">\n    <div class=\"col\">\n      <h1 class=\"text-block--title\">\n        BEI UNS KANNST DU DAMPF ABLASSEN      <\/h1>\n    <\/div>\n    <div class=\"col text-block--content\">\n              <div class=\"text-block--content-excerpt\">\n          <p>Bei uns zu arbeiten bedeutet Abwechslung. Mit jedem unserer Mitarbeiter wachsen auch wir an Erfahrung, Know-how und nat\u00fcrlich an Gr\u00f6\u00dfe. Wir sind offen f\u00fcr neue Ideen, unabh\u00e4ngig davon, ob sie vom erfahrenen Projektleiter oder vom Lehrling kommen. Wir sind gut \u2013 aber nur gemeinsam sind wir &#8230;\n          <br \/>\n          <br \/>\n          <a class=\"btn btn-arrow-down btn-inverted\">Mehr lesen<\/a>\n        <\/div>\n            <div class=\"text-block--content-all\">\n        <p>Bei uns zu arbeiten bedeutet Abwechslung. Mit jedem unserer Mitarbeiter wachsen auch wir an Erfahrung, Know-how und nat\u00fcrlich an Gr\u00f6\u00dfe. Wir sind offen f\u00fcr neue Ideen, unabh\u00e4ngig davon, ob sie vom erfahrenen Projektleiter oder vom Lehrling kommen. Wir sind gut \u2013 aber nur gemeinsam sind wir unschlagbar.<\/p>\n<p>Das Team sollten Sie sich merken!<\/p>\n<p><a class=\"btn btn-inverted\" href=\"https:\/\/burgersanitaer.com\/de\/team\/\">Hier mehr zum Team erfahren<\/a><\/p>\n      <\/div>\n    <\/div>\n  <\/div>\n<\/section>\n\n\n<section class=\"appointment-block \">\n    <div class=\"container container-030\">\n      <div class=\"col appointment-block--wrapper\">\n        <h1 class=\"appointment-block--title\">ES KANN SO EINFACH SEIN<\/h1>\n        <div class=\"appointment-block--content\">\n          <p class=\"appointment-block--content-text\">\n            Wagen Sie den ersten Schritt, verraten Sie uns Ihre W\u00fcnsche f\u00fcr Ihr Bad Design und wir werden die gesamte Badgestaltung bei einem unverbindlichen Termin besprechen. Gerne k\u00f6nnen Sie sich bei Gelegenheit auch unseren 360\u00b0 Showroom ansehen. Es lohnt sich!          <\/p>\n          <a class=\"btn btn-white-arrow btn-on-yellow\" data-open-modal=\"contact\">Jetzt Termin vereinbaren<\/a>\n        <\/div>\n      <\/div>\n    <\/div>\n  <\/section>\n","protected":false},"excerpt":{"rendered":"","protected":false},"author":1,"featured_media":0,"parent":0,"menu_order":0,"comment_status":"closed","ping_status":"open","template":"","meta":{"_acf_changed":false,"footnotes":""},"class_list":["post-2","page","type-page","status-publish","hentry"],"acf":[],"yoast_head":"<!-- This site is optimized with the Yoast SEO plugin v27.4 - https:\/\/yoast.com\/product\/yoast-seo-wordpress\/ -->\n<title>Thermo &amp; Sanit\u00e4r | Hydrauliker Burger in S\u00fcdtirol<\/title>\n<meta name=\"description\" content=\"Seit \u00fcber 50 Jahren ihr Komplettanbieter f\u00fcr: Heizung, Sanit\u00e4r, L\u00fcftung, Geb\u00e4udetechnik, Fernw\u00e4rme, Trinkwasseraufbereitung, W\u00e4rmepumpen, Trink- und Regenwasseranlagen, Solar und vieles mehr rund ums Haus.\" \/>\n<meta name=\"robots\" content=\"index, follow, max-snippet:-1, max-image-preview:large, max-video-preview:-1\" \/>\n<link rel=\"canonical\" href=\"https:\/\/burgersanitaer.com\/de\/\" \/>\n<meta property=\"og:locale\" content=\"de_DE\" \/>\n<meta property=\"og:type\" content=\"article\" \/>\n<meta property=\"og:title\" content=\"Thermo &amp; Sanit\u00e4r | Hydrauliker Burger in S\u00fcdtirol\" \/>\n<meta property=\"og:description\" content=\"Seit \u00fcber 50 Jahren ihr Komplettanbieter f\u00fcr: Heizung, Sanit\u00e4r, L\u00fcftung, Geb\u00e4udetechnik, Fernw\u00e4rme, Trinkwasseraufbereitung, W\u00e4rmepumpen, Trink- und Regenwasseranlagen, Solar und vieles mehr rund ums Haus.\" \/>\n<meta property=\"og:url\" content=\"https:\/\/burgersanitaer.com\/de\/\" \/>\n<meta property=\"og:site_name\" content=\"Burger Sanit\u00e4r\" \/>\n<meta property=\"article:modified_time\" content=\"2026-03-12T16:01:28+00:00\" \/>\n<meta name=\"twitter:card\" content=\"summary_large_image\" \/>\n<script type=\"application\/ld+json\" class=\"yoast-schema-graph\">{\"@context\":\"https:\\\/\\\/schema.org\",\"@graph\":[{\"@type\":\"WebPage\",\"@id\":\"https:\\\/\\\/burgersanitaer.com\\\/de\\\/\",\"url\":\"https:\\\/\\\/burgersanitaer.com\\\/de\\\/\",\"name\":\"Thermo & Sanit\u00e4r | Hydrauliker Burger in S\u00fcdtirol\",\"isPartOf\":{\"@id\":\"https:\\\/\\\/burgersanitaer.com\\\/de\\\/#website\"},\"datePublished\":\"2021-12-23T10:23:40+00:00\",\"dateModified\":\"2026-03-12T16:01:28+00:00\",\"description\":\"Seit \u00fcber 50 Jahren ihr Komplettanbieter f\u00fcr: Heizung, Sanit\u00e4r, L\u00fcftung, Geb\u00e4udetechnik, Fernw\u00e4rme, Trinkwasseraufbereitung, W\u00e4rmepumpen, Trink- und Regenwasseranlagen, Solar und vieles mehr rund ums Haus.\",\"breadcrumb\":{\"@id\":\"https:\\\/\\\/burgersanitaer.com\\\/de\\\/#breadcrumb\"},\"inLanguage\":\"de\",\"potentialAction\":[{\"@type\":\"ReadAction\",\"target\":[\"https:\\\/\\\/burgersanitaer.com\\\/de\\\/\"]}]},{\"@type\":\"BreadcrumbList\",\"@id\":\"https:\\\/\\\/burgersanitaer.com\\\/de\\\/#breadcrumb\",\"itemListElement\":[{\"@type\":\"ListItem\",\"position\":1,\"name\":\"Startseite\",\"item\":\"https:\\\/\\\/burgersanitaer.com\\\/de\\\/\"},{\"@type\":\"ListItem\",\"position\":2,\"name\":\"Home\"}]},{\"@type\":\"WebSite\",\"@id\":\"https:\\\/\\\/burgersanitaer.com\\\/de\\\/#website\",\"url\":\"https:\\\/\\\/burgersanitaer.com\\\/de\\\/\",\"name\":\"Burger Sanit\u00e4r\",\"description\":\"\",\"potentialAction\":[{\"@type\":\"SearchAction\",\"target\":{\"@type\":\"EntryPoint\",\"urlTemplate\":\"https:\\\/\\\/burgersanitaer.com\\\/de\\\/?s={search_term_string}\"},\"query-input\":{\"@type\":\"PropertyValueSpecification\",\"valueRequired\":true,\"valueName\":\"search_term_string\"}}],\"inLanguage\":\"de\"}]}<\/script>\n<!-- \/ Yoast SEO plugin. -->","yoast_head_json":{"title":"Thermo & Sanit\u00e4r | Hydrauliker Burger in S\u00fcdtirol","description":"Seit \u00fcber 50 Jahren ihr Komplettanbieter f\u00fcr: Heizung, Sanit\u00e4r, L\u00fcftung, Geb\u00e4udetechnik, Fernw\u00e4rme, Trinkwasseraufbereitung, W\u00e4rmepumpen, Trink- und Regenwasseranlagen, Solar und vieles mehr rund ums Haus.","robots":{"index":"index","follow":"follow","max-snippet":"max-snippet:-1","max-image-preview":"max-image-preview:large","max-video-preview":"max-video-preview:-1"},"canonical":"https:\/\/burgersanitaer.com\/de\/","og_locale":"de_DE","og_type":"article","og_title":"Thermo & Sanit\u00e4r | Hydrauliker Burger in S\u00fcdtirol","og_description":"Seit \u00fcber 50 Jahren ihr Komplettanbieter f\u00fcr: Heizung, Sanit\u00e4r, L\u00fcftung, Geb\u00e4udetechnik, Fernw\u00e4rme, Trinkwasseraufbereitung, W\u00e4rmepumpen, Trink- und Regenwasseranlagen, Solar und vieles mehr rund ums Haus.","og_url":"https:\/\/burgersanitaer.com\/de\/","og_site_name":"Burger Sanit\u00e4r","article_modified_time":"2026-03-12T16:01:28+00:00","twitter_card":"summary_large_image","schema":{"@context":"https:\/\/schema.org","@graph":[{"@type":"WebPage","@id":"https:\/\/burgersanitaer.com\/de\/","url":"https:\/\/burgersanitaer.com\/de\/","name":"Thermo & Sanit\u00e4r | Hydrauliker Burger in S\u00fcdtirol","isPartOf":{"@id":"https:\/\/burgersanitaer.com\/de\/#website"},"datePublished":"2021-12-23T10:23:40+00:00","dateModified":"2026-03-12T16:01:28+00:00","description":"Seit \u00fcber 50 Jahren ihr Komplettanbieter f\u00fcr: Heizung, Sanit\u00e4r, L\u00fcftung, Geb\u00e4udetechnik, Fernw\u00e4rme, Trinkwasseraufbereitung, W\u00e4rmepumpen, Trink- und Regenwasseranlagen, Solar und vieles mehr rund ums Haus.","breadcrumb":{"@id":"https:\/\/burgersanitaer.com\/de\/#breadcrumb"},"inLanguage":"de","potentialAction":[{"@type":"ReadAction","target":["https:\/\/burgersanitaer.com\/de\/"]}]},{"@type":"BreadcrumbList","@id":"https:\/\/burgersanitaer.com\/de\/#breadcrumb","itemListElement":[{"@type":"ListItem","position":1,"name":"Startseite","item":"https:\/\/burgersanitaer.com\/de\/"},{"@type":"ListItem","position":2,"name":"Home"}]},{"@type":"WebSite","@id":"https:\/\/burgersanitaer.com\/de\/#website","url":"https:\/\/burgersanitaer.com\/de\/","name":"Burger Sanit\u00e4r","description":"","potentialAction":[{"@type":"SearchAction","target":{"@type":"EntryPoint","urlTemplate":"https:\/\/burgersanitaer.com\/de\/?s={search_term_string}"},"query-input":{"@type":"PropertyValueSpecification","valueRequired":true,"valueName":"search_term_string"}}],"inLanguage":"de"}]}},"_links":{"self":[{"href":"https:\/\/burgersanitaer.com\/de\/wp-json\/wp\/v2\/pages\/2","targetHints":{"allow":["GET"]}}],"collection":[{"href":"https:\/\/burgersanitaer.com\/de\/wp-json\/wp\/v2\/pages"}],"about":[{"href":"https:\/\/burgersanitaer.com\/de\/wp-json\/wp\/v2\/types\/page"}],"author":[{"embeddable":true,"href":"https:\/\/burgersanitaer.com\/de\/wp-json\/wp\/v2\/users\/1"}],"replies":[{"embeddable":true,"href":"https:\/\/burgersanitaer.com\/de\/wp-json\/wp\/v2\/comments?post=2"}],"version-history":[{"count":192,"href":"https:\/\/burgersanitaer.com\/de\/wp-json\/wp\/v2\/pages\/2\/revisions"}],"predecessor-version":[{"id":2481,"href":"https:\/\/burgersanitaer.com\/de\/wp-json\/wp\/v2\/pages\/2\/revisions\/2481"}],"wp:attachment":[{"href":"https:\/\/burgersanitaer.com\/de\/wp-json\/wp\/v2\/media?parent=2"}],"curies":[{"name":"wp","href":"https:\/\/api.w.org\/{rel}","templated":true}]}}