{"id":1283,"date":"2022-08-24T12:32:37","date_gmt":"2022-08-24T10:32:37","guid":{"rendered":"https:\/\/burgersanitaer.com\/?page_id=1283"},"modified":"2026-02-09T12:15:16","modified_gmt":"2026-02-09T11:15:16","slug":"installateure-lehrlinge","status":"publish","type":"page","link":"https:\/\/burgersanitaer.com\/de\/installateure-lehrlinge\/","title":{"rendered":"Installateure"},"content":{"rendered":"<section class=\"text-block  \">\n  <div class=\"container container-11\">\n    <div class=\"col\">\n      <h1 class=\"text-block--title\">\n        Wir suchen: <br>\r\nInstallateure      <\/h1>\n    <\/div>\n    <div class=\"col text-block--content\">\n              <div class=\"text-block--content-excerpt\">\n          <p>AUFGABENGEBIET<\/p>\n<ul>\n<li>Geb\u00e4udetechnische Installationen sauber und zuverl\u00e4ssig ausf\u00fchren<\/li>\n<li>Geplante Qualit\u00e4tskontrollen und Pr\u00fcfungen an installierten Anlagen durchf\u00fchren<\/li>\n<\/ul>\n<p>&nbsp;<\/p>\n<p>VORAUSSETZUNG<\/p>\n<ul>\n<li>Abgeschlossene Lehre zum Heizungs- und Sanit\u00e4rinstal&#8230;\n          <br \/>\n          <br \/>\n          <a class=\"btn btn-arrow-down \">Mehr lesen<\/a>\n        <\/div>\n            <div class=\"text-block--content-all\">\n        <p>AUFGABENGEBIET<\/p>\n<ul>\n<li>Geb\u00e4udetechnische Installationen sauber und zuverl\u00e4ssig ausf\u00fchren<\/li>\n<li>Geplante Qualit\u00e4tskontrollen und Pr\u00fcfungen an installierten Anlagen durchf\u00fchren<\/li>\n<\/ul>\n<p>&nbsp;<\/p>\n<p>VORAUSSETZUNG<\/p>\n<ul>\n<li>Abgeschlossene Lehre zum Heizungs- und Sanit\u00e4rinstallateur<\/li>\n<\/ul>\n      <\/div>\n    <\/div>\n  <\/div>\n<\/section>\n\n\n<section class=\"text-block  inverted\">\n  <div class=\"container container-11\">\n    <div class=\"col\">\n      <h1 class=\"text-block--title\">\n        BURGER thermo sanitaer <br>\r\nBietet dir \u2026      <\/h1>\n    <\/div>\n    <div class=\"col text-block--content\">\n              <div class=\"text-block--content-excerpt\">\n          <p>&nbsp;<\/p>\n<ul>\n<li>Sehr gute Entlohnung<\/li>\n<li>Ergebnispr\u00e4mie<\/li>\n<li>Umfassende Einarbeitung und Begleitung in die neuen Aufgabenbereiche<\/li>\n<li>Aus- &amp; Weiterbildungsm\u00f6glichkeiten\/individuelle Karriereplanung<\/li>\n<li>Eigenes Firmenauto<\/li>\n<li>Pers\u00f6nliches Tablet\/Smartphone<\/li>\n<...\n          <br \/>\n          <br \/>\n          <a class=\"btn btn-arrow-down btn-inverted\">Mehr lesen<\/a>\n        <\/div>\n            <div class=\"text-block--content-all\">\n        <p>&nbsp;<\/p>\n<ul>\n<li>Sehr gute Entlohnung<\/li>\n<li>Ergebnispr\u00e4mie<\/li>\n<li>Umfassende Einarbeitung und Begleitung in die neuen Aufgabenbereiche<\/li>\n<li>Aus- &amp; Weiterbildungsm\u00f6glichkeiten\/individuelle Karriereplanung<\/li>\n<li>Eigenes Firmenauto<\/li>\n<li>Pers\u00f6nliches Tablet\/Smartphone<\/li>\n<li>Top \u2013 Einkaufskonditionen f\u00fcr Eigengebrauch<\/li>\n<li>Mitgliedschaft im Sani-Fonds\n<div class=\"text-block--content-all\"><\/div>\n<\/li>\n<\/ul>\n      <\/div>\n    <\/div>\n  <\/div>\n<\/section>\n\n\n<section class=\"text-block  single-col\">\n  <div class=\"container container-11\">\n    <div class=\"col\">\n      <h1 class=\"text-block--title\">\n        Bei uns kannst du Dampf ablassen!      <\/h1>\n    <\/div>\n    <div class=\"col text-block--content\">\n            <div class=\"text-block--content-all\">\n        <p>Bewirb Dich bei uns in Welsberg unter <strong><a href=\"mailto:job@burgersanitaer.com\">job@burgersanitaer.com<\/a> <\/strong>oder <strong>Tel. <\/strong><a href=\"tel:0474944095\"><strong>0474 944 095<\/strong><\/a><\/p>\n      <\/div>\n    <\/div>\n  <\/div>\n<\/section>\n","protected":false},"excerpt":{"rendered":"","protected":false},"author":6,"featured_media":0,"parent":0,"menu_order":0,"comment_status":"closed","ping_status":"closed","template":"","meta":{"_acf_changed":false,"footnotes":""},"class_list":["post-1283","page","type-page","status-publish","hentry"],"acf":[],"yoast_head":"<!-- This site is optimized with the Yoast SEO plugin v27.5 - https:\/\/yoast.com\/product\/yoast-seo-wordpress\/ -->\n<title>Installateure - Burger Sanit\u00e4r<\/title>\n<meta name=\"robots\" content=\"index, follow, max-snippet:-1, max-image-preview:large, max-video-preview:-1\" \/>\n<link rel=\"canonical\" href=\"https:\/\/burgersanitaer.com\/de\/installateure-lehrlinge\/\" \/>\n<meta property=\"og:locale\" content=\"de_DE\" \/>\n<meta property=\"og:type\" content=\"article\" \/>\n<meta property=\"og:title\" content=\"Installateure - Burger Sanit\u00e4r\" \/>\n<meta property=\"og:url\" content=\"https:\/\/burgersanitaer.com\/de\/installateure-lehrlinge\/\" \/>\n<meta property=\"og:site_name\" content=\"Burger Sanit\u00e4r\" \/>\n<meta property=\"article:modified_time\" content=\"2026-02-09T11:15:16+00:00\" \/>\n<meta name=\"twitter:card\" content=\"summary_large_image\" \/>\n<script type=\"application\/ld+json\" class=\"yoast-schema-graph\">{\"@context\":\"https:\\\/\\\/schema.org\",\"@graph\":[{\"@type\":\"WebPage\",\"@id\":\"https:\\\/\\\/burgersanitaer.com\\\/de\\\/installateure-lehrlinge\\\/\",\"url\":\"https:\\\/\\\/burgersanitaer.com\\\/de\\\/installateure-lehrlinge\\\/\",\"name\":\"Installateure - Burger Sanit\u00e4r\",\"isPartOf\":{\"@id\":\"https:\\\/\\\/burgersanitaer.com\\\/de\\\/#website\"},\"datePublished\":\"2022-08-24T10:32:37+00:00\",\"dateModified\":\"2026-02-09T11:15:16+00:00\",\"breadcrumb\":{\"@id\":\"https:\\\/\\\/burgersanitaer.com\\\/de\\\/installateure-lehrlinge\\\/#breadcrumb\"},\"inLanguage\":\"de\",\"potentialAction\":[{\"@type\":\"ReadAction\",\"target\":[\"https:\\\/\\\/burgersanitaer.com\\\/de\\\/installateure-lehrlinge\\\/\"]}]},{\"@type\":\"BreadcrumbList\",\"@id\":\"https:\\\/\\\/burgersanitaer.com\\\/de\\\/installateure-lehrlinge\\\/#breadcrumb\",\"itemListElement\":[{\"@type\":\"ListItem\",\"position\":1,\"name\":\"Startseite\",\"item\":\"https:\\\/\\\/burgersanitaer.com\\\/de\\\/\"},{\"@type\":\"ListItem\",\"position\":2,\"name\":\"Installateure\"}]},{\"@type\":\"WebSite\",\"@id\":\"https:\\\/\\\/burgersanitaer.com\\\/de\\\/#website\",\"url\":\"https:\\\/\\\/burgersanitaer.com\\\/de\\\/\",\"name\":\"Burger Sanit\u00e4r\",\"description\":\"\",\"potentialAction\":[{\"@type\":\"SearchAction\",\"target\":{\"@type\":\"EntryPoint\",\"urlTemplate\":\"https:\\\/\\\/burgersanitaer.com\\\/de\\\/?s={search_term_string}\"},\"query-input\":{\"@type\":\"PropertyValueSpecification\",\"valueRequired\":true,\"valueName\":\"search_term_string\"}}],\"inLanguage\":\"de\"}]}<\/script>\n<!-- \/ Yoast SEO plugin. -->","yoast_head_json":{"title":"Installateure - Burger Sanit\u00e4r","robots":{"index":"index","follow":"follow","max-snippet":"max-snippet:-1","max-image-preview":"max-image-preview:large","max-video-preview":"max-video-preview:-1"},"canonical":"https:\/\/burgersanitaer.com\/de\/installateure-lehrlinge\/","og_locale":"de_DE","og_type":"article","og_title":"Installateure - Burger Sanit\u00e4r","og_url":"https:\/\/burgersanitaer.com\/de\/installateure-lehrlinge\/","og_site_name":"Burger Sanit\u00e4r","article_modified_time":"2026-02-09T11:15:16+00:00","twitter_card":"summary_large_image","schema":{"@context":"https:\/\/schema.org","@graph":[{"@type":"WebPage","@id":"https:\/\/burgersanitaer.com\/de\/installateure-lehrlinge\/","url":"https:\/\/burgersanitaer.com\/de\/installateure-lehrlinge\/","name":"Installateure - Burger Sanit\u00e4r","isPartOf":{"@id":"https:\/\/burgersanitaer.com\/de\/#website"},"datePublished":"2022-08-24T10:32:37+00:00","dateModified":"2026-02-09T11:15:16+00:00","breadcrumb":{"@id":"https:\/\/burgersanitaer.com\/de\/installateure-lehrlinge\/#breadcrumb"},"inLanguage":"de","potentialAction":[{"@type":"ReadAction","target":["https:\/\/burgersanitaer.com\/de\/installateure-lehrlinge\/"]}]},{"@type":"BreadcrumbList","@id":"https:\/\/burgersanitaer.com\/de\/installateure-lehrlinge\/#breadcrumb","itemListElement":[{"@type":"ListItem","position":1,"name":"Startseite","item":"https:\/\/burgersanitaer.com\/de\/"},{"@type":"ListItem","position":2,"name":"Installateure"}]},{"@type":"WebSite","@id":"https:\/\/burgersanitaer.com\/de\/#website","url":"https:\/\/burgersanitaer.com\/de\/","name":"Burger Sanit\u00e4r","description":"","potentialAction":[{"@type":"SearchAction","target":{"@type":"EntryPoint","urlTemplate":"https:\/\/burgersanitaer.com\/de\/?s={search_term_string}"},"query-input":{"@type":"PropertyValueSpecification","valueRequired":true,"valueName":"search_term_string"}}],"inLanguage":"de"}]}},"_links":{"self":[{"href":"https:\/\/burgersanitaer.com\/de\/wp-json\/wp\/v2\/pages\/1283","targetHints":{"allow":["GET"]}}],"collection":[{"href":"https:\/\/burgersanitaer.com\/de\/wp-json\/wp\/v2\/pages"}],"about":[{"href":"https:\/\/burgersanitaer.com\/de\/wp-json\/wp\/v2\/types\/page"}],"author":[{"embeddable":true,"href":"https:\/\/burgersanitaer.com\/de\/wp-json\/wp\/v2\/users\/6"}],"replies":[{"embeddable":true,"href":"https:\/\/burgersanitaer.com\/de\/wp-json\/wp\/v2\/comments?post=1283"}],"version-history":[{"count":8,"href":"https:\/\/burgersanitaer.com\/de\/wp-json\/wp\/v2\/pages\/1283\/revisions"}],"predecessor-version":[{"id":2473,"href":"https:\/\/burgersanitaer.com\/de\/wp-json\/wp\/v2\/pages\/1283\/revisions\/2473"}],"wp:attachment":[{"href":"https:\/\/burgersanitaer.com\/de\/wp-json\/wp\/v2\/media?parent=1283"}],"curies":[{"name":"wp","href":"https:\/\/api.w.org\/{rel}","templated":true}]}}