{"id":117,"date":"2021-12-30T16:26:26","date_gmt":"2021-12-30T16:26:26","guid":{"rendered":"https:\/\/burger.ochner.eu\/?page_id=117"},"modified":"2022-09-07T16:32:48","modified_gmt":"2022-09-07T14:32:48","slug":"heizsysteme-kuehlsysteme","status":"publish","type":"page","link":"https:\/\/burgersanitaer.com\/de\/heizsysteme-kuehlsysteme\/","title":{"rendered":"HEIZSYSTEME &#038; K\u00dcHLSYSTEME"},"content":{"rendered":"<section class=\"header-block \">\n  <div class=\"container container-21\">\n    <div class=\"col header-block--col-big\">\n      <div class=\"header-block--image\">\n          <div class=\"bg-media\">\n            <img class=\"fo-resp-img \" data-srcset='[{\"src\":\"https:\\\/\\\/burgersanitaer.com\\\/wp-content\\\/uploads\\\/2022\\\/04\\\/burger-thermo-sanitaer-suedtirol-heizung-1920x1080.jpg\",\"width\":1920,\"height\":1080},{\"src\":\"https:\\\/\\\/burgersanitaer.com\\\/wp-content\\\/uploads\\\/2022\\\/04\\\/burger-thermo-sanitaer-suedtirol-heizung-1240x698.jpg\",\"width\":1240,\"height\":698}]'\n    height=\"1080\" width=\"1920\"       alt=\"\" loading=\"lazy\">\n            <\/div>\n        <\/div>\n    <\/div>\n    <div class=\"col header-block--col-small\">\n      <div class=\"header-block--image\">\n          <img class=\"fo-resp-img \" data-srcset='[{\"src\":\"https:\\\/\\\/burgersanitaer.com\\\/wp-content\\\/uploads\\\/2022\\\/08\\\/burger_sanitaer_heizsysteme_1-1920x1080.jpg\",\"width\":1920,\"height\":1080},{\"src\":\"https:\\\/\\\/burgersanitaer.com\\\/wp-content\\\/uploads\\\/2022\\\/08\\\/burger_sanitaer_heizsysteme_1-1240x698.jpg\",\"width\":1240,\"height\":698}]'\n    height=\"1080\" width=\"1920\"       alt=\"\" loading=\"lazy\">\n        <\/div>\n    <\/div>\n    <div class=\"col header-block--header\">\n      <h1 class=\"header-block--header-title\">INSTALLATION, WARTUNG, REPARATUR<\/h1>\n      <h2 class=\"header-block--header-subtitle\">Ihr Heizungssystem zuversichtlich installiert<\/h2>\n    <\/div>\n  <\/div>\n<\/section>\n\n\n<section class=\"quick-links-block \">\r\n    <div class=\"container container-21\">\r\n      <ul class=\"col quick-links-block--list\">\r\n                <li class=\"quick-links-block--list-item\">\r\n          <a href=\"\/de\/nachhaltiges-heizen-und-kuehlen-burger-sanitaer\/heizungsanlagen\/\" class=\"\">\r\n            <span class=\"quick-links-block--list-item-title\">HEIZUNGSANLAGEN<\/span>\r\n            <span class=\"quick-links-block--list-item-description\">Die ideale Heizungsanlage kann mehr als nur heizen<\/span>\r\n          <\/a>\r\n        <\/li>\r\n                <li class=\"quick-links-block--list-item\">\r\n          <a href=\"\/de\/nachhaltiges-heizen-und-kuehlen-burger-sanitaer\/waermepumpen\/\" class=\"\">\r\n            <span class=\"quick-links-block--list-item-title\">W\u00c4RMEPUMPEN<\/span>\r\n            <span class=\"quick-links-block--list-item-description\">Was die Natur uns schenkt, sollten wir nutzen<\/span>\r\n          <\/a>\r\n        <\/li>\r\n                <li class=\"quick-links-block--list-item\">\r\n          <a href=\"\/de\/nachhaltiges-heizen-und-kuehlen-burger-sanitaer\/kuehlanlagen\/\" class=\"\">\r\n            <span class=\"quick-links-block--list-item-title\">K\u00dcHLANLAGEN<\/span>\r\n            <span class=\"quick-links-block--list-item-description\">So entsteht eine optimale Temperatur<\/span>\r\n          <\/a>\r\n        <\/li>\r\n              <\/ul>\r\n      <div class=\"col quick-links-block--content\">\r\n        <div class=\"quick-links-block--content-description\">\r\n          Bei BURGER finden Sie ein ganzes Spektrum an hochwertigen, modernen, nachhaltigen und durchdachten, auf Ihre Bed\u00fcrfnisse abgestimmten Heizsysteme. Gerne besprechen wir die M\u00f6glichkeiten bei einem pers\u00f6nlichen Gespr\u00e4ch mit Ihnen.        <\/div>\r\n        <h1 class=\"quick-links-block--content-title\">INDIVIDUELLE W\u00dcNSCHE GARANTIERT<\/h1>\r\n      <\/div>\r\n    <\/div>\r\n  <\/section>\r\n\n\n<div class=\"image-block \">\r\n      <img class=\"fo-resp-img \" data-srcset='[{\"src\":\"https:\\\/\\\/burgersanitaer.com\\\/wp-content\\\/uploads\\\/2022\\\/05\\\/burger-thermo-sanitaer-suedtirol-team-heizung.jpg\",\"width\":1920,\"height\":1280},{\"src\":\"https:\\\/\\\/burgersanitaer.com\\\/wp-content\\\/uploads\\\/2022\\\/05\\\/burger-thermo-sanitaer-suedtirol-team-heizung-1200x800.jpg\",\"width\":1200,\"height\":800},{\"src\":\"https:\\\/\\\/burgersanitaer.com\\\/wp-content\\\/uploads\\\/2022\\\/05\\\/burger-thermo-sanitaer-suedtirol-team-heizung-730x487.jpg\",\"width\":730,\"height\":487},{\"src\":\"https:\\\/\\\/burgersanitaer.com\\\/wp-content\\\/uploads\\\/2022\\\/05\\\/burger-thermo-sanitaer-suedtirol-team-heizung-460x307.jpg\",\"width\":460,\"height\":307}]'\n    height=\"1280\" width=\"1920\"       alt=\"\" loading=\"lazy\">\n  <\/div>\r\n\r\n\n\n<div class=\"projects-block \">\n  <div class=\"container container-003\">\n    <div class=\"col projects-block--heading\">\n      <h1>PROJEKTE ZUM DURCHST\u00d6BERN<\/h1>\n      <h4>Hier bekommen Sie einen Eindruck unserer ausgef\u00fchrten Arbeiten.<\/h4>\n    <\/div>\n  <\/div>\n  <div class=\"slider-block \" data-active=\"0\">\n            <div class=\"slider-block--item active\" data-slider-id=\"0\">\n        <div class=\"col slider-block--image\">\n          <a href=\"https:\/\/burgersanitaer.com\/de\/referenzen\/\">\n              <img class=\"fo-resp-img \" data-srcset='[{\"src\":\"https:\\\/\\\/burgersanitaer.com\\\/wp-content\\\/uploads\\\/2022\\\/10\\\/burger-thermo-sanitaer-suedtirol-referenzen-anus-1-1502x1080.jpg\",\"width\":1502,\"height\":1080},{\"src\":\"https:\\\/\\\/burgersanitaer.com\\\/wp-content\\\/uploads\\\/2022\\\/10\\\/burger-thermo-sanitaer-suedtirol-referenzen-anus-1-1240x698.jpg\",\"width\":1240,\"height\":698}]'\n    height=\"1080\" width=\"1502\"       alt=\"\" loading=\"lazy\">\n            <\/a>\n        <\/div>\n        <div class=\"col slider-block--image\">\n          <a href=\"https:\/\/burgersanitaer.com\/de\/referenzen\/\">\n              <img class=\"fo-resp-img \" data-srcset='[{\"src\":\"https:\\\/\\\/burgersanitaer.com\\\/wp-content\\\/uploads\\\/2022\\\/10\\\/burger-thermo-sanitaer-suedtirol-referenzen-anus-3-1920x1080.jpg\",\"width\":1920,\"height\":1080},{\"src\":\"https:\\\/\\\/burgersanitaer.com\\\/wp-content\\\/uploads\\\/2022\\\/10\\\/burger-thermo-sanitaer-suedtirol-referenzen-anus-3-1240x698.jpg\",\"width\":1240,\"height\":698}]'\n    height=\"1080\" width=\"1920\"       alt=\"\" loading=\"lazy\">\n                        <\/a>\n        <\/div>\n                  <div class=\"col slider-block--pagination\">\n                          <button class=\"slider-block--pagination-dot active\" data-slider-id=\"0\"><\/button>\n                          <button class=\"slider-block--pagination-dot \" data-slider-id=\"1\"><\/button>\n                          <button class=\"slider-block--pagination-dot \" data-slider-id=\"2\"><\/button>\n                      <\/div>\n                <div class=\"col slider-block--content\">\n                      <div class=\"slider-block--content-description\">Bei uns finden Sie viele neue Ideen f\u00fcr Ihre Badeinrichtung oder Sanierung.<\/div>\n                                <div class=\"slider-block--content-actions\">\n                              <h3 class=\"slider-block--content-actions-subtitle\">Interessiert an unseren weiteren Projekten?<\/h3>\n                                            <a\n                  href=\"https:\/\/burgersanitaer.com\/de\/referenzen\/\"                  class=\"slider-block--content-actions-link btn\">\n                  Hier mehr erfahren                <\/a>\n                          <\/div>\n                  <\/div>\n      <\/div>\n          <div class=\"slider-block--item \" data-slider-id=\"1\">\n        <div class=\"col slider-block--image\">\n          <a href=\"https:\/\/burgersanitaer.com\/de\/referenzen\/\">\n              <img class=\"fo-resp-img \" data-srcset='[{\"src\":\"https:\\\/\\\/burgersanitaer.com\\\/wp-content\\\/uploads\\\/2022\\\/03\\\/burger_sanitear_referenz_seehof_1-1920x1080.jpeg\",\"width\":1920,\"height\":1080},{\"src\":\"https:\\\/\\\/burgersanitaer.com\\\/wp-content\\\/uploads\\\/2022\\\/03\\\/burger_sanitear_referenz_seehof_1-1240x698.jpeg\",\"width\":1240,\"height\":698}]'\n    height=\"1080\" width=\"1920\"       alt=\"\" loading=\"lazy\">\n            <\/a>\n        <\/div>\n        <div class=\"col slider-block--image\">\n          <a href=\"https:\/\/burgersanitaer.com\/de\/referenzen\/\">\n              <img class=\"fo-resp-img \" data-srcset='[{\"src\":\"https:\\\/\\\/burgersanitaer.com\\\/wp-content\\\/uploads\\\/2022\\\/03\\\/burger_sanitear_referenz_seehof_2.jpg\",\"width\":1500,\"height\":1000},{\"src\":\"https:\\\/\\\/burgersanitaer.com\\\/wp-content\\\/uploads\\\/2022\\\/03\\\/burger_sanitear_referenz_seehof_2-1240x698.jpg\",\"width\":1240,\"height\":698}]'\n    height=\"1000\" width=\"1500\"       alt=\"\" loading=\"lazy\">\n                        <\/a>\n        <\/div>\n                  <div class=\"col slider-block--pagination\">\n                          <button class=\"slider-block--pagination-dot \" data-slider-id=\"0\"><\/button>\n                          <button class=\"slider-block--pagination-dot active\" data-slider-id=\"1\"><\/button>\n                          <button class=\"slider-block--pagination-dot \" data-slider-id=\"2\"><\/button>\n                      <\/div>\n                <div class=\"col slider-block--content\">\n                      <div class=\"slider-block--content-description\">Bei uns finden Sie viele neue Ideen f\u00fcr Ihre Badeinrichtung oder Sanierung.<\/div>\n                                <div class=\"slider-block--content-actions\">\n                              <h3 class=\"slider-block--content-actions-subtitle\">Interessiert an unseren weiteren Projekten?<\/h3>\n                                            <a\n                  href=\"https:\/\/burgersanitaer.com\/de\/referenzen\/\"                  class=\"slider-block--content-actions-link btn\">\n                  Hier mehr erfahren                <\/a>\n                          <\/div>\n                  <\/div>\n      <\/div>\n          <div class=\"slider-block--item \" data-slider-id=\"2\">\n        <div class=\"col slider-block--image\">\n          <a href=\"https:\/\/burgersanitaer.com\/de\/referenzen\/\">\n              <img class=\"fo-resp-img \" data-srcset='[{\"src\":\"https:\\\/\\\/burgersanitaer.com\\\/wp-content\\\/uploads\\\/2021\\\/12\\\/burger_sanitear_referenz_milla_montis_2-1920x1080.jpg\",\"width\":1920,\"height\":1080},{\"src\":\"https:\\\/\\\/burgersanitaer.com\\\/wp-content\\\/uploads\\\/2021\\\/12\\\/burger_sanitear_referenz_milla_montis_2-1240x698.jpg\",\"width\":1240,\"height\":698}]'\n    height=\"1080\" width=\"1920\"       alt=\"\" loading=\"lazy\">\n            <\/a>\n        <\/div>\n        <div class=\"col slider-block--image\">\n          <a href=\"https:\/\/burgersanitaer.com\/de\/referenzen\/\">\n              <img class=\"fo-resp-img \" data-srcset='[{\"src\":\"https:\\\/\\\/burgersanitaer.com\\\/wp-content\\\/uploads\\\/2021\\\/12\\\/burger_sanitear_referenz_milla_montis_4-1920x1080.jpg\",\"width\":1920,\"height\":1080},{\"src\":\"https:\\\/\\\/burgersanitaer.com\\\/wp-content\\\/uploads\\\/2021\\\/12\\\/burger_sanitear_referenz_milla_montis_4-1240x698.jpg\",\"width\":1240,\"height\":698}]'\n    height=\"1080\" width=\"1920\"       alt=\"\" loading=\"lazy\">\n                        <\/a>\n        <\/div>\n                  <div class=\"col slider-block--pagination\">\n                          <button class=\"slider-block--pagination-dot \" data-slider-id=\"0\"><\/button>\n                          <button class=\"slider-block--pagination-dot \" data-slider-id=\"1\"><\/button>\n                          <button class=\"slider-block--pagination-dot active\" data-slider-id=\"2\"><\/button>\n                      <\/div>\n                <div class=\"col slider-block--content\">\n                      <div class=\"slider-block--content-description\">Bei uns finden Sie viele neue Ideen f\u00fcr Ihre Badeinrichtung oder Sanierung.<\/div>\n                                <div class=\"slider-block--content-actions\">\n                              <h3 class=\"slider-block--content-actions-subtitle\">Interessiert an unseren weiteren Projekten?<\/h3>\n                                            <a\n                  href=\"https:\/\/burgersanitaer.com\/de\/referenzen\/\"                  class=\"slider-block--content-actions-link btn\">\n                  Hier mehr erfahren                <\/a>\n                          <\/div>\n                  <\/div>\n      <\/div>\n      <\/div>\n<\/div>\n\n\n<section class=\"appointment-block \">\n    <div class=\"container container-030\">\n      <div class=\"col appointment-block--wrapper\">\n        <h1 class=\"appointment-block--title\">ES KANN SO EINFACH SEIN<\/h1>\n        <div class=\"appointment-block--content\">\n          <p class=\"appointment-block--content-text\">\n            Wagen Sie den ersten Schritt, verraten Sie uns Ihre W\u00fcnsche f\u00fcr Ihr Bad Design und wir werden die gesamte Badgestaltung bei einem unverbindlichen Termin besprechen. Gerne k\u00f6nnen Sie sich bei Gelegenheit auch unseren 360\u00b0 Showroom ansehen. Es lohnt sich!          <\/p>\n          <a class=\"btn btn-white-arrow btn-on-yellow\" data-open-modal=\"contact\">Jetzt Termin vereinbaren<\/a>\n        <\/div>\n      <\/div>\n    <\/div>\n  <\/section>\n","protected":false},"excerpt":{"rendered":"","protected":false},"author":1,"featured_media":0,"parent":0,"menu_order":0,"comment_status":"closed","ping_status":"closed","template":"","meta":{"_acf_changed":false,"footnotes":""},"class_list":["post-117","page","type-page","status-publish","hentry"],"acf":[],"yoast_head":"<!-- This site is optimized with the Yoast SEO plugin v27.4 - https:\/\/yoast.com\/product\/yoast-seo-wordpress\/ -->\n<title>Nachhaltiges Heizen und K\u00fchlen | Burger Sanit\u00e4r<\/title>\n<meta name=\"description\" content=\"Wir sind Ihr kompetenter Partner f\u00fcr Pelletheizungen, Hackschnitzelheizungen, W\u00e4rmepumpenanlagen. Sowie Fernw\u00e4rmeberatung, Luftw\u00e4rmepumpen und allen Heiz- und K\u00fchlanlagen.\" \/>\n<meta name=\"robots\" content=\"index, follow, max-snippet:-1, max-image-preview:large, max-video-preview:-1\" \/>\n<link rel=\"canonical\" href=\"https:\/\/burgersanitaer.com\/de\/heizsysteme-kuehlsysteme\/\" \/>\n<meta property=\"og:locale\" content=\"de_DE\" \/>\n<meta property=\"og:type\" content=\"article\" \/>\n<meta property=\"og:title\" content=\"Nachhaltiges Heizen und K\u00fchlen | Burger Sanit\u00e4r\" \/>\n<meta property=\"og:description\" content=\"Wir sind Ihr kompetenter Partner f\u00fcr Pelletheizungen, Hackschnitzelheizungen, W\u00e4rmepumpenanlagen. Sowie Fernw\u00e4rmeberatung, Luftw\u00e4rmepumpen und allen Heiz- und K\u00fchlanlagen.\" \/>\n<meta property=\"og:url\" content=\"https:\/\/burgersanitaer.com\/de\/heizsysteme-kuehlsysteme\/\" \/>\n<meta property=\"og:site_name\" content=\"Burger Sanit\u00e4r\" \/>\n<meta property=\"article:modified_time\" content=\"2022-09-07T14:32:48+00:00\" \/>\n<meta name=\"twitter:card\" content=\"summary_large_image\" \/>\n<script type=\"application\/ld+json\" class=\"yoast-schema-graph\">{\"@context\":\"https:\\\/\\\/schema.org\",\"@graph\":[{\"@type\":\"WebPage\",\"@id\":\"https:\\\/\\\/burgersanitaer.com\\\/de\\\/heizsysteme-kuehlsysteme\\\/\",\"url\":\"https:\\\/\\\/burgersanitaer.com\\\/de\\\/heizsysteme-kuehlsysteme\\\/\",\"name\":\"Nachhaltiges Heizen und K\u00fchlen | Burger Sanit\u00e4r\",\"isPartOf\":{\"@id\":\"https:\\\/\\\/burgersanitaer.com\\\/de\\\/#website\"},\"datePublished\":\"2021-12-30T16:26:26+00:00\",\"dateModified\":\"2022-09-07T14:32:48+00:00\",\"description\":\"Wir sind Ihr kompetenter Partner f\u00fcr Pelletheizungen, Hackschnitzelheizungen, W\u00e4rmepumpenanlagen. Sowie Fernw\u00e4rmeberatung, Luftw\u00e4rmepumpen und allen Heiz- und K\u00fchlanlagen.\",\"breadcrumb\":{\"@id\":\"https:\\\/\\\/burgersanitaer.com\\\/de\\\/heizsysteme-kuehlsysteme\\\/#breadcrumb\"},\"inLanguage\":\"de\",\"potentialAction\":[{\"@type\":\"ReadAction\",\"target\":[\"https:\\\/\\\/burgersanitaer.com\\\/de\\\/heizsysteme-kuehlsysteme\\\/\"]}]},{\"@type\":\"BreadcrumbList\",\"@id\":\"https:\\\/\\\/burgersanitaer.com\\\/de\\\/heizsysteme-kuehlsysteme\\\/#breadcrumb\",\"itemListElement\":[{\"@type\":\"ListItem\",\"position\":1,\"name\":\"Startseite\",\"item\":\"https:\\\/\\\/burgersanitaer.com\\\/de\\\/\"},{\"@type\":\"ListItem\",\"position\":2,\"name\":\"HEIZSYSTEME &#038; K\u00dcHLSYSTEME\"}]},{\"@type\":\"WebSite\",\"@id\":\"https:\\\/\\\/burgersanitaer.com\\\/de\\\/#website\",\"url\":\"https:\\\/\\\/burgersanitaer.com\\\/de\\\/\",\"name\":\"Burger Sanit\u00e4r\",\"description\":\"\",\"potentialAction\":[{\"@type\":\"SearchAction\",\"target\":{\"@type\":\"EntryPoint\",\"urlTemplate\":\"https:\\\/\\\/burgersanitaer.com\\\/de\\\/?s={search_term_string}\"},\"query-input\":{\"@type\":\"PropertyValueSpecification\",\"valueRequired\":true,\"valueName\":\"search_term_string\"}}],\"inLanguage\":\"de\"}]}<\/script>\n<!-- \/ Yoast SEO plugin. -->","yoast_head_json":{"title":"Nachhaltiges Heizen und K\u00fchlen | Burger Sanit\u00e4r","description":"Wir sind Ihr kompetenter Partner f\u00fcr Pelletheizungen, Hackschnitzelheizungen, W\u00e4rmepumpenanlagen. Sowie Fernw\u00e4rmeberatung, Luftw\u00e4rmepumpen und allen Heiz- und K\u00fchlanlagen.","robots":{"index":"index","follow":"follow","max-snippet":"max-snippet:-1","max-image-preview":"max-image-preview:large","max-video-preview":"max-video-preview:-1"},"canonical":"https:\/\/burgersanitaer.com\/de\/heizsysteme-kuehlsysteme\/","og_locale":"de_DE","og_type":"article","og_title":"Nachhaltiges Heizen und K\u00fchlen | Burger Sanit\u00e4r","og_description":"Wir sind Ihr kompetenter Partner f\u00fcr Pelletheizungen, Hackschnitzelheizungen, W\u00e4rmepumpenanlagen. Sowie Fernw\u00e4rmeberatung, Luftw\u00e4rmepumpen und allen Heiz- und K\u00fchlanlagen.","og_url":"https:\/\/burgersanitaer.com\/de\/heizsysteme-kuehlsysteme\/","og_site_name":"Burger Sanit\u00e4r","article_modified_time":"2022-09-07T14:32:48+00:00","twitter_card":"summary_large_image","schema":{"@context":"https:\/\/schema.org","@graph":[{"@type":"WebPage","@id":"https:\/\/burgersanitaer.com\/de\/heizsysteme-kuehlsysteme\/","url":"https:\/\/burgersanitaer.com\/de\/heizsysteme-kuehlsysteme\/","name":"Nachhaltiges Heizen und K\u00fchlen | Burger Sanit\u00e4r","isPartOf":{"@id":"https:\/\/burgersanitaer.com\/de\/#website"},"datePublished":"2021-12-30T16:26:26+00:00","dateModified":"2022-09-07T14:32:48+00:00","description":"Wir sind Ihr kompetenter Partner f\u00fcr Pelletheizungen, Hackschnitzelheizungen, W\u00e4rmepumpenanlagen. Sowie Fernw\u00e4rmeberatung, Luftw\u00e4rmepumpen und allen Heiz- und K\u00fchlanlagen.","breadcrumb":{"@id":"https:\/\/burgersanitaer.com\/de\/heizsysteme-kuehlsysteme\/#breadcrumb"},"inLanguage":"de","potentialAction":[{"@type":"ReadAction","target":["https:\/\/burgersanitaer.com\/de\/heizsysteme-kuehlsysteme\/"]}]},{"@type":"BreadcrumbList","@id":"https:\/\/burgersanitaer.com\/de\/heizsysteme-kuehlsysteme\/#breadcrumb","itemListElement":[{"@type":"ListItem","position":1,"name":"Startseite","item":"https:\/\/burgersanitaer.com\/de\/"},{"@type":"ListItem","position":2,"name":"HEIZSYSTEME &#038; K\u00dcHLSYSTEME"}]},{"@type":"WebSite","@id":"https:\/\/burgersanitaer.com\/de\/#website","url":"https:\/\/burgersanitaer.com\/de\/","name":"Burger Sanit\u00e4r","description":"","potentialAction":[{"@type":"SearchAction","target":{"@type":"EntryPoint","urlTemplate":"https:\/\/burgersanitaer.com\/de\/?s={search_term_string}"},"query-input":{"@type":"PropertyValueSpecification","valueRequired":true,"valueName":"search_term_string"}}],"inLanguage":"de"}]}},"_links":{"self":[{"href":"https:\/\/burgersanitaer.com\/de\/wp-json\/wp\/v2\/pages\/117","targetHints":{"allow":["GET"]}}],"collection":[{"href":"https:\/\/burgersanitaer.com\/de\/wp-json\/wp\/v2\/pages"}],"about":[{"href":"https:\/\/burgersanitaer.com\/de\/wp-json\/wp\/v2\/types\/page"}],"author":[{"embeddable":true,"href":"https:\/\/burgersanitaer.com\/de\/wp-json\/wp\/v2\/users\/1"}],"replies":[{"embeddable":true,"href":"https:\/\/burgersanitaer.com\/de\/wp-json\/wp\/v2\/comments?post=117"}],"version-history":[{"count":49,"href":"https:\/\/burgersanitaer.com\/de\/wp-json\/wp\/v2\/pages\/117\/revisions"}],"predecessor-version":[{"id":1592,"href":"https:\/\/burgersanitaer.com\/de\/wp-json\/wp\/v2\/pages\/117\/revisions\/1592"}],"wp:attachment":[{"href":"https:\/\/burgersanitaer.com\/de\/wp-json\/wp\/v2\/media?parent=117"}],"curies":[{"name":"wp","href":"https:\/\/api.w.org\/{rel}","templated":true}]}}