{"id":1166,"date":"2022-08-24T10:14:49","date_gmt":"2022-08-24T08:14:49","guid":{"rendered":"https:\/\/burgersanitaer.com\/?page_id=1166"},"modified":"2022-09-14T17:01:21","modified_gmt":"2022-09-14T15:01:21","slug":"frischluftanlagen","status":"publish","type":"page","link":"https:\/\/burgersanitaer.com\/de\/nachhaltige-erneuerbare-energie\/frischluftanlagen\/","title":{"rendered":"FRISCHLUFTANLAGEN"},"content":{"rendered":"<section class=\"header-block \">\n  <div class=\"container container-21\">\n    <div class=\"col header-block--col-big\">\n      <div class=\"header-block--image\">\n          <div class=\"bg-media\">\n            <img class=\"fo-resp-img \" data-srcset='[{\"src\":\"https:\\\/\\\/burgersanitaer.com\\\/wp-content\\\/uploads\\\/2022\\\/09\\\/burger-thermo-sanitaer-suedtirol-termin-frischluftanlage.png\",\"width\":584,\"height\":617},{\"src\":\"https:\\\/\\\/burgersanitaer.com\\\/wp-content\\\/uploads\\\/2022\\\/09\\\/burger-thermo-sanitaer-suedtirol-termin-frischluftanlage.png\",\"width\":584,\"height\":617}]'\n    height=\"617\" width=\"584\"       alt=\"\" loading=\"lazy\">\n            <\/div>\n        <\/div>\n    <\/div>\n    <div class=\"col header-block--col-small\">\n      <div class=\"header-block--image\">\n          <img class=\"fo-resp-img \" data-srcset='[{\"src\":\"https:\\\/\\\/burgersanitaer.com\\\/wp-content\\\/uploads\\\/2022\\\/08\\\/burger_sanitaer_nachhaltig_frischluft_1-1920x1080.jpg\",\"width\":1920,\"height\":1080},{\"src\":\"https:\\\/\\\/burgersanitaer.com\\\/wp-content\\\/uploads\\\/2022\\\/08\\\/burger_sanitaer_nachhaltig_frischluft_1-1240x698.jpg\",\"width\":1240,\"height\":698}]'\n    height=\"1080\" width=\"1920\"       alt=\"\" loading=\"lazy\">\n        <\/div>\n    <\/div>\n    <div class=\"col header-block--header\">\n      <h1 class=\"header-block--header-title\">FRISCHLUFTSYSTEM MIT W\u00c4RMER\u00dcCKGEWINNUNG<\/h1>\n      <h2 class=\"header-block--header-subtitle\">Energieeinsparung f\u00fcr Ihre Gesundheit <\/h2>\n    <\/div>\n  <\/div>\n<\/section>\n\n\n<section class=\"articles-block \">\r\n  <div class=\"container container-11\">\r\n          <article class=\"col articles-block--item\">\r\n        <a class=\"articles-block--item-image\" >\r\n            <img class=\"fo-resp-img \" data-srcset='[{\"src\":\"https:\\\/\\\/burgersanitaer.com\\\/wp-content\\\/uploads\\\/2022\\\/08\\\/burger_sanitaer_nachhaltig_luft-1920x1080.jpg\",\"width\":1920,\"height\":1080},{\"src\":\"https:\\\/\\\/burgersanitaer.com\\\/wp-content\\\/uploads\\\/2022\\\/08\\\/burger_sanitaer_nachhaltig_luft-1240x698.jpg\",\"width\":1240,\"height\":698}]'\n    height=\"1080\" width=\"1920\"       alt=\"\" loading=\"lazy\">\n                    <\/a>\r\n        <div class=\"articles-block--item-content container-11\">\r\n          <div class=\"col articles-block--item-description\">\r\n            <p>Ein st\u00e4ndiger Luftaustausch ist in jedem Geb\u00e4ude unabdingbar. Es geht dabei nicht nur um die Zufuhr von frischem Sauerstoff, sondern ebenso um das Loswerden von Feinstaub, Geruchsstoffen und Schadstoffen, die sich in unserer Raumluft befinden. Mit dem alten \u201eKlassiker\u201c &#8211; dem Fenster\u00f6ffnen &#8211; ist es leider nicht immer wirklich getan. Durch die Installation eines zentralen Frischluftsystems mit W\u00e4rmer\u00fcckgewinnung erreichen Sie neben einem 96-prozentigen Luftaustausch auch noch eine signifikante Energieeinsparung.<\/p>\n<p>Somit unterst\u00fctzen Sie nicht nur Ihre Gesundheit. Sie reduzieren zudem Ihre Heizkosten.<\/p>\n          <\/div>\r\n          <div class=\"col articles-block--item-titles\">\r\n            <h3>ZENTRALE FRISCHLUFTSYSTEME MIT W\u00c4RMER\u00dcCKGEWINNUNG<\/h3>\r\n                      <\/div>\r\n        <\/div>\r\n      <\/article>\r\n          <article class=\"col articles-block--item\">\r\n        <a class=\"articles-block--item-image\" >\r\n            <img class=\"fo-resp-img \" data-srcset='[{\"src\":\"https:\\\/\\\/burgersanitaer.com\\\/wp-content\\\/uploads\\\/2022\\\/08\\\/burger_sanitaer_nachhaltig_luft_1-1920x1080.jpg\",\"width\":1920,\"height\":1080},{\"src\":\"https:\\\/\\\/burgersanitaer.com\\\/wp-content\\\/uploads\\\/2022\\\/08\\\/burger_sanitaer_nachhaltig_luft_1-1240x698.jpg\",\"width\":1240,\"height\":698}]'\n    height=\"1080\" width=\"1920\"       alt=\"\" loading=\"lazy\">\n                    <\/a>\r\n        <div class=\"articles-block--item-content container-11\">\r\n          <div class=\"col articles-block--item-description\">\r\n            <p>Die dezentralen Frischluftsysteme mit W\u00e4rmer\u00fcckgewinnung k\u00f6nnen in einzelnen Teilen des Geb\u00e4udes installiert werden. Obwohl Sie damit nicht ganz so effektiv sind wie die zentralen Systeme, leisten sie dennoch einen essenziellen Beitrag zum gesunden Wohnen. Neben den offensichtlichen Vorteilen in Sachen Gesundheit und Heizkostenreduzierung besticht das dezentrale Frischluftsystem durch die individuellen Einsatzm\u00f6glichkeiten. Somit ist es bestens geeignet f\u00fcr einzelne R\u00e4ume, kleine Wohnungen oder Hotelzimmer.<\/p>\n          <\/div>\r\n          <div class=\"col articles-block--item-titles\">\r\n            <h3>DEZENTRALE FRISCHLUFTSYSTEME MIT W\u00c4RMER\u00dcCKGEWINNUNG<\/h3>\r\n                      <\/div>\r\n        <\/div>\r\n      <\/article>\r\n      <\/div>\r\n<\/section>\r\n\n\n<section class=\"text-block  single-col\">\n  <div class=\"container container-11\">\n    <div class=\"col\">\n      <h1 class=\"text-block--title\">\n        In unserem Technischen Showroom k\u00f6nnen Sie diese Technologie in Echtbetrieb erleben.      <\/h1>\n    <\/div>\n    <div class=\"col text-block--content\">\n            <div class=\"text-block--content-all\">\n        <p>Lassen Sie sich von uns bei einem ausf\u00fchrlichen Beratungsgespr\u00e4ch von den zahlreichen Vorteilen der Frischluftsysteme \u00fcberzeugen.<\/p>\n      <\/div>\n    <\/div>\n  <\/div>\n<\/section>\n","protected":false},"excerpt":{"rendered":"","protected":false},"author":6,"featured_media":0,"parent":1122,"menu_order":2,"comment_status":"closed","ping_status":"closed","template":"","meta":{"_acf_changed":false,"footnotes":""},"class_list":["post-1166","page","type-page","status-publish","hentry"],"acf":[],"yoast_head":"<!-- This site is optimized with the Yoast SEO plugin v27.5 - https:\/\/yoast.com\/product\/yoast-seo-wordpress\/ -->\n<title>BURGER \u2013 Zentrale und Dezentrale Frischluftanlagen<\/title>\n<meta name=\"description\" content=\"F\u00fcr jede Raumgr\u00f6\u00dfe und Wohnsituation das richtige Produkt. Gut geplante Frischluftanlagen helfen bei der Energieeinsparung, unterst\u00fctzen die Gesundheit und reduzieren Pollenbelastungen.\" \/>\n<meta name=\"robots\" content=\"index, follow, max-snippet:-1, max-image-preview:large, max-video-preview:-1\" \/>\n<link rel=\"canonical\" href=\"https:\/\/burgersanitaer.com\/de\/nachhaltige-erneuerbare-energie\/frischluftanlagen\/\" \/>\n<meta property=\"og:locale\" content=\"de_DE\" \/>\n<meta property=\"og:type\" content=\"article\" \/>\n<meta property=\"og:title\" content=\"BURGER \u2013 Zentrale und Dezentrale Frischluftanlagen\" \/>\n<meta property=\"og:description\" content=\"F\u00fcr jede Raumgr\u00f6\u00dfe und Wohnsituation das richtige Produkt. Gut geplante Frischluftanlagen helfen bei der Energieeinsparung, unterst\u00fctzen die Gesundheit und reduzieren Pollenbelastungen.\" \/>\n<meta property=\"og:url\" content=\"https:\/\/burgersanitaer.com\/de\/nachhaltige-erneuerbare-energie\/frischluftanlagen\/\" \/>\n<meta property=\"og:site_name\" content=\"Burger Sanit\u00e4r\" \/>\n<meta property=\"article:modified_time\" content=\"2022-09-14T15:01:21+00:00\" \/>\n<meta name=\"twitter:card\" content=\"summary_large_image\" \/>\n<script type=\"application\/ld+json\" class=\"yoast-schema-graph\">{\"@context\":\"https:\\\/\\\/schema.org\",\"@graph\":[{\"@type\":\"WebPage\",\"@id\":\"https:\\\/\\\/burgersanitaer.com\\\/de\\\/nachhaltige-erneuerbare-energie\\\/frischluftanlagen\\\/\",\"url\":\"https:\\\/\\\/burgersanitaer.com\\\/de\\\/nachhaltige-erneuerbare-energie\\\/frischluftanlagen\\\/\",\"name\":\"BURGER \u2013 Zentrale und Dezentrale Frischluftanlagen\",\"isPartOf\":{\"@id\":\"https:\\\/\\\/burgersanitaer.com\\\/de\\\/#website\"},\"datePublished\":\"2022-08-24T08:14:49+00:00\",\"dateModified\":\"2022-09-14T15:01:21+00:00\",\"description\":\"F\u00fcr jede Raumgr\u00f6\u00dfe und Wohnsituation das richtige Produkt. Gut geplante Frischluftanlagen helfen bei der Energieeinsparung, unterst\u00fctzen die Gesundheit und reduzieren Pollenbelastungen.\",\"breadcrumb\":{\"@id\":\"https:\\\/\\\/burgersanitaer.com\\\/de\\\/nachhaltige-erneuerbare-energie\\\/frischluftanlagen\\\/#breadcrumb\"},\"inLanguage\":\"de\",\"potentialAction\":[{\"@type\":\"ReadAction\",\"target\":[\"https:\\\/\\\/burgersanitaer.com\\\/de\\\/nachhaltige-erneuerbare-energie\\\/frischluftanlagen\\\/\"]}]},{\"@type\":\"BreadcrumbList\",\"@id\":\"https:\\\/\\\/burgersanitaer.com\\\/de\\\/nachhaltige-erneuerbare-energie\\\/frischluftanlagen\\\/#breadcrumb\",\"itemListElement\":[{\"@type\":\"ListItem\",\"position\":1,\"name\":\"Startseite\",\"item\":\"https:\\\/\\\/burgersanitaer.com\\\/de\\\/\"},{\"@type\":\"ListItem\",\"position\":2,\"name\":\"NACHHALTIGE, ERNEUERBARE ENERGIE\",\"item\":\"https:\\\/\\\/burgersanitaer.com\\\/de\\\/nachhaltige-erneuerbare-energie\\\/\"},{\"@type\":\"ListItem\",\"position\":3,\"name\":\"FRISCHLUFTANLAGEN\"}]},{\"@type\":\"WebSite\",\"@id\":\"https:\\\/\\\/burgersanitaer.com\\\/de\\\/#website\",\"url\":\"https:\\\/\\\/burgersanitaer.com\\\/de\\\/\",\"name\":\"Burger Sanit\u00e4r\",\"description\":\"\",\"potentialAction\":[{\"@type\":\"SearchAction\",\"target\":{\"@type\":\"EntryPoint\",\"urlTemplate\":\"https:\\\/\\\/burgersanitaer.com\\\/de\\\/?s={search_term_string}\"},\"query-input\":{\"@type\":\"PropertyValueSpecification\",\"valueRequired\":true,\"valueName\":\"search_term_string\"}}],\"inLanguage\":\"de\"}]}<\/script>\n<!-- \/ Yoast SEO plugin. -->","yoast_head_json":{"title":"BURGER \u2013 Zentrale und Dezentrale Frischluftanlagen","description":"F\u00fcr jede Raumgr\u00f6\u00dfe und Wohnsituation das richtige Produkt. Gut geplante Frischluftanlagen helfen bei der Energieeinsparung, unterst\u00fctzen die Gesundheit und reduzieren Pollenbelastungen.","robots":{"index":"index","follow":"follow","max-snippet":"max-snippet:-1","max-image-preview":"max-image-preview:large","max-video-preview":"max-video-preview:-1"},"canonical":"https:\/\/burgersanitaer.com\/de\/nachhaltige-erneuerbare-energie\/frischluftanlagen\/","og_locale":"de_DE","og_type":"article","og_title":"BURGER \u2013 Zentrale und Dezentrale Frischluftanlagen","og_description":"F\u00fcr jede Raumgr\u00f6\u00dfe und Wohnsituation das richtige Produkt. Gut geplante Frischluftanlagen helfen bei der Energieeinsparung, unterst\u00fctzen die Gesundheit und reduzieren Pollenbelastungen.","og_url":"https:\/\/burgersanitaer.com\/de\/nachhaltige-erneuerbare-energie\/frischluftanlagen\/","og_site_name":"Burger Sanit\u00e4r","article_modified_time":"2022-09-14T15:01:21+00:00","twitter_card":"summary_large_image","schema":{"@context":"https:\/\/schema.org","@graph":[{"@type":"WebPage","@id":"https:\/\/burgersanitaer.com\/de\/nachhaltige-erneuerbare-energie\/frischluftanlagen\/","url":"https:\/\/burgersanitaer.com\/de\/nachhaltige-erneuerbare-energie\/frischluftanlagen\/","name":"BURGER \u2013 Zentrale und Dezentrale Frischluftanlagen","isPartOf":{"@id":"https:\/\/burgersanitaer.com\/de\/#website"},"datePublished":"2022-08-24T08:14:49+00:00","dateModified":"2022-09-14T15:01:21+00:00","description":"F\u00fcr jede Raumgr\u00f6\u00dfe und Wohnsituation das richtige Produkt. Gut geplante Frischluftanlagen helfen bei der Energieeinsparung, unterst\u00fctzen die Gesundheit und reduzieren Pollenbelastungen.","breadcrumb":{"@id":"https:\/\/burgersanitaer.com\/de\/nachhaltige-erneuerbare-energie\/frischluftanlagen\/#breadcrumb"},"inLanguage":"de","potentialAction":[{"@type":"ReadAction","target":["https:\/\/burgersanitaer.com\/de\/nachhaltige-erneuerbare-energie\/frischluftanlagen\/"]}]},{"@type":"BreadcrumbList","@id":"https:\/\/burgersanitaer.com\/de\/nachhaltige-erneuerbare-energie\/frischluftanlagen\/#breadcrumb","itemListElement":[{"@type":"ListItem","position":1,"name":"Startseite","item":"https:\/\/burgersanitaer.com\/de\/"},{"@type":"ListItem","position":2,"name":"NACHHALTIGE, ERNEUERBARE ENERGIE","item":"https:\/\/burgersanitaer.com\/de\/nachhaltige-erneuerbare-energie\/"},{"@type":"ListItem","position":3,"name":"FRISCHLUFTANLAGEN"}]},{"@type":"WebSite","@id":"https:\/\/burgersanitaer.com\/de\/#website","url":"https:\/\/burgersanitaer.com\/de\/","name":"Burger Sanit\u00e4r","description":"","potentialAction":[{"@type":"SearchAction","target":{"@type":"EntryPoint","urlTemplate":"https:\/\/burgersanitaer.com\/de\/?s={search_term_string}"},"query-input":{"@type":"PropertyValueSpecification","valueRequired":true,"valueName":"search_term_string"}}],"inLanguage":"de"}]}},"_links":{"self":[{"href":"https:\/\/burgersanitaer.com\/de\/wp-json\/wp\/v2\/pages\/1166","targetHints":{"allow":["GET"]}}],"collection":[{"href":"https:\/\/burgersanitaer.com\/de\/wp-json\/wp\/v2\/pages"}],"about":[{"href":"https:\/\/burgersanitaer.com\/de\/wp-json\/wp\/v2\/types\/page"}],"author":[{"embeddable":true,"href":"https:\/\/burgersanitaer.com\/de\/wp-json\/wp\/v2\/users\/6"}],"replies":[{"embeddable":true,"href":"https:\/\/burgersanitaer.com\/de\/wp-json\/wp\/v2\/comments?post=1166"}],"version-history":[{"count":10,"href":"https:\/\/burgersanitaer.com\/de\/wp-json\/wp\/v2\/pages\/1166\/revisions"}],"predecessor-version":[{"id":1737,"href":"https:\/\/burgersanitaer.com\/de\/wp-json\/wp\/v2\/pages\/1166\/revisions\/1737"}],"up":[{"embeddable":true,"href":"https:\/\/burgersanitaer.com\/de\/wp-json\/wp\/v2\/pages\/1122"}],"wp:attachment":[{"href":"https:\/\/burgersanitaer.com\/de\/wp-json\/wp\/v2\/media?parent=1166"}],"curies":[{"name":"wp","href":"https:\/\/api.w.org\/{rel}","templated":true}]}}