{"id":1109,"date":"2022-08-24T09:26:09","date_gmt":"2022-08-24T07:26:09","guid":{"rendered":"https:\/\/burgersanitaer.com\/?page_id=1109"},"modified":"2022-09-08T08:51:44","modified_gmt":"2022-09-08T06:51:44","slug":"kuehlanlagen","status":"publish","type":"page","link":"https:\/\/burgersanitaer.com\/de\/heizsysteme-kuehlsysteme\/kuehlanlagen\/","title":{"rendered":"K\u00dcHLANLAGEN"},"content":{"rendered":"<section class=\"header-block \">\n  <div class=\"container container-21\">\n    <div class=\"col header-block--col-big\">\n      <div class=\"header-block--image\">\n          <div class=\"bg-media\">\n            <img class=\"fo-resp-img \" data-srcset='[{\"src\":\"https:\\\/\\\/burgersanitaer.com\\\/wp-content\\\/uploads\\\/2022\\\/08\\\/burger_sanitaer_kuehlanlagen_header_1-1920x1080.jpg\",\"width\":1920,\"height\":1080},{\"src\":\"https:\\\/\\\/burgersanitaer.com\\\/wp-content\\\/uploads\\\/2022\\\/08\\\/burger_sanitaer_kuehlanlagen_header_1-1240x698.jpg\",\"width\":1240,\"height\":698}]'\n    height=\"1080\" width=\"1920\"       alt=\"\" loading=\"lazy\">\n            <\/div>\n        <\/div>\n    <\/div>\n    <div class=\"col header-block--col-small\">\n      <div class=\"header-block--image\">\n          <img class=\"fo-resp-img \" data-srcset='[{\"src\":\"https:\\\/\\\/burgersanitaer.com\\\/wp-content\\\/uploads\\\/2022\\\/08\\\/burger_sanitaer_kuehlanlagen_header_2-1920x1080.jpg\",\"width\":1920,\"height\":1080},{\"src\":\"https:\\\/\\\/burgersanitaer.com\\\/wp-content\\\/uploads\\\/2022\\\/08\\\/burger_sanitaer_kuehlanlagen_header_2-1240x698.jpg\",\"width\":1240,\"height\":698}]'\n    height=\"1080\" width=\"1920\"       alt=\"\" loading=\"lazy\">\n        <\/div>\n    <\/div>\n    <div class=\"col header-block--header\">\n      <h1 class=\"header-block--header-title\">KLIMAL\u00d6SUNGEN F\u00dcR DAS GANZE JAHR<\/h1>\n      <h2 class=\"header-block--header-subtitle\">Klimaanlagen f\u00fcr Private und Businesskunden<\/h2>\n    <\/div>\n  <\/div>\n<\/section>\n\n\n<section class=\"text-block  \">\n  <div class=\"container container-11\">\n    <div class=\"col\">\n      <h1 class=\"text-block--title\">\n              <\/h1>\n    <\/div>\n    <div class=\"col text-block--content\">\n              <div class=\"text-block--content-excerpt\">\n          <p>Klimal\u00f6sungen regeln die optimale Raumtemperatur und das Raumklima sowohl im Sommer als auch im Winter. Wir bieten Komfort-Klimal\u00f6sungen f\u00fcr Wohnr\u00e4ume sowie B\u00fcros und auch komplexere L\u00f6sungen f\u00fcr Gro\u00dfraumb\u00fcros, Ordinationen oder Serverr\u00e4ume. Mit unseren erfahrenen Spezialisten finden wi&#8230;\n          <br \/>\n          <br \/>\n          <a class=\"btn btn-arrow-down \">Mehr lesen<\/a>\n        <\/div>\n            <div class=\"text-block--content-all\">\n        <p>Klimal\u00f6sungen regeln die optimale Raumtemperatur und das Raumklima sowohl im Sommer als auch im Winter. Wir bieten Komfort-Klimal\u00f6sungen f\u00fcr Wohnr\u00e4ume sowie B\u00fcros und auch komplexere L\u00f6sungen f\u00fcr Gro\u00dfraumb\u00fcros, Ordinationen oder Serverr\u00e4ume. Mit unseren erfahrenen Spezialisten finden wir gemeinsam die passende und individuelle Anlage und realisieren Klimal\u00f6sungen zum Wohle von Umwelt und Mensch.<\/p>\n<p>Kontaktieren Sie uns, wir beraten Sie gerne!<\/p>\n      <\/div>\n    <\/div>\n  <\/div>\n<\/section>\n","protected":false},"excerpt":{"rendered":"","protected":false},"author":6,"featured_media":0,"parent":117,"menu_order":3,"comment_status":"closed","ping_status":"closed","template":"","meta":{"_acf_changed":false,"footnotes":""},"class_list":["post-1109","page","type-page","status-publish","hentry"],"acf":[],"yoast_head":"<!-- This site is optimized with the Yoast SEO plugin v27.4 - https:\/\/yoast.com\/product\/yoast-seo-wordpress\/ -->\n<title>BURGER \u2013 Klimaanlagen und K\u00fchltechnik<\/title>\n<meta name=\"description\" content=\"Gut geplante Klimaanlagen regeln sowohl im Sommer als auch im Winter das Raumklima, ganz gleich ob Wohnraum oder B\u00fcro. Fragen Sie noch heute unsere Klimaexperten!\" \/>\n<meta name=\"robots\" content=\"index, follow, max-snippet:-1, max-image-preview:large, max-video-preview:-1\" \/>\n<link rel=\"canonical\" href=\"https:\/\/burgersanitaer.com\/de\/heizsysteme-kuehlsysteme\/kuehlanlagen\/\" \/>\n<meta property=\"og:locale\" content=\"de_DE\" \/>\n<meta property=\"og:type\" content=\"article\" \/>\n<meta property=\"og:title\" content=\"BURGER \u2013 Klimaanlagen und K\u00fchltechnik\" \/>\n<meta property=\"og:description\" content=\"Gut geplante Klimaanlagen regeln sowohl im Sommer als auch im Winter das Raumklima, ganz gleich ob Wohnraum oder B\u00fcro. Fragen Sie noch heute unsere Klimaexperten!\" \/>\n<meta property=\"og:url\" content=\"https:\/\/burgersanitaer.com\/de\/heizsysteme-kuehlsysteme\/kuehlanlagen\/\" \/>\n<meta property=\"og:site_name\" content=\"Burger Sanit\u00e4r\" \/>\n<meta property=\"article:modified_time\" content=\"2022-09-08T06:51:44+00:00\" \/>\n<meta name=\"twitter:card\" content=\"summary_large_image\" \/>\n<script type=\"application\/ld+json\" class=\"yoast-schema-graph\">{\"@context\":\"https:\\\/\\\/schema.org\",\"@graph\":[{\"@type\":\"WebPage\",\"@id\":\"https:\\\/\\\/burgersanitaer.com\\\/de\\\/heizsysteme-kuehlsysteme\\\/kuehlanlagen\\\/\",\"url\":\"https:\\\/\\\/burgersanitaer.com\\\/de\\\/heizsysteme-kuehlsysteme\\\/kuehlanlagen\\\/\",\"name\":\"BURGER \u2013 Klimaanlagen und K\u00fchltechnik\",\"isPartOf\":{\"@id\":\"https:\\\/\\\/burgersanitaer.com\\\/de\\\/#website\"},\"datePublished\":\"2022-08-24T07:26:09+00:00\",\"dateModified\":\"2022-09-08T06:51:44+00:00\",\"description\":\"Gut geplante Klimaanlagen regeln sowohl im Sommer als auch im Winter das Raumklima, ganz gleich ob Wohnraum oder B\u00fcro. Fragen Sie noch heute unsere Klimaexperten!\",\"breadcrumb\":{\"@id\":\"https:\\\/\\\/burgersanitaer.com\\\/de\\\/heizsysteme-kuehlsysteme\\\/kuehlanlagen\\\/#breadcrumb\"},\"inLanguage\":\"de\",\"potentialAction\":[{\"@type\":\"ReadAction\",\"target\":[\"https:\\\/\\\/burgersanitaer.com\\\/de\\\/heizsysteme-kuehlsysteme\\\/kuehlanlagen\\\/\"]}]},{\"@type\":\"BreadcrumbList\",\"@id\":\"https:\\\/\\\/burgersanitaer.com\\\/de\\\/heizsysteme-kuehlsysteme\\\/kuehlanlagen\\\/#breadcrumb\",\"itemListElement\":[{\"@type\":\"ListItem\",\"position\":1,\"name\":\"Startseite\",\"item\":\"https:\\\/\\\/burgersanitaer.com\\\/de\\\/\"},{\"@type\":\"ListItem\",\"position\":2,\"name\":\"HEIZSYSTEME &#038; K\u00dcHLSYSTEME\",\"item\":\"https:\\\/\\\/burgersanitaer.com\\\/de\\\/heizsysteme-kuehlsysteme\\\/\"},{\"@type\":\"ListItem\",\"position\":3,\"name\":\"K\u00dcHLANLAGEN\"}]},{\"@type\":\"WebSite\",\"@id\":\"https:\\\/\\\/burgersanitaer.com\\\/de\\\/#website\",\"url\":\"https:\\\/\\\/burgersanitaer.com\\\/de\\\/\",\"name\":\"Burger Sanit\u00e4r\",\"description\":\"\",\"potentialAction\":[{\"@type\":\"SearchAction\",\"target\":{\"@type\":\"EntryPoint\",\"urlTemplate\":\"https:\\\/\\\/burgersanitaer.com\\\/de\\\/?s={search_term_string}\"},\"query-input\":{\"@type\":\"PropertyValueSpecification\",\"valueRequired\":true,\"valueName\":\"search_term_string\"}}],\"inLanguage\":\"de\"}]}<\/script>\n<!-- \/ Yoast SEO plugin. -->","yoast_head_json":{"title":"BURGER \u2013 Klimaanlagen und K\u00fchltechnik","description":"Gut geplante Klimaanlagen regeln sowohl im Sommer als auch im Winter das Raumklima, ganz gleich ob Wohnraum oder B\u00fcro. Fragen Sie noch heute unsere Klimaexperten!","robots":{"index":"index","follow":"follow","max-snippet":"max-snippet:-1","max-image-preview":"max-image-preview:large","max-video-preview":"max-video-preview:-1"},"canonical":"https:\/\/burgersanitaer.com\/de\/heizsysteme-kuehlsysteme\/kuehlanlagen\/","og_locale":"de_DE","og_type":"article","og_title":"BURGER \u2013 Klimaanlagen und K\u00fchltechnik","og_description":"Gut geplante Klimaanlagen regeln sowohl im Sommer als auch im Winter das Raumklima, ganz gleich ob Wohnraum oder B\u00fcro. Fragen Sie noch heute unsere Klimaexperten!","og_url":"https:\/\/burgersanitaer.com\/de\/heizsysteme-kuehlsysteme\/kuehlanlagen\/","og_site_name":"Burger Sanit\u00e4r","article_modified_time":"2022-09-08T06:51:44+00:00","twitter_card":"summary_large_image","schema":{"@context":"https:\/\/schema.org","@graph":[{"@type":"WebPage","@id":"https:\/\/burgersanitaer.com\/de\/heizsysteme-kuehlsysteme\/kuehlanlagen\/","url":"https:\/\/burgersanitaer.com\/de\/heizsysteme-kuehlsysteme\/kuehlanlagen\/","name":"BURGER \u2013 Klimaanlagen und K\u00fchltechnik","isPartOf":{"@id":"https:\/\/burgersanitaer.com\/de\/#website"},"datePublished":"2022-08-24T07:26:09+00:00","dateModified":"2022-09-08T06:51:44+00:00","description":"Gut geplante Klimaanlagen regeln sowohl im Sommer als auch im Winter das Raumklima, ganz gleich ob Wohnraum oder B\u00fcro. Fragen Sie noch heute unsere Klimaexperten!","breadcrumb":{"@id":"https:\/\/burgersanitaer.com\/de\/heizsysteme-kuehlsysteme\/kuehlanlagen\/#breadcrumb"},"inLanguage":"de","potentialAction":[{"@type":"ReadAction","target":["https:\/\/burgersanitaer.com\/de\/heizsysteme-kuehlsysteme\/kuehlanlagen\/"]}]},{"@type":"BreadcrumbList","@id":"https:\/\/burgersanitaer.com\/de\/heizsysteme-kuehlsysteme\/kuehlanlagen\/#breadcrumb","itemListElement":[{"@type":"ListItem","position":1,"name":"Startseite","item":"https:\/\/burgersanitaer.com\/de\/"},{"@type":"ListItem","position":2,"name":"HEIZSYSTEME &#038; K\u00dcHLSYSTEME","item":"https:\/\/burgersanitaer.com\/de\/heizsysteme-kuehlsysteme\/"},{"@type":"ListItem","position":3,"name":"K\u00dcHLANLAGEN"}]},{"@type":"WebSite","@id":"https:\/\/burgersanitaer.com\/de\/#website","url":"https:\/\/burgersanitaer.com\/de\/","name":"Burger Sanit\u00e4r","description":"","potentialAction":[{"@type":"SearchAction","target":{"@type":"EntryPoint","urlTemplate":"https:\/\/burgersanitaer.com\/de\/?s={search_term_string}"},"query-input":{"@type":"PropertyValueSpecification","valueRequired":true,"valueName":"search_term_string"}}],"inLanguage":"de"}]}},"_links":{"self":[{"href":"https:\/\/burgersanitaer.com\/de\/wp-json\/wp\/v2\/pages\/1109","targetHints":{"allow":["GET"]}}],"collection":[{"href":"https:\/\/burgersanitaer.com\/de\/wp-json\/wp\/v2\/pages"}],"about":[{"href":"https:\/\/burgersanitaer.com\/de\/wp-json\/wp\/v2\/types\/page"}],"author":[{"embeddable":true,"href":"https:\/\/burgersanitaer.com\/de\/wp-json\/wp\/v2\/users\/6"}],"replies":[{"embeddable":true,"href":"https:\/\/burgersanitaer.com\/de\/wp-json\/wp\/v2\/comments?post=1109"}],"version-history":[{"count":5,"href":"https:\/\/burgersanitaer.com\/de\/wp-json\/wp\/v2\/pages\/1109\/revisions"}],"predecessor-version":[{"id":1119,"href":"https:\/\/burgersanitaer.com\/de\/wp-json\/wp\/v2\/pages\/1109\/revisions\/1119"}],"up":[{"embeddable":true,"href":"https:\/\/burgersanitaer.com\/de\/wp-json\/wp\/v2\/pages\/117"}],"wp:attachment":[{"href":"https:\/\/burgersanitaer.com\/de\/wp-json\/wp\/v2\/media?parent=1109"}],"curies":[{"name":"wp","href":"https:\/\/api.w.org\/{rel}","templated":true}]}}