{"id":1083,"date":"2022-08-23T16:35:05","date_gmt":"2022-08-23T14:35:05","guid":{"rendered":"https:\/\/burgersanitaer.com\/?page_id=1083"},"modified":"2022-09-08T09:03:30","modified_gmt":"2022-09-08T07:03:30","slug":"waermepumpen","status":"publish","type":"page","link":"https:\/\/burgersanitaer.com\/de\/heizsysteme-kuehlsysteme\/waermepumpen\/","title":{"rendered":"W\u00c4RMEPUMPEN"},"content":{"rendered":"<section class=\"header-block \">\n  <div class=\"container container-21\">\n    <div class=\"col header-block--col-big\">\n      <div class=\"header-block--image\">\n          <div class=\"bg-media\">\n            <img class=\"fo-resp-img \" data-srcset='[{\"src\":\"https:\\\/\\\/burgersanitaer.com\\\/wp-content\\\/uploads\\\/2022\\\/08\\\/burger_sanitaer_waermepumpen_header_1-1920x1080.jpg\",\"width\":1920,\"height\":1080},{\"src\":\"https:\\\/\\\/burgersanitaer.com\\\/wp-content\\\/uploads\\\/2022\\\/08\\\/burger_sanitaer_waermepumpen_header_1-1240x698.jpg\",\"width\":1240,\"height\":698}]'\n    height=\"1080\" width=\"1920\"       alt=\"\" loading=\"lazy\">\n            <\/div>\n        <\/div>\n    <\/div>\n    <div class=\"col header-block--col-small\">\n      <div class=\"header-block--image\">\n          <img class=\"fo-resp-img \" data-srcset='[{\"src\":\"https:\\\/\\\/burgersanitaer.com\\\/wp-content\\\/uploads\\\/2022\\\/08\\\/burger_sanitaer_waermepumpen_header_2-1920x1080.jpg\",\"width\":1920,\"height\":1080},{\"src\":\"https:\\\/\\\/burgersanitaer.com\\\/wp-content\\\/uploads\\\/2022\\\/08\\\/burger_sanitaer_waermepumpen_header_2-1240x698.jpg\",\"width\":1240,\"height\":698}]'\n    height=\"1080\" width=\"1920\"       alt=\"\" loading=\"lazy\">\n        <\/div>\n    <\/div>\n    <div class=\"col header-block--header\">\n      <h1 class=\"header-block--header-title\">DAS ENERGIEKONZEPT DER ZUKUNFT<\/h1>\n      <h2 class=\"header-block--header-subtitle\">Keine Emissionen, kein Risiko, leicht zu bedienen<\/h2>\n    <\/div>\n  <\/div>\n<\/section>\n\n\n<section class=\"image-text-slider-block \">\r\n  <div class=\"slider-block \" data-active=\"0\">\n            <div class=\"slider-block--item active\" data-slider-id=\"0\">\n        <div class=\"col slider-block--image\">\n          <a >\n              <img class=\"fo-resp-img \" data-srcset='[{\"src\":\"https:\\\/\\\/burgersanitaer.com\\\/wp-content\\\/uploads\\\/2022\\\/08\\\/burger_sanitaer_waermepumpen_erdwaerme-1920x1080.jpg\",\"width\":1920,\"height\":1080},{\"src\":\"https:\\\/\\\/burgersanitaer.com\\\/wp-content\\\/uploads\\\/2022\\\/08\\\/burger_sanitaer_waermepumpen_erdwaerme-1240x698.jpg\",\"width\":1240,\"height\":698}]'\n    height=\"1080\" width=\"1920\"       alt=\"\" loading=\"lazy\">\n            <\/a>\n        <\/div>\n        <div class=\"col slider-block--image\">\n          <a >\n                                      <div class=\"slider-block--image-overlay\">\n                <h1>\n                  ERDW\u00c4RMEPUMPE                <\/h1>\n              <\/div>\n                      <\/a>\n        <\/div>\n                  <div class=\"col slider-block--pagination\">\n                          <button class=\"slider-block--pagination-dot active\" data-slider-id=\"0\"><\/button>\n                          <button class=\"slider-block--pagination-dot \" data-slider-id=\"1\"><\/button>\n                          <button class=\"slider-block--pagination-dot \" data-slider-id=\"2\"><\/button>\n                      <\/div>\n                <div class=\"col slider-block--content\">\n                      <div class=\"slider-block--content-description\"><p>Zwei unterschiedliche Varianten kommen f\u00fcr den Einsatz einer Erdw\u00e4rmepumpe in Frage: 1. Durch Erdkollektoren und 2. durch Erdw\u00e4rmesonden kann dem Erdreich die W\u00e4rme entnommen werden. F\u00fcr welches man sich entscheidet, h\u00e4ngt von verschiedenen Faktoren wie z.B. der Gr\u00f6\u00dfe des Grundst\u00fccks oder vom Energiebedarf des Geb\u00e4udes ab.<\/p>\n<\/div>\n                                <div class=\"slider-block--content-actions\">\n                              <h3 class=\"slider-block--content-actions-subtitle\">Erdw\u00e4rmepumpen nutzen die kostenlose W\u00e4rme aus dem Erdreich.<\/h3>\n                                        <\/div>\n                  <\/div>\n      <\/div>\n          <div class=\"slider-block--item \" data-slider-id=\"1\">\n        <div class=\"col slider-block--image\">\n          <a >\n              <img class=\"fo-resp-img \" data-srcset='[{\"src\":\"https:\\\/\\\/burgersanitaer.com\\\/wp-content\\\/uploads\\\/2022\\\/08\\\/burger_sanitaer_waermepumpen_grundwasser-1920x1080.jpg\",\"width\":1920,\"height\":1080},{\"src\":\"https:\\\/\\\/burgersanitaer.com\\\/wp-content\\\/uploads\\\/2022\\\/08\\\/burger_sanitaer_waermepumpen_grundwasser-1240x698.jpg\",\"width\":1240,\"height\":698}]'\n    height=\"1080\" width=\"1920\"       alt=\"\" loading=\"lazy\">\n            <\/a>\n        <\/div>\n        <div class=\"col slider-block--image\">\n          <a >\n                                      <div class=\"slider-block--image-overlay\">\n                <h1>\n                  GRUNDWASSERW\u00c4RMEPUMPEN                <\/h1>\n              <\/div>\n                      <\/a>\n        <\/div>\n                  <div class=\"col slider-block--pagination\">\n                          <button class=\"slider-block--pagination-dot \" data-slider-id=\"0\"><\/button>\n                          <button class=\"slider-block--pagination-dot active\" data-slider-id=\"1\"><\/button>\n                          <button class=\"slider-block--pagination-dot \" data-slider-id=\"2\"><\/button>\n                      <\/div>\n                <div class=\"col slider-block--content\">\n                      <div class=\"slider-block--content-description\"><p>Durch eine ganzj\u00e4hrige konstante Temperatur zwischen 8\u00b0 C und 12\u00b0 C ist das Grundwasser eine effektive W\u00e4rmequelle. F\u00fcr eine Grundwasserw\u00e4rmepumpe ist eine wasserrechtliche Genehmigung Voraussetzung. Beide Brunnentypen (Entnahmebrunnen und Sickerbrunnen) erfordern wenig Platz, deshalb ist eine Grundwasserw\u00e4rmepumpe auch f\u00fcr kleinere Grundst\u00fccke geeignet.<\/p>\n<\/div>\n                                <div class=\"slider-block--content-actions\">\n                              <h3 class=\"slider-block--content-actions-subtitle\">Die Energie kommt hier direkt aus dem Grundwasser.<\/h3>\n                                        <\/div>\n                  <\/div>\n      <\/div>\n          <div class=\"slider-block--item \" data-slider-id=\"2\">\n        <div class=\"col slider-block--image\">\n          <a >\n              <img class=\"fo-resp-img \" data-srcset='[{\"src\":\"https:\\\/\\\/burgersanitaer.com\\\/wp-content\\\/uploads\\\/2022\\\/09\\\/burger-thermo-sanitaer-suedtirol-luft-1870x1080.jpg\",\"width\":1870,\"height\":1080},{\"src\":\"https:\\\/\\\/burgersanitaer.com\\\/wp-content\\\/uploads\\\/2022\\\/09\\\/burger-thermo-sanitaer-suedtirol-luft-1240x698.jpg\",\"width\":1240,\"height\":698}]'\n    height=\"1080\" width=\"1870\"       alt=\"\" loading=\"lazy\">\n            <\/a>\n        <\/div>\n        <div class=\"col slider-block--image\">\n          <a >\n                                      <div class=\"slider-block--image-overlay\">\n                <h1>\n                  LUFTW\u00c4RMEPUMPEN                <\/h1>\n              <\/div>\n                      <\/a>\n        <\/div>\n                  <div class=\"col slider-block--pagination\">\n                          <button class=\"slider-block--pagination-dot \" data-slider-id=\"0\"><\/button>\n                          <button class=\"slider-block--pagination-dot \" data-slider-id=\"1\"><\/button>\n                          <button class=\"slider-block--pagination-dot active\" data-slider-id=\"2\"><\/button>\n                      <\/div>\n                <div class=\"col slider-block--content\">\n                      <div class=\"slider-block--content-description\"><p>Luftw\u00e4rmepumpen nutzen kostenlose Umgebungsluft und k\u00f6nnen als regenerative Energiequelle eingesetzt werden. Die Installation ist unabh\u00e4ngig vom Standort m\u00f6glich. Der Aufwand f\u00fcr die Erschlie\u00dfung und die Kosten sind gering. Es gibt unterschiedliche Varianten f\u00fcr den Einsatz einer Luftw\u00e4rmepumpe: Die W\u00e4rmepumpe im Innenbereich, der Au\u00dfenluftverdampfer im Au\u00dfenbereich (Luft-Split-W\u00e4rmepumpen) sowie die W\u00e4rmepumpe als Au\u00dfeneinheit (Luftw\u00e4rmepumpe in Kompaktbauweise).<\/p>\n<\/div>\n                                <div class=\"slider-block--content-actions\">\n                              <h3 class=\"slider-block--content-actions-subtitle\">Luftw\u00e4rmepumpen nutzen kostenlose Umgebungsluft<\/h3>\n                                        <\/div>\n                  <\/div>\n      <\/div>\n      <\/div>\n<\/section>\r\n","protected":false},"excerpt":{"rendered":"","protected":false},"author":6,"featured_media":0,"parent":117,"menu_order":2,"comment_status":"closed","ping_status":"closed","template":"","meta":{"_acf_changed":false,"footnotes":""},"class_list":["post-1083","page","type-page","status-publish","hentry"],"acf":[],"yoast_head":"<!-- This site is optimized with the Yoast SEO plugin v27.4 - https:\/\/yoast.com\/product\/yoast-seo-wordpress\/ -->\n<title>BURGER \u2013 W\u00e4rmepumpen f\u00fcr jede Anwendung<\/title>\n<meta name=\"description\" content=\"Ob Erdw\u00e4rmepumpen, Grundwasserpumpen oder Luftw\u00e4rmepumpen. Unsere Klimaprofis beraten und planen ihr individuelles Projekt.\" \/>\n<meta name=\"robots\" content=\"index, follow, max-snippet:-1, max-image-preview:large, max-video-preview:-1\" \/>\n<link rel=\"canonical\" href=\"https:\/\/burgersanitaer.com\/de\/heizsysteme-kuehlsysteme\/waermepumpen\/\" \/>\n<meta property=\"og:locale\" content=\"de_DE\" \/>\n<meta property=\"og:type\" content=\"article\" \/>\n<meta property=\"og:title\" content=\"BURGER \u2013 W\u00e4rmepumpen f\u00fcr jede Anwendung\" \/>\n<meta property=\"og:description\" content=\"Ob Erdw\u00e4rmepumpen, Grundwasserpumpen oder Luftw\u00e4rmepumpen. Unsere Klimaprofis beraten und planen ihr individuelles Projekt.\" \/>\n<meta property=\"og:url\" content=\"https:\/\/burgersanitaer.com\/de\/heizsysteme-kuehlsysteme\/waermepumpen\/\" \/>\n<meta property=\"og:site_name\" content=\"Burger Sanit\u00e4r\" \/>\n<meta property=\"article:modified_time\" content=\"2022-09-08T07:03:30+00:00\" \/>\n<meta name=\"twitter:card\" content=\"summary_large_image\" \/>\n<script type=\"application\/ld+json\" class=\"yoast-schema-graph\">{\"@context\":\"https:\\\/\\\/schema.org\",\"@graph\":[{\"@type\":\"WebPage\",\"@id\":\"https:\\\/\\\/burgersanitaer.com\\\/de\\\/heizsysteme-kuehlsysteme\\\/waermepumpen\\\/\",\"url\":\"https:\\\/\\\/burgersanitaer.com\\\/de\\\/heizsysteme-kuehlsysteme\\\/waermepumpen\\\/\",\"name\":\"BURGER \u2013 W\u00e4rmepumpen f\u00fcr jede Anwendung\",\"isPartOf\":{\"@id\":\"https:\\\/\\\/burgersanitaer.com\\\/de\\\/#website\"},\"datePublished\":\"2022-08-23T14:35:05+00:00\",\"dateModified\":\"2022-09-08T07:03:30+00:00\",\"description\":\"Ob Erdw\u00e4rmepumpen, Grundwasserpumpen oder Luftw\u00e4rmepumpen. Unsere Klimaprofis beraten und planen ihr individuelles Projekt.\",\"breadcrumb\":{\"@id\":\"https:\\\/\\\/burgersanitaer.com\\\/de\\\/heizsysteme-kuehlsysteme\\\/waermepumpen\\\/#breadcrumb\"},\"inLanguage\":\"de\",\"potentialAction\":[{\"@type\":\"ReadAction\",\"target\":[\"https:\\\/\\\/burgersanitaer.com\\\/de\\\/heizsysteme-kuehlsysteme\\\/waermepumpen\\\/\"]}]},{\"@type\":\"BreadcrumbList\",\"@id\":\"https:\\\/\\\/burgersanitaer.com\\\/de\\\/heizsysteme-kuehlsysteme\\\/waermepumpen\\\/#breadcrumb\",\"itemListElement\":[{\"@type\":\"ListItem\",\"position\":1,\"name\":\"Startseite\",\"item\":\"https:\\\/\\\/burgersanitaer.com\\\/de\\\/\"},{\"@type\":\"ListItem\",\"position\":2,\"name\":\"HEIZSYSTEME &#038; K\u00dcHLSYSTEME\",\"item\":\"https:\\\/\\\/burgersanitaer.com\\\/de\\\/heizsysteme-kuehlsysteme\\\/\"},{\"@type\":\"ListItem\",\"position\":3,\"name\":\"W\u00c4RMEPUMPEN\"}]},{\"@type\":\"WebSite\",\"@id\":\"https:\\\/\\\/burgersanitaer.com\\\/de\\\/#website\",\"url\":\"https:\\\/\\\/burgersanitaer.com\\\/de\\\/\",\"name\":\"Burger Sanit\u00e4r\",\"description\":\"\",\"potentialAction\":[{\"@type\":\"SearchAction\",\"target\":{\"@type\":\"EntryPoint\",\"urlTemplate\":\"https:\\\/\\\/burgersanitaer.com\\\/de\\\/?s={search_term_string}\"},\"query-input\":{\"@type\":\"PropertyValueSpecification\",\"valueRequired\":true,\"valueName\":\"search_term_string\"}}],\"inLanguage\":\"de\"}]}<\/script>\n<!-- \/ Yoast SEO plugin. -->","yoast_head_json":{"title":"BURGER \u2013 W\u00e4rmepumpen f\u00fcr jede Anwendung","description":"Ob Erdw\u00e4rmepumpen, Grundwasserpumpen oder Luftw\u00e4rmepumpen. Unsere Klimaprofis beraten und planen ihr individuelles Projekt.","robots":{"index":"index","follow":"follow","max-snippet":"max-snippet:-1","max-image-preview":"max-image-preview:large","max-video-preview":"max-video-preview:-1"},"canonical":"https:\/\/burgersanitaer.com\/de\/heizsysteme-kuehlsysteme\/waermepumpen\/","og_locale":"de_DE","og_type":"article","og_title":"BURGER \u2013 W\u00e4rmepumpen f\u00fcr jede Anwendung","og_description":"Ob Erdw\u00e4rmepumpen, Grundwasserpumpen oder Luftw\u00e4rmepumpen. Unsere Klimaprofis beraten und planen ihr individuelles Projekt.","og_url":"https:\/\/burgersanitaer.com\/de\/heizsysteme-kuehlsysteme\/waermepumpen\/","og_site_name":"Burger Sanit\u00e4r","article_modified_time":"2022-09-08T07:03:30+00:00","twitter_card":"summary_large_image","schema":{"@context":"https:\/\/schema.org","@graph":[{"@type":"WebPage","@id":"https:\/\/burgersanitaer.com\/de\/heizsysteme-kuehlsysteme\/waermepumpen\/","url":"https:\/\/burgersanitaer.com\/de\/heizsysteme-kuehlsysteme\/waermepumpen\/","name":"BURGER \u2013 W\u00e4rmepumpen f\u00fcr jede Anwendung","isPartOf":{"@id":"https:\/\/burgersanitaer.com\/de\/#website"},"datePublished":"2022-08-23T14:35:05+00:00","dateModified":"2022-09-08T07:03:30+00:00","description":"Ob Erdw\u00e4rmepumpen, Grundwasserpumpen oder Luftw\u00e4rmepumpen. Unsere Klimaprofis beraten und planen ihr individuelles Projekt.","breadcrumb":{"@id":"https:\/\/burgersanitaer.com\/de\/heizsysteme-kuehlsysteme\/waermepumpen\/#breadcrumb"},"inLanguage":"de","potentialAction":[{"@type":"ReadAction","target":["https:\/\/burgersanitaer.com\/de\/heizsysteme-kuehlsysteme\/waermepumpen\/"]}]},{"@type":"BreadcrumbList","@id":"https:\/\/burgersanitaer.com\/de\/heizsysteme-kuehlsysteme\/waermepumpen\/#breadcrumb","itemListElement":[{"@type":"ListItem","position":1,"name":"Startseite","item":"https:\/\/burgersanitaer.com\/de\/"},{"@type":"ListItem","position":2,"name":"HEIZSYSTEME &#038; K\u00dcHLSYSTEME","item":"https:\/\/burgersanitaer.com\/de\/heizsysteme-kuehlsysteme\/"},{"@type":"ListItem","position":3,"name":"W\u00c4RMEPUMPEN"}]},{"@type":"WebSite","@id":"https:\/\/burgersanitaer.com\/de\/#website","url":"https:\/\/burgersanitaer.com\/de\/","name":"Burger Sanit\u00e4r","description":"","potentialAction":[{"@type":"SearchAction","target":{"@type":"EntryPoint","urlTemplate":"https:\/\/burgersanitaer.com\/de\/?s={search_term_string}"},"query-input":{"@type":"PropertyValueSpecification","valueRequired":true,"valueName":"search_term_string"}}],"inLanguage":"de"}]}},"_links":{"self":[{"href":"https:\/\/burgersanitaer.com\/de\/wp-json\/wp\/v2\/pages\/1083","targetHints":{"allow":["GET"]}}],"collection":[{"href":"https:\/\/burgersanitaer.com\/de\/wp-json\/wp\/v2\/pages"}],"about":[{"href":"https:\/\/burgersanitaer.com\/de\/wp-json\/wp\/v2\/types\/page"}],"author":[{"embeddable":true,"href":"https:\/\/burgersanitaer.com\/de\/wp-json\/wp\/v2\/users\/6"}],"replies":[{"embeddable":true,"href":"https:\/\/burgersanitaer.com\/de\/wp-json\/wp\/v2\/comments?post=1083"}],"version-history":[{"count":11,"href":"https:\/\/burgersanitaer.com\/de\/wp-json\/wp\/v2\/pages\/1083\/revisions"}],"predecessor-version":[{"id":1604,"href":"https:\/\/burgersanitaer.com\/de\/wp-json\/wp\/v2\/pages\/1083\/revisions\/1604"}],"up":[{"embeddable":true,"href":"https:\/\/burgersanitaer.com\/de\/wp-json\/wp\/v2\/pages\/117"}],"wp:attachment":[{"href":"https:\/\/burgersanitaer.com\/de\/wp-json\/wp\/v2\/media?parent=1083"}],"curies":[{"name":"wp","href":"https:\/\/api.w.org\/{rel}","templated":true}]}}