{"id":1030,"date":"2022-08-23T15:32:39","date_gmt":"2022-08-23T13:32:39","guid":{"rendered":"https:\/\/burgersanitaer.com\/?page_id=1030"},"modified":"2022-09-08T09:05:06","modified_gmt":"2022-09-08T07:05:06","slug":"heizungsanlagen","status":"publish","type":"page","link":"https:\/\/burgersanitaer.com\/de\/heizsysteme-kuehlsysteme\/heizungsanlagen\/","title":{"rendered":"HEIZUNGSANLAGEN"},"content":{"rendered":"<section class=\"header-block \">\n  <div class=\"container container-21\">\n    <div class=\"col header-block--col-big\">\n      <div class=\"header-block--image\">\n          <div class=\"bg-media\">\n            <img class=\"fo-resp-img \" data-srcset='[{\"src\":\"https:\\\/\\\/burgersanitaer.com\\\/wp-content\\\/uploads\\\/2022\\\/08\\\/burger_sanitaer_heizsysteme_header_2-1920x1080.jpg\",\"width\":1920,\"height\":1080},{\"src\":\"https:\\\/\\\/burgersanitaer.com\\\/wp-content\\\/uploads\\\/2022\\\/08\\\/burger_sanitaer_heizsysteme_header_2-1240x698.jpg\",\"width\":1240,\"height\":698}]'\n    height=\"1080\" width=\"1920\"       alt=\"\" loading=\"lazy\">\n            <\/div>\n        <\/div>\n    <\/div>\n    <div class=\"col header-block--col-small\">\n      <div class=\"header-block--image\">\n          <img class=\"fo-resp-img \" data-srcset='[{\"src\":\"https:\\\/\\\/burgersanitaer.com\\\/wp-content\\\/uploads\\\/2022\\\/08\\\/burger_sanitaer_heizsysteme_header_3-1920x1080.jpg\",\"width\":1920,\"height\":1080},{\"src\":\"https:\\\/\\\/burgersanitaer.com\\\/wp-content\\\/uploads\\\/2022\\\/08\\\/burger_sanitaer_heizsysteme_header_3-1240x698.jpg\",\"width\":1240,\"height\":698}]'\n    height=\"1080\" width=\"1920\"       alt=\"\" loading=\"lazy\">\n        <\/div>\n    <\/div>\n    <div class=\"col header-block--header\">\n      <h1 class=\"header-block--header-title\">NACHHALTIG, PASSEND, HEIZKOSTEN-SPAREND UND EFFEKTIV<\/h1>\n      <h2 class=\"header-block--header-subtitle\">Wir sind Ihr kompetenter und professioneller Partner<\/h2>\n    <\/div>\n  <\/div>\n<\/section>\n\n\n<section class=\"image-text-slider-block \">\r\n  <div class=\"slider-block \" data-active=\"0\">\n            <div class=\"slider-block--item active\" data-slider-id=\"0\">\n        <div class=\"col slider-block--image\">\n          <a >\n              <img class=\"fo-resp-img \" data-srcset='[{\"src\":\"https:\\\/\\\/burgersanitaer.com\\\/wp-content\\\/uploads\\\/2022\\\/08\\\/burger-thermo-sanitaer-suedtirol-pelletsheizungen-1-1920x1080.jpg\",\"width\":1920,\"height\":1080},{\"src\":\"https:\\\/\\\/burgersanitaer.com\\\/wp-content\\\/uploads\\\/2022\\\/08\\\/burger-thermo-sanitaer-suedtirol-pelletsheizungen-1-1240x698.jpg\",\"width\":1240,\"height\":698}]'\n    height=\"1080\" width=\"1920\"       alt=\"\" loading=\"lazy\">\n            <\/a>\n        <\/div>\n        <div class=\"col slider-block--image\">\n          <a >\n                                      <div class=\"slider-block--image-overlay\">\n                <h1>\n                  PELLETSHEIZUNGEN                <\/h1>\n              <\/div>\n                      <\/a>\n        <\/div>\n                  <div class=\"col slider-block--pagination\">\n                          <button class=\"slider-block--pagination-dot active\" data-slider-id=\"0\"><\/button>\n                          <button class=\"slider-block--pagination-dot \" data-slider-id=\"1\"><\/button>\n                          <button class=\"slider-block--pagination-dot \" data-slider-id=\"2\"><\/button>\n                          <button class=\"slider-block--pagination-dot \" data-slider-id=\"3\"><\/button>\n                          <button class=\"slider-block--pagination-dot \" data-slider-id=\"4\"><\/button>\n                      <\/div>\n                <div class=\"col slider-block--content\">\n                      <div class=\"slider-block--content-description\"><p>Holzabf\u00e4lle und S\u00e4gesp\u00e4ne werden zusammengepresst, zerkleinert und ergeben die sogenannten Pellets. Dieser umweltfreundliche und CO2-neutrale Brennstoff weist \u00fcberzeugende Vorteile auf. Argumente wie geringes Lagervolumen, staub- und geruchsfreies Einblasen und ein effizienter und energiesparender Heizkessel sind nicht von der Hand zu weisen.<\/p>\n<\/div>\n                                <div class=\"slider-block--content-actions\">\n                              <h3 class=\"slider-block--content-actions-subtitle\">Innovative M\u00f6glichkeit<\/h3>\n                                        <\/div>\n                  <\/div>\n      <\/div>\n          <div class=\"slider-block--item \" data-slider-id=\"1\">\n        <div class=\"col slider-block--image\">\n          <a >\n              <img class=\"fo-resp-img \" data-srcset='[{\"src\":\"https:\\\/\\\/burgersanitaer.com\\\/wp-content\\\/uploads\\\/2022\\\/09\\\/burger-thermo-sanitaer-suedtirol-termin-hackschnitzel.jpg\",\"width\":1498,\"height\":996},{\"src\":\"https:\\\/\\\/burgersanitaer.com\\\/wp-content\\\/uploads\\\/2022\\\/09\\\/burger-thermo-sanitaer-suedtirol-termin-hackschnitzel-1240x698.jpg\",\"width\":1240,\"height\":698}]'\n    height=\"996\" width=\"1498\"       alt=\"\" loading=\"lazy\">\n            <\/a>\n        <\/div>\n        <div class=\"col slider-block--image\">\n          <a >\n                                      <div class=\"slider-block--image-overlay\">\n                <h1>\n                  HACKGUTHEIZUNGEN                <\/h1>\n              <\/div>\n                      <\/a>\n        <\/div>\n                  <div class=\"col slider-block--pagination\">\n                          <button class=\"slider-block--pagination-dot \" data-slider-id=\"0\"><\/button>\n                          <button class=\"slider-block--pagination-dot active\" data-slider-id=\"1\"><\/button>\n                          <button class=\"slider-block--pagination-dot \" data-slider-id=\"2\"><\/button>\n                          <button class=\"slider-block--pagination-dot \" data-slider-id=\"3\"><\/button>\n                          <button class=\"slider-block--pagination-dot \" data-slider-id=\"4\"><\/button>\n                      <\/div>\n                <div class=\"col slider-block--content\">\n                      <div class=\"slider-block--content-description\"><p>Das Hackgut selbst wird ausschlie\u00dflich aus Restholz unserer heimischen W\u00e4lder hergestellt. F\u00fcr eine Hackgutanlage sprechen Vorteile wie der effiziente und energiesparende Heizkessel, die Unabh\u00e4ngigkeit von \u00d6l oder Gas und der Vorteil der regionalen Wertsch\u00f6pfung bzw. Kreisl\u00e4ufe.<\/p>\n<\/div>\n                                <div class=\"slider-block--content-actions\">\n                              <h3 class=\"slider-block--content-actions-subtitle\">G\u00fcnstig und komfortabel<\/h3>\n                                        <\/div>\n                  <\/div>\n      <\/div>\n          <div class=\"slider-block--item \" data-slider-id=\"2\">\n        <div class=\"col slider-block--image\">\n          <a >\n              <img class=\"fo-resp-img \" data-srcset='[{\"src\":\"https:\\\/\\\/burgersanitaer.com\\\/wp-content\\\/uploads\\\/2022\\\/08\\\/burger_sanitaer_heizsysteme_2-1920x1080.jpg\",\"width\":1920,\"height\":1080},{\"src\":\"https:\\\/\\\/burgersanitaer.com\\\/wp-content\\\/uploads\\\/2022\\\/08\\\/burger_sanitaer_heizsysteme_2-1240x698.jpg\",\"width\":1240,\"height\":698}]'\n    height=\"1080\" width=\"1920\"       alt=\"\" loading=\"lazy\">\n            <\/a>\n        <\/div>\n        <div class=\"col slider-block--image\">\n          <a >\n                                      <div class=\"slider-block--image-overlay\">\n                <h1>\n                  W\u00c4RMEPUMPENANLAGE                <\/h1>\n              <\/div>\n                      <\/a>\n        <\/div>\n                  <div class=\"col slider-block--pagination\">\n                          <button class=\"slider-block--pagination-dot \" data-slider-id=\"0\"><\/button>\n                          <button class=\"slider-block--pagination-dot \" data-slider-id=\"1\"><\/button>\n                          <button class=\"slider-block--pagination-dot active\" data-slider-id=\"2\"><\/button>\n                          <button class=\"slider-block--pagination-dot \" data-slider-id=\"3\"><\/button>\n                          <button class=\"slider-block--pagination-dot \" data-slider-id=\"4\"><\/button>\n                      <\/div>\n                <div class=\"col slider-block--content\">\n                      <div class=\"slider-block--content-description\"><p>Die modernen W\u00e4rmepumpensysteme und deren Anspruch geht weit \u00fcber das Heizen hinaus:<br \/>\nSie dienen der Warmwasserbereitung, der K\u00fchlung und haben eine intelligente Einbindung von Pv-Anlagen. Zudem k\u00f6nnen Sie weltweit Zugriff auf Ihr System haben.<\/p>\n<\/div>\n                                <div class=\"slider-block--content-actions\">\n                              <h3 class=\"slider-block--content-actions-subtitle\">Effizient und nachhaltig<\/h3>\n                                        <\/div>\n                  <\/div>\n      <\/div>\n          <div class=\"slider-block--item \" data-slider-id=\"3\">\n        <div class=\"col slider-block--image\">\n          <a >\n              <img class=\"fo-resp-img \" data-srcset='[{\"src\":\"https:\\\/\\\/burgersanitaer.com\\\/wp-content\\\/uploads\\\/2022\\\/09\\\/burger-thermo-sanitaer-suedtirol-termin-fernwaerme-1920x1080.jpg\",\"width\":1920,\"height\":1080},{\"src\":\"https:\\\/\\\/burgersanitaer.com\\\/wp-content\\\/uploads\\\/2022\\\/09\\\/burger-thermo-sanitaer-suedtirol-termin-fernwaerme-1240x698.jpg\",\"width\":1240,\"height\":698}]'\n    height=\"1080\" width=\"1920\"       alt=\"\" loading=\"lazy\">\n            <\/a>\n        <\/div>\n        <div class=\"col slider-block--image\">\n          <a >\n                                      <div class=\"slider-block--image-overlay\">\n                <h1>\n                  FERNW\u00c4RME                <\/h1>\n              <\/div>\n                      <\/a>\n        <\/div>\n                  <div class=\"col slider-block--pagination\">\n                          <button class=\"slider-block--pagination-dot \" data-slider-id=\"0\"><\/button>\n                          <button class=\"slider-block--pagination-dot \" data-slider-id=\"1\"><\/button>\n                          <button class=\"slider-block--pagination-dot \" data-slider-id=\"2\"><\/button>\n                          <button class=\"slider-block--pagination-dot active\" data-slider-id=\"3\"><\/button>\n                          <button class=\"slider-block--pagination-dot \" data-slider-id=\"4\"><\/button>\n                      <\/div>\n                <div class=\"col slider-block--content\">\n                      <div class=\"slider-block--content-description\"><p>Argumente f\u00fcr die Fernw\u00e4rme gibt es reichlich, wobei diese Art der Heizung vor allem mit dem Reduzieren vom Raumbedarf punktet. F\u00fcr den Sicherheitsaspekt spricht der Wegfall jeglicher Explosions- und Brandgefahren. Somit sind auch keine Kosten im Bezug auf den Brandschutz erforderlich.<\/p>\n<\/div>\n                                <div class=\"slider-block--content-actions\">\n                              <h3 class=\"slider-block--content-actions-subtitle\">Der Raumsparer<\/h3>\n                                        <\/div>\n                  <\/div>\n      <\/div>\n          <div class=\"slider-block--item \" data-slider-id=\"4\">\n        <div class=\"col slider-block--image\">\n          <a >\n              <img class=\"fo-resp-img \" data-srcset='[{\"src\":\"https:\\\/\\\/burgersanitaer.com\\\/wp-content\\\/uploads\\\/2022\\\/08\\\/burger_sanitaer_heizsysteme_5-1920x1080.jpg\",\"width\":1920,\"height\":1080},{\"src\":\"https:\\\/\\\/burgersanitaer.com\\\/wp-content\\\/uploads\\\/2022\\\/08\\\/burger_sanitaer_heizsysteme_5-1240x698.jpg\",\"width\":1240,\"height\":698}]'\n    height=\"1080\" width=\"1920\"       alt=\"\" loading=\"lazy\">\n            <\/a>\n        <\/div>\n        <div class=\"col slider-block--image\">\n          <a >\n                                      <div class=\"slider-block--image-overlay\">\n                <h1>\n                  \u00d6LHEIZUNGEN | GASHEIZUNG                <\/h1>\n              <\/div>\n                      <\/a>\n        <\/div>\n                  <div class=\"col slider-block--pagination\">\n                          <button class=\"slider-block--pagination-dot \" data-slider-id=\"0\"><\/button>\n                          <button class=\"slider-block--pagination-dot \" data-slider-id=\"1\"><\/button>\n                          <button class=\"slider-block--pagination-dot \" data-slider-id=\"2\"><\/button>\n                          <button class=\"slider-block--pagination-dot \" data-slider-id=\"3\"><\/button>\n                          <button class=\"slider-block--pagination-dot active\" data-slider-id=\"4\"><\/button>\n                      <\/div>\n                <div class=\"col slider-block--content\">\n                      <div class=\"slider-block--content-description\"><p>BURGER steht zu 100 % f\u00fcr erneuerbare Energiequellen. Wir m\u00fcssen und sollen weg von fossilen Energietr\u00e4gern! Der Umwelt und unseren Kindern zuliebe.<\/p>\n<\/div>\n                                <div class=\"slider-block--content-actions\">\n                              <h3 class=\"slider-block--content-actions-subtitle\"><\/h3>\n                                        <\/div>\n                  <\/div>\n      <\/div>\n      <\/div>\n<\/section>\r\n\n\n<div class=\"image-block \">\r\n      <img class=\"fo-resp-img \" data-srcset='[{\"src\":\"https:\\\/\\\/burgersanitaer.com\\\/wp-content\\\/uploads\\\/2022\\\/08\\\/burger_sanitaer_heizsysteme_3.jpg\",\"width\":1920,\"height\":1280},{\"src\":\"https:\\\/\\\/burgersanitaer.com\\\/wp-content\\\/uploads\\\/2022\\\/08\\\/burger_sanitaer_heizsysteme_3-1200x800.jpg\",\"width\":1200,\"height\":800},{\"src\":\"https:\\\/\\\/burgersanitaer.com\\\/wp-content\\\/uploads\\\/2022\\\/08\\\/burger_sanitaer_heizsysteme_3-730x487.jpg\",\"width\":730,\"height\":487},{\"src\":\"https:\\\/\\\/burgersanitaer.com\\\/wp-content\\\/uploads\\\/2022\\\/08\\\/burger_sanitaer_heizsysteme_3-460x307.jpg\",\"width\":460,\"height\":307}]'\n    height=\"1280\" width=\"1920\"       alt=\"\" loading=\"lazy\">\n  <\/div>\r\n\r\n\n\n<section class=\"text-block  \">\n  <div class=\"container container-11\">\n    <div class=\"col\">\n      <h1 class=\"text-block--title\">\n        PLANUNG &#038; BERATUNG      <\/h1>\n    <\/div>\n    <div class=\"col text-block--content\">\n              <div class=\"text-block--content-excerpt\">\n          <p>Die Wahl des richtigen Heizungssystems und des Designs h\u00e4ngt von mehreren Faktoren ab. Wir haben immer ein Ohr f\u00fcr Sie offen, egal ob Sie renovieren oder sanieren wollen, ein neues Bad Design oder Bad-M\u00f6bel ben\u00f6tigen. Unsere Kundenberater sind stets auf dem neuesten Stand und nehmen sich ausr&#8230;\n          <br \/>\n          <br \/>\n          <a class=\"btn btn-arrow-down \">Mehr lesen<\/a>\n        <\/div>\n            <div class=\"text-block--content-all\">\n        <p>Die Wahl des richtigen Heizungssystems und des Designs h\u00e4ngt von mehreren Faktoren ab. Wir haben immer ein Ohr f\u00fcr Sie offen, egal ob Sie renovieren oder sanieren wollen, ein neues Bad Design oder Bad-M\u00f6bel ben\u00f6tigen. Unsere Kundenberater sind stets auf dem neuesten Stand und nehmen sich ausreichend Zeit f\u00fcr Sie, um Sie mit fachlicher Kompetenz auf h\u00f6chstem Niveau zu beraten.<\/p>\n      <\/div>\n    <\/div>\n  <\/div>\n<\/section>\n","protected":false},"excerpt":{"rendered":"","protected":false},"author":6,"featured_media":0,"parent":117,"menu_order":1,"comment_status":"closed","ping_status":"closed","template":"","meta":{"_acf_changed":false,"footnotes":""},"class_list":["post-1030","page","type-page","status-publish","hentry"],"acf":[],"yoast_head":"<!-- This site is optimized with the Yoast SEO plugin v27.4 - https:\/\/yoast.com\/product\/yoast-seo-wordpress\/ -->\n<title>BURGER Sanit\u00e4r und Heizung \u2013 Ihr Profi in S\u00fcdtirol<\/title>\n<meta name=\"description\" content=\"Ihr Heizungsanlagen Profi, gleich ob Pelletsheizung, Hackgutheizung, W\u00e4rmepumpen, Fernw\u00e4rme oder \u00d6l-Gasheizung. Wir beraten Sie gerne und helfen bei der richtigen Entscheidung.\" \/>\n<meta name=\"robots\" content=\"index, follow, max-snippet:-1, max-image-preview:large, max-video-preview:-1\" \/>\n<link rel=\"canonical\" href=\"https:\/\/burgersanitaer.com\/de\/heizsysteme-kuehlsysteme\/heizungsanlagen\/\" \/>\n<meta property=\"og:locale\" content=\"de_DE\" \/>\n<meta property=\"og:type\" content=\"article\" \/>\n<meta property=\"og:title\" content=\"BURGER Sanit\u00e4r und Heizung \u2013 Ihr Profi in S\u00fcdtirol\" \/>\n<meta property=\"og:description\" content=\"Ihr Heizungsanlagen Profi, gleich ob Pelletsheizung, Hackgutheizung, W\u00e4rmepumpen, Fernw\u00e4rme oder \u00d6l-Gasheizung. Wir beraten Sie gerne und helfen bei der richtigen Entscheidung.\" \/>\n<meta property=\"og:url\" content=\"https:\/\/burgersanitaer.com\/de\/heizsysteme-kuehlsysteme\/heizungsanlagen\/\" \/>\n<meta property=\"og:site_name\" content=\"Burger Sanit\u00e4r\" \/>\n<meta property=\"article:modified_time\" content=\"2022-09-08T07:05:06+00:00\" \/>\n<meta name=\"twitter:card\" content=\"summary_large_image\" \/>\n<script type=\"application\/ld+json\" class=\"yoast-schema-graph\">{\"@context\":\"https:\\\/\\\/schema.org\",\"@graph\":[{\"@type\":\"WebPage\",\"@id\":\"https:\\\/\\\/burgersanitaer.com\\\/de\\\/heizsysteme-kuehlsysteme\\\/heizungsanlagen\\\/\",\"url\":\"https:\\\/\\\/burgersanitaer.com\\\/de\\\/heizsysteme-kuehlsysteme\\\/heizungsanlagen\\\/\",\"name\":\"BURGER Sanit\u00e4r und Heizung \u2013 Ihr Profi in S\u00fcdtirol\",\"isPartOf\":{\"@id\":\"https:\\\/\\\/burgersanitaer.com\\\/de\\\/#website\"},\"datePublished\":\"2022-08-23T13:32:39+00:00\",\"dateModified\":\"2022-09-08T07:05:06+00:00\",\"description\":\"Ihr Heizungsanlagen Profi, gleich ob Pelletsheizung, Hackgutheizung, W\u00e4rmepumpen, Fernw\u00e4rme oder \u00d6l-Gasheizung. Wir beraten Sie gerne und helfen bei der richtigen Entscheidung.\",\"breadcrumb\":{\"@id\":\"https:\\\/\\\/burgersanitaer.com\\\/de\\\/heizsysteme-kuehlsysteme\\\/heizungsanlagen\\\/#breadcrumb\"},\"inLanguage\":\"de\",\"potentialAction\":[{\"@type\":\"ReadAction\",\"target\":[\"https:\\\/\\\/burgersanitaer.com\\\/de\\\/heizsysteme-kuehlsysteme\\\/heizungsanlagen\\\/\"]}]},{\"@type\":\"BreadcrumbList\",\"@id\":\"https:\\\/\\\/burgersanitaer.com\\\/de\\\/heizsysteme-kuehlsysteme\\\/heizungsanlagen\\\/#breadcrumb\",\"itemListElement\":[{\"@type\":\"ListItem\",\"position\":1,\"name\":\"Startseite\",\"item\":\"https:\\\/\\\/burgersanitaer.com\\\/de\\\/\"},{\"@type\":\"ListItem\",\"position\":2,\"name\":\"HEIZSYSTEME &#038; K\u00dcHLSYSTEME\",\"item\":\"https:\\\/\\\/burgersanitaer.com\\\/de\\\/heizsysteme-kuehlsysteme\\\/\"},{\"@type\":\"ListItem\",\"position\":3,\"name\":\"HEIZUNGSANLAGEN\"}]},{\"@type\":\"WebSite\",\"@id\":\"https:\\\/\\\/burgersanitaer.com\\\/de\\\/#website\",\"url\":\"https:\\\/\\\/burgersanitaer.com\\\/de\\\/\",\"name\":\"Burger Sanit\u00e4r\",\"description\":\"\",\"potentialAction\":[{\"@type\":\"SearchAction\",\"target\":{\"@type\":\"EntryPoint\",\"urlTemplate\":\"https:\\\/\\\/burgersanitaer.com\\\/de\\\/?s={search_term_string}\"},\"query-input\":{\"@type\":\"PropertyValueSpecification\",\"valueRequired\":true,\"valueName\":\"search_term_string\"}}],\"inLanguage\":\"de\"}]}<\/script>\n<!-- \/ Yoast SEO plugin. -->","yoast_head_json":{"title":"BURGER Sanit\u00e4r und Heizung \u2013 Ihr Profi in S\u00fcdtirol","description":"Ihr Heizungsanlagen Profi, gleich ob Pelletsheizung, Hackgutheizung, W\u00e4rmepumpen, Fernw\u00e4rme oder \u00d6l-Gasheizung. Wir beraten Sie gerne und helfen bei der richtigen Entscheidung.","robots":{"index":"index","follow":"follow","max-snippet":"max-snippet:-1","max-image-preview":"max-image-preview:large","max-video-preview":"max-video-preview:-1"},"canonical":"https:\/\/burgersanitaer.com\/de\/heizsysteme-kuehlsysteme\/heizungsanlagen\/","og_locale":"de_DE","og_type":"article","og_title":"BURGER Sanit\u00e4r und Heizung \u2013 Ihr Profi in S\u00fcdtirol","og_description":"Ihr Heizungsanlagen Profi, gleich ob Pelletsheizung, Hackgutheizung, W\u00e4rmepumpen, Fernw\u00e4rme oder \u00d6l-Gasheizung. Wir beraten Sie gerne und helfen bei der richtigen Entscheidung.","og_url":"https:\/\/burgersanitaer.com\/de\/heizsysteme-kuehlsysteme\/heizungsanlagen\/","og_site_name":"Burger Sanit\u00e4r","article_modified_time":"2022-09-08T07:05:06+00:00","twitter_card":"summary_large_image","schema":{"@context":"https:\/\/schema.org","@graph":[{"@type":"WebPage","@id":"https:\/\/burgersanitaer.com\/de\/heizsysteme-kuehlsysteme\/heizungsanlagen\/","url":"https:\/\/burgersanitaer.com\/de\/heizsysteme-kuehlsysteme\/heizungsanlagen\/","name":"BURGER Sanit\u00e4r und Heizung \u2013 Ihr Profi in S\u00fcdtirol","isPartOf":{"@id":"https:\/\/burgersanitaer.com\/de\/#website"},"datePublished":"2022-08-23T13:32:39+00:00","dateModified":"2022-09-08T07:05:06+00:00","description":"Ihr Heizungsanlagen Profi, gleich ob Pelletsheizung, Hackgutheizung, W\u00e4rmepumpen, Fernw\u00e4rme oder \u00d6l-Gasheizung. Wir beraten Sie gerne und helfen bei der richtigen Entscheidung.","breadcrumb":{"@id":"https:\/\/burgersanitaer.com\/de\/heizsysteme-kuehlsysteme\/heizungsanlagen\/#breadcrumb"},"inLanguage":"de","potentialAction":[{"@type":"ReadAction","target":["https:\/\/burgersanitaer.com\/de\/heizsysteme-kuehlsysteme\/heizungsanlagen\/"]}]},{"@type":"BreadcrumbList","@id":"https:\/\/burgersanitaer.com\/de\/heizsysteme-kuehlsysteme\/heizungsanlagen\/#breadcrumb","itemListElement":[{"@type":"ListItem","position":1,"name":"Startseite","item":"https:\/\/burgersanitaer.com\/de\/"},{"@type":"ListItem","position":2,"name":"HEIZSYSTEME &#038; K\u00dcHLSYSTEME","item":"https:\/\/burgersanitaer.com\/de\/heizsysteme-kuehlsysteme\/"},{"@type":"ListItem","position":3,"name":"HEIZUNGSANLAGEN"}]},{"@type":"WebSite","@id":"https:\/\/burgersanitaer.com\/de\/#website","url":"https:\/\/burgersanitaer.com\/de\/","name":"Burger Sanit\u00e4r","description":"","potentialAction":[{"@type":"SearchAction","target":{"@type":"EntryPoint","urlTemplate":"https:\/\/burgersanitaer.com\/de\/?s={search_term_string}"},"query-input":{"@type":"PropertyValueSpecification","valueRequired":true,"valueName":"search_term_string"}}],"inLanguage":"de"}]}},"_links":{"self":[{"href":"https:\/\/burgersanitaer.com\/de\/wp-json\/wp\/v2\/pages\/1030","targetHints":{"allow":["GET"]}}],"collection":[{"href":"https:\/\/burgersanitaer.com\/de\/wp-json\/wp\/v2\/pages"}],"about":[{"href":"https:\/\/burgersanitaer.com\/de\/wp-json\/wp\/v2\/types\/page"}],"author":[{"embeddable":true,"href":"https:\/\/burgersanitaer.com\/de\/wp-json\/wp\/v2\/users\/6"}],"replies":[{"embeddable":true,"href":"https:\/\/burgersanitaer.com\/de\/wp-json\/wp\/v2\/comments?post=1030"}],"version-history":[{"count":24,"href":"https:\/\/burgersanitaer.com\/de\/wp-json\/wp\/v2\/pages\/1030\/revisions"}],"predecessor-version":[{"id":1600,"href":"https:\/\/burgersanitaer.com\/de\/wp-json\/wp\/v2\/pages\/1030\/revisions\/1600"}],"up":[{"embeddable":true,"href":"https:\/\/burgersanitaer.com\/de\/wp-json\/wp\/v2\/pages\/117"}],"wp:attachment":[{"href":"https:\/\/burgersanitaer.com\/de\/wp-json\/wp\/v2\/media?parent=1030"}],"curies":[{"name":"wp","href":"https:\/\/api.w.org\/{rel}","templated":true}]}}